{"id":1147,"date":"2023-01-18T10:58:25","date_gmt":"2023-01-18T10:58:25","guid":{"rendered":"https:\/\/free-iptv-503e93.ingress-earth.ewp.live\/?page_id=1147"},"modified":"2023-01-18T10:58:25","modified_gmt":"2023-01-18T10:58:25","slug":"guides-de-configuration","status":"publish","type":"page","link":"https:\/\/abonnementiptv.cc\/en\/guides-de-configuration\/","title":{"rendered":"Configuration guides"},"content":{"rendered":"<h1>GUIDES DE CONFIGURATION<\/h1>\n<h5><strong>vos \u00e9missions et cha\u00eenes pr\u00e9f\u00e9r\u00e9es sur n&rsquo;importe quel appareil, depuis n&rsquo;importe quel endroit.<\/strong><\/h5>\n<p>[WPSM_AC id=1146]<\/p>\n","protected":false},"excerpt":{"rendered":"<p>GUIDES DE CONFIGURATION vos \u00e9missions et cha\u00eenes pr\u00e9f\u00e9r\u00e9es sur n&rsquo;importe quel appareil, depuis n&rsquo;importe quel endroit. [WPSM_AC id=1146]<\/p>\n","protected":false},"author":1,"featured_media":0,"parent":0,"menu_order":0,"comment_status":"closed","ping_status":"closed","template":"elementor_header_footer","meta":{"_uag_custom_page_level_css":"","footnotes":""},"class_list":["post-1147","page","type-page","status-publish"],"uagb_featured_image_src":{"full":false,"thumbnail":false,"medium":false,"medium_large":false,"large":false,"1536x1536":false,"2048x2048":false,"trp-custom-language-flag":false,"woocommerce_thumbnail":false,"woocommerce_single":false,"woocommerce_gallery_thumbnail":false},"uagb_author_info":{"display_name":"abonnementiptv","author_link":"https:\/\/abonnementiptv.cc\/en\/author\/abonnementiptv\/"},"uagb_comment_info":0,"uagb_excerpt":"GUIDES DE CONFIGURATION vos \u00e9missions et cha\u00eenes pr\u00e9f\u00e9r\u00e9es sur n&rsquo;importe quel appareil, depuis n&rsquo;importe quel endroit. [WPSM_AC id=1146]","_links":{"self":[{"href":"https:\/\/abonnementiptv.cc\/en\/wp-json\/wp\/v2\/pages\/1147","targetHints":{"allow":["GET"]}}],"collection":[{"href":"https:\/\/abonnementiptv.cc\/en\/wp-json\/wp\/v2\/pages"}],"about":[{"href":"https:\/\/abonnementiptv.cc\/en\/wp-json\/wp\/v2\/types\/page"}],"author":[{"embeddable":true,"href":"https:\/\/abonnementiptv.cc\/en\/wp-json\/wp\/v2\/users\/1"}],"replies":[{"embeddable":true,"href":"https:\/\/abonnementiptv.cc\/en\/wp-json\/wp\/v2\/comments?post=1147"}],"version-history":[{"count":0,"href":"https:\/\/abonnementiptv.cc\/en\/wp-json\/wp\/v2\/pages\/1147\/revisions"}],"wp:attachment":[{"href":"https:\/\/abonnementiptv.cc\/en\/wp-json\/wp\/v2\/media?parent=1147"}],"curies":[{"name":"wp","href":"https:\/\/api.w.org\/{rel}","templated":true}]}}