{"id":170,"date":"2016-04-27T20:42:57","date_gmt":"2016-04-27T20:42:57","guid":{"rendered":"https:\/\/oceanwp.org\/underwear\/?page_id=170"},"modified":"2016-04-27T20:42:57","modified_gmt":"2016-04-27T20:42:57","slug":"abonnement-iptv","status":"publish","type":"page","link":"https:\/\/abonnementiptv.cc\/en\/abonnement-iptv\/","title":{"rendered":"IPTV subscription"},"content":{"rendered":"<div id=\"ez-toc-container\" class=\"ez-toc-v2_0_82_2 counter-hierarchy ez-toc-counter ez-toc-grey ez-toc-container-direction\">\n<div class=\"ez-toc-title-container\">\n<p class=\"ez-toc-title\" style=\"cursor:inherit\">Table of Contents<\/p>\n<span class=\"ez-toc-title-toggle\"><a href=\"#\" class=\"ez-toc-pull-right ez-toc-btn ez-toc-btn-xs ez-toc-btn-default ez-toc-toggle\" aria-label=\"Toggle Table of Content\"><span class=\"ez-toc-js-icon-con\"><span class=\"\"><span class=\"eztoc-hide\" style=\"display:none;\">Toggle<\/span><span class=\"ez-toc-icon-toggle-span\"><svg style=\"fill: #999;color:#999\" xmlns=\"http:\/\/www.w3.org\/2000\/svg\" class=\"list-377408\" width=\"20px\" height=\"20px\" viewbox=\"0 0 24 24\" fill=\"none\"><path d=\"M6 6H4v2h2V6zm14 0H8v2h12V6zM4 11h2v2H4v-2zm16 0H8v2h12v-2zM4 16h2v2H4v-2zm16 0H8v2h12v-2z\" fill=\"currentColor\"><\/path><\/svg><svg style=\"fill: #999;color:#999\" class=\"arrow-unsorted-368013\" xmlns=\"http:\/\/www.w3.org\/2000\/svg\" width=\"10px\" height=\"10px\" viewbox=\"0 0 24 24\" version=\"1.2\" baseprofile=\"tiny\"><path d=\"M18.2 9.3l-6.2-6.3-6.2 6.3c-.2.2-.3.4-.3.7s.1.5.3.7c.2.2.4.3.7.3h11c.3 0 .5-.1.7-.3.2-.2.3-.5.3-.7s-.1-.5-.3-.7zM5.8 14.7l6.2 6.3 6.2-6.3c.2-.2.3-.5.3-.7s-.1-.5-.3-.7c-.2-.2-.4-.3-.7-.3h-11c-.3 0-.5.1-.7.3-.2.2-.3.5-.3.7s.1.5.3.7z\"\/><\/svg><\/span><\/span><\/span><\/a><\/span><\/div>\n<nav><ul class='ez-toc-list ez-toc-list-level-1' ><li class='ez-toc-page-1 ez-toc-heading-level-2'><a class=\"ez-toc-link ez-toc-heading-1\" href=\"https:\/\/abonnementiptv.cc\/en\/abonnement-iptv\/#Up_to_20_off\" >Up to 20% off<\/a><\/li><li class='ez-toc-page-1 ez-toc-heading-level-2'><a class=\"ez-toc-link ez-toc-heading-2\" href=\"https:\/\/abonnementiptv.cc\/en\/abonnement-iptv\/#MEILLEUR_ABONNEMENT_IPTV\" >MEILLEUR ABONNEMENT \n IPTV!<\/a><ul class='ez-toc-list-level-3' ><li class='ez-toc-heading-level-3'><a class=\"ez-toc-link ez-toc-heading-3\" href=\"https:\/\/abonnementiptv.cc\/en\/abonnement-iptv\/#abonnement_iptv_pas_cher\" >abonnement iptv pas cher<\/a><\/li><li class='ez-toc-page-1 ez-toc-heading-level-3'><a class=\"ez-toc-link ez-toc-heading-4\" href=\"https:\/\/abonnementiptv.cc\/en\/abonnement-iptv\/#EXCELENTE_QUALITE\" >EXCELENTE QUALIT\u00c9<\/a><\/li><li class='ez-toc-page-1 ez-toc-heading-level-3'><a class=\"ez-toc-link ez-toc-heading-5\" href=\"https:\/\/abonnementiptv.cc\/en\/abonnement-iptv\/#247_Customer_Service\" >24\/7 Customer Service<\/a><\/li><\/ul><\/li><li class='ez-toc-page-1 ez-toc-heading-level-2'><a class=\"ez-toc-link ez-toc-heading-6\" href=\"https:\/\/abonnementiptv.cc\/en\/abonnement-iptv\/#Achetez_maintenant\" >Achetez maintenant<\/a><\/li><li class='ez-toc-page-1 ez-toc-heading-level-2'><a class=\"ez-toc-link ez-toc-heading-7\" href=\"https:\/\/abonnementiptv.cc\/en\/abonnement-iptv\/#DIFFUSEZ_DES_MATCHES_EN_DIRECT_FILMS_ET_SERIES_ILLIMITES_EN_UN_SEUL_ABONNEMENT\" >DIFFUSEZ DES MATCHES EN DIRECT FILMS ET S\u00c9RIES ILLIMIT\u00c9S EN UN SEUL ABONNEMENT<\/a><\/li><li class='ez-toc-page-1 ez-toc-heading-level-2'><a class=\"ez-toc-link ez-toc-heading-8\" href=\"https:\/\/abonnementiptv.cc\/en\/abonnement-iptv\/#meilleur_abonnement_IPTV\" >meilleur abonnement IPTV<\/a><\/li><li class='ez-toc-page-1 ez-toc-heading-level-2'><a class=\"ez-toc-link ez-toc-heading-9\" href=\"https:\/\/abonnementiptv.cc\/en\/abonnement-iptv\/#MEILLEUR_OFFERS_IPTV_SERVER\" >MEILLEUR OFFERS IPTV SERVER<\/a><ul class='ez-toc-list-level-3' ><li class='ez-toc-heading-level-3'><a class=\"ez-toc-link ez-toc-heading-10\" href=\"https:\/\/abonnementiptv.cc\/en\/abonnement-iptv\/#QUELQUE_SOIT_VOTRE_APPAREIL\" >QUELQUE SOIT VOTRE APPAREIL !<\/a><\/li><\/ul><\/li><li class='ez-toc-page-1 ez-toc-heading-level-2'><a class=\"ez-toc-link ez-toc-heading-11\" href=\"https:\/\/abonnementiptv.cc\/en\/abonnement-iptv\/#Devenez_Revendeur_IPTV\" >Devenez Revendeur IPTV<\/a><\/li><li class='ez-toc-page-1 ez-toc-heading-level-2'><a class=\"ez-toc-link ez-toc-heading-12\" href=\"https:\/\/abonnementiptv.cc\/en\/abonnement-iptv\/#Methodes_de_Payement\" >M\u00e9thodes de Payement<\/a><\/li><\/ul><\/nav><\/div>\n<h2><span class=\"ez-toc-section\" id=\"Up_to_20_off\"><\/span>Up to 20% off<span class=\"ez-toc-section-end\"><\/span><\/h2>\n<h2><span class=\"ez-toc-section\" id=\"MEILLEUR_ABONNEMENT_IPTV\"><\/span>MEILLEUR ABONNEMENT<br \/>\n IPTV!<span class=\"ez-toc-section-end\"><\/span><\/h2>\n<p>\u00a0abonnement iptv avec + 17000 Chaines en Qualit\u00e9 4K\/Full HD\/HD\/SD et des films et s\u00e9ries en Illimit\u00e9, Toute la T\u00e9l\u00e9 que vous Aimez en un Seul Abonnement 4K avec une Diffusion multi-\u00e9crans Sans coupures ni Tracas.<\/p>\n<p>\t\t\t<a href=\"https:\/\/free-iptv-503e93.ingress-earth.ewp.live\/shop\/\" target=\"_blank\" rel=\"noopener\"><br \/>\n\t\t\t\t\t\t\t\t\tShop now<br \/>\n\t\t\t\t\t<\/a><\/p>\n<h3><span class=\"ez-toc-section\" id=\"abonnement_iptv_pas_cher\"><\/span>\n\t\t\t\t\t\t\tabonnement iptv pas cher<br \/>\n\t\t\t\t\t<span class=\"ez-toc-section-end\"><\/span><\/h3>\n<p>\n\t\t\t\t\t\tsommes toujours en mesure d\u2019offrir \u00e0 nos clients la plus large gamme de services aux meilleurs prix.\t\t\t\t\t<\/p>\n<h3><span class=\"ez-toc-section\" id=\"EXCELENTE_QUALITE\"><\/span>\n\t\t\t\t\t\t\tEXCELENTE QUALIT\u00c9<br \/>\n\t\t\t\t\t<span class=\"ez-toc-section-end\"><\/span><\/h3>\n<p>\n\t\t\t\t\t\tDes milliers de clients satisfaits reviennent sans cesse gr\u00e2ce \u00e0 la haute qualit\u00e9 de notre service aboonement iptv.\t\t\t\t\t<\/p>\n<h3><span class=\"ez-toc-section\" id=\"247_Customer_Service\"><\/span>\n\t\t\t\t\t\t\t24\/7 Customer Service<br \/>\n\t\t\t\t\t<span class=\"ez-toc-section-end\"><\/span><\/h3>\n<p>\n\t\t\t\t\t\tCall Us 24\/7 At +212706797762\t\t\t\t\t<\/p>\n<h2><span class=\"ez-toc-section\" id=\"Achetez_maintenant\"><\/span>Achetez maintenant<span class=\"ez-toc-section-end\"><\/span><\/h2>\n<p>\t\t\t\t\t\t\t\t\t\t\t\t\t\t<a href=\"https:\/\/wa.me\/message\/PICY4D4V3MCIH1\" target=\"_blank\" rel=\"noopener\"><br \/>\n\t\t\t\t\t\t\t<img decoding=\"async\" width=\"600\" height=\"181\" src=\"https:\/\/free-iptv-503e93.ingress-earth.ewp.live\/wp-content\/uploads\/2023\/04\/whatsapp.png\" alt=\"whatsapp\" srcset=\"https:\/\/free-iptv-503e93.ingress-earth.ewp.live\/wp-content\/uploads\/2023\/04\/whatsapp.png 600w, https:\/\/free-iptv-503e93.ingress-earth.ewp.live\/wp-content\/uploads\/2023\/04\/whatsapp-200x60.png 200w, https:\/\/free-iptv-503e93.ingress-earth.ewp.live\/wp-content\/uploads\/2023\/04\/whatsapp-510x154.png 510w\" sizes=\"(max-width: 600px) 100vw, 600px\" \/>\t\t\t\t\t\t\t\t<\/a><br \/>\n\t\t\t\t\t\t\t\t\t\t\t\t\t\t<a href=\"https:\/\/t.me\/AbonnementIPTVfr24\"><br \/>\n\t\t\t\t\t\t\t<img decoding=\"async\" width=\"160\" height=\"160\" src=\"https:\/\/free-iptv-503e93.ingress-earth.ewp.live\/wp-content\/uploads\/2023\/12\/Telegram-160x160.webp\" alt=\"Telegram\" srcset=\"https:\/\/free-iptv-503e93.ingress-earth.ewp.live\/wp-content\/uploads\/2023\/12\/Telegram-160x160.webp 160w, https:\/\/free-iptv-503e93.ingress-earth.ewp.live\/wp-content\/uploads\/2023\/12\/Telegram-100x100.webp 100w\" sizes=\"(max-width: 160px) 100vw, 160px\" \/>\t\t\t\t\t\t\t\t<\/a><\/p>\n<figure><img decoding=\"async\" src=\"https:\/\/free-iptv-503e93.ingress-earth.ewp.live\/wp-content\/uploads\/2023\/03\/e-q3ssok2cbgon7aro3the3e1gpuvrqoizpda1wksxtq.png\" alt=\"nba tv\" \/><\/figure>\n<figure><img decoding=\"async\" src=\"https:\/\/free-iptv-503e93.ingress-earth.ewp.live\/wp-content\/uploads\/2023\/03\/f-q3sspiudcc094vd5gqil5n9ip44cnhd265f0ntddfi.png\" alt=\"netflix\" \/><\/figure>\n<figure><img decoding=\"async\" src=\"https:\/\/free-iptv-503e93.ingress-earth.ewp.live\/wp-content\/uploads\/2023\/03\/g-q3sspwxy6ujjz0so6elzp1pflw6uuxx1837auysgu6.png\" alt=\"sky sports\" \/><\/figure>\n<figure><img decoding=\"async\" src=\"https:\/\/free-iptv-503e93.ingress-earth.ewp.live\/wp-content\/uploads\/2023\/03\/h-q3ssqhmed7bv2fymtnjs7whkodcxka74mxjzf1xt1a-1.png\" alt=\"hbo max\" \/><\/figure>\n<figure><img decoding=\"async\" src=\"https:\/\/free-iptv-503e93.ingress-earth.ewp.live\/wp-content\/uploads\/2023\/03\/d-q3ssnzdw53wc3vlpgkjlkj9bndpp1c8waixdchnlmm-1.png\" alt=\"canal+\" \/><\/figure>\n<figure><img decoding=\"async\" src=\"https:\/\/free-iptv-503e93.ingress-earth.ewp.live\/wp-content\/uploads\/2023\/03\/c-q3ssnigsq396awaa7d8bbnj0yg136sdq876mpicoqm-1.png\" alt=\"fox sports\" \/><\/figure>\n<figure><img decoding=\"async\" src=\"https:\/\/free-iptv-503e93.ingress-earth.ewp.live\/wp-content\/uploads\/2023\/03\/b-q3ssms5beq959tcih1urdu64bnmt79h8skx19rfpku.png\" alt=\"disnep\" \/><\/figure>\n<figure><img decoding=\"async\" src=\"https:\/\/free-iptv-503e93.ingress-earth.ewp.live\/wp-content\/uploads\/2023\/03\/a-q3ssm4ncnvcz7kana9p35i3lh0umutvydclw9uejwe.png\" alt=\"bein sports\" \/><\/figure>\n<p>\t\t\t\t\t\t\t\t\t\t\t\t\t<img decoding=\"async\" width=\"640\" height=\"636\" src=\"https:\/\/free-iptv-503e93.ingress-earth.ewp.live\/wp-content\/uploads\/2022\/12\/b09q2z2ntfz81.webp\" alt=\"abonnement iptv\" srcset=\"https:\/\/free-iptv-503e93.ingress-earth.ewp.live\/wp-content\/uploads\/2022\/12\/b09q2z2ntfz81.webp 640w, https:\/\/free-iptv-503e93.ingress-earth.ewp.live\/wp-content\/uploads\/2022\/12\/b09q2z2ntfz81-100x100.webp 100w, https:\/\/free-iptv-503e93.ingress-earth.ewp.live\/wp-content\/uploads\/2022\/12\/b09q2z2ntfz81-510x507.webp 510w, https:\/\/free-iptv-503e93.ingress-earth.ewp.live\/wp-content\/uploads\/2022\/12\/b09q2z2ntfz81-300x298.webp 300w, https:\/\/free-iptv-503e93.ingress-earth.ewp.live\/wp-content\/uploads\/2022\/12\/b09q2z2ntfz81-150x150.webp 150w\" sizes=\"(max-width: 640px) 100vw, 640px\" \/>\t\t\t\t\t\t\t\t\t\t\t\t\t<\/p>\n<h2><span class=\"ez-toc-section\" id=\"DIFFUSEZ_DES_MATCHES_EN_DIRECT_FILMS_ET_SERIES_ILLIMITES_EN_UN_SEUL_ABONNEMENT\"><\/span>DIFFUSEZ DES MATCHES EN DIRECT FILMS ET S\u00c9RIES ILLIMIT\u00c9S EN UN SEUL ABONNEMENT<span class=\"ez-toc-section-end\"><\/span><\/h2>\n<p>Enjoy a <strong>abonnement iptv<\/strong> de Haut Qualit\u00e9 et stable, avec + 11000 Chaines Mondiales, ainsi que Toutes les chaines Payantes en Qualit\u00e9 4K\/Full HD \/HD et SD, Regardez vos matchs \u00e0 la maison ou en d\u00e9placement, et diffusez en direct les matchs des principales ligues professionnelles, notamment La coupe du monde, la Ligue des champions de l\u2019UEFA, la NBA, la NHL, la NFL, etc.<\/p>\n<p>Vous recherchez des cha\u00eenes de sports, de drames, d&rsquo;actualit\u00e9s, d&rsquo;\u00e9missions familiales, d&rsquo;humour du monde entier\u00a0? La meilleure IPTV vous couvre avec plus de +10000 cha\u00eenes FHD en direct. De plus, nous avons une section de demande o\u00f9 vous pouvez faire des demandes de cha\u00eenes et de contenus, notre \u00e9quipe l&rsquo;ajoutera pour vous. Nous fournissons des cha\u00eenes en direct sud-am\u00e9ricaines, nord-am\u00e9ricaines, europ\u00e9ennes, britanniques, indiennes, arabes, africaines, turques, latines et presque toutes.<\/p>\n<p>\t\t\t\t\t\t\t\t\t\t\t\t\t<img decoding=\"async\" width=\"750\" height=\"430\" src=\"https:\/\/free-iptv-503e93.ingress-earth.ewp.live\/wp-content\/uploads\/2023\/03\/2023-shows.webp\" alt=\"abonnement iptv\" srcset=\"https:\/\/free-iptv-503e93.ingress-earth.ewp.live\/wp-content\/uploads\/2023\/03\/2023-shows.webp 750w, https:\/\/free-iptv-503e93.ingress-earth.ewp.live\/wp-content\/uploads\/2023\/03\/2023-shows-640x367.webp 640w, https:\/\/free-iptv-503e93.ingress-earth.ewp.live\/wp-content\/uploads\/2023\/03\/2023-shows-320x183.webp 320w, https:\/\/free-iptv-503e93.ingress-earth.ewp.live\/wp-content\/uploads\/2023\/03\/2023-shows-510x292.webp 510w\" sizes=\"(max-width: 750px) 100vw, 750px\" \/>\t\t\t\t\t\t\t\t\t\t\t\t\t<\/p>\n<section data-id=\"d115fa8\" data-element_type=\"section\">\n<h2><span class=\"ez-toc-section\" id=\"meilleur_abonnement_IPTV\"><\/span>meilleur abonnement IPTV<span class=\"ez-toc-section-end\"><\/span><\/h2>\n<\/section>\n<section data-id=\"bc878f4\" data-element_type=\"section\">\n<p>Cessez de payer des fortunes pour vos chaines favorites, et bienvenue dans le monde de Smart IPTV<\/p>\n<p>D\u00e9couvrez\u00a0nos offres iptv, plus de 65000 chaines 4K\/FHD\/HD\/SD on vous offres une tr\u00e8s grande vari\u00e9t\u00e9 de bouquets de chaines (France, Italie, Germanie, Hollande, Suisse, Belgique, arabes \u2026) et plusieurs FILMS VOD (FILMS, SERIES, DOCUMENTAIRE, DESSIN ANIMME \u2026 ). Le meilleur abonnement IPTV disponible.<\/p>\n<\/section>\n<section data-id=\"55fa62d\" data-element_type=\"section\">\n<h2><span class=\"ez-toc-section\" id=\"MEILLEUR_OFFERS_IPTV_SERVER\"><\/span>MEILLEUR OFFERS IPTV SERVER<span class=\"ez-toc-section-end\"><\/span><\/h2>\n<\/section>\n<section data-id=\"04893cf\" data-element_type=\"section\">\n<p>\u00a0Choisissez l\u2019un des packs ci-dessous et remplissez le bon de commande. Vous recevrez un courrier \u00e9lectronique contenant des options de paiement. Une fois le paiement effectu\u00e9 vous recevrez votre compte !<\/p>\n<\/section>\n<h3><span class=\"ez-toc-section\" id=\"QUELQUE_SOIT_VOTRE_APPAREIL\"><\/span>QUELQUE SOIT VOTRE APPAREIL !<span class=\"ez-toc-section-end\"><\/span><\/h3>\n<p>\u00a0Nous disposez d\u2019un Smartphone ,tablette sous Android ou IOS ou autres En voiture ou dans votre bureau ne ratez plus vos \u00e9missions et matchs pr\u00e9f\u00e9r\u00e9s .<\/p>\n<p>Vous habitez un appartement o\u00f9 vous ne pouvez pas installer d\u2019antenne parabolique pour recevoir vos cha\u00eenes pr\u00e9f\u00e9r\u00e9es. Profiter de vos chaines TV via votre connexion Internet, que ce soit sur votre\u00a0<strong>PC, tablette , smartphone, Smart TV, ENIGMA2, MAG<\/strong>\u00a0\u2026<\/p>\n<p>Et quelque soit votre emplacement g\u00e9ographique sur terre !<\/p>\n<h2><span class=\"ez-toc-section\" id=\"Devenez_Revendeur_IPTV\"><\/span>Devenez Revendeur IPTV<span class=\"ez-toc-section-end\"><\/span><\/h2>\n<p>\t\t\t\t\t\t\t\t\t\t\t\t\t\t<a href=\"https:\/\/wa.me\/message\/PICY4D4V3MCIH1\" target=\"_blank\" rel=\"noopener\"><br \/>\n\t\t\t\t\t\t\t<img decoding=\"async\" width=\"600\" height=\"181\" src=\"https:\/\/free-iptv-503e93.ingress-earth.ewp.live\/wp-content\/uploads\/2023\/04\/whatsapp.png\" alt=\"whatsapp\" srcset=\"https:\/\/free-iptv-503e93.ingress-earth.ewp.live\/wp-content\/uploads\/2023\/04\/whatsapp.png 600w, https:\/\/free-iptv-503e93.ingress-earth.ewp.live\/wp-content\/uploads\/2023\/04\/whatsapp-200x60.png 200w, https:\/\/free-iptv-503e93.ingress-earth.ewp.live\/wp-content\/uploads\/2023\/04\/whatsapp-510x154.png 510w\" sizes=\"(max-width: 600px) 100vw, 600px\" \/>\t\t\t\t\t\t\t\t<\/a><br \/>\n\t\t\t\t\t\t\t\t\t\t\t\t\t\t<a href=\"https:\/\/t.me\/AbonnementIPTVfr24\"><br \/>\n\t\t\t\t\t\t\t<img decoding=\"async\" width=\"160\" height=\"160\" src=\"https:\/\/free-iptv-503e93.ingress-earth.ewp.live\/wp-content\/uploads\/2023\/12\/Telegram-160x160.webp\" alt=\"Telegram\" srcset=\"https:\/\/free-iptv-503e93.ingress-earth.ewp.live\/wp-content\/uploads\/2023\/12\/Telegram-160x160.webp 160w, https:\/\/free-iptv-503e93.ingress-earth.ewp.live\/wp-content\/uploads\/2023\/12\/Telegram-100x100.webp 100w\" sizes=\"(max-width: 160px) 100vw, 160px\" \/>\t\t\t\t\t\t\t\t<\/a><\/p>\n<h2><span class=\"ez-toc-section\" id=\"Methodes_de_Payement\"><\/span>M\u00e9thodes de Payement<span class=\"ez-toc-section-end\"><\/span><\/h2>\n<figure><img decoding=\"async\" src=\"https:\/\/free-iptv-503e93.ingress-earth.ewp.live\/wp-content\/uploads\/2023\/04\/WesternUnion_primarylockup_Yellow_blk-640x334.jpg\" alt=\"WesternUnion\" \/><\/figure>\n<figure><img decoding=\"async\" src=\"https:\/\/free-iptv-503e93.ingress-earth.ewp.live\/wp-content\/uploads\/2023\/04\/moneygram-logo-vector-640x356.png\" alt=\"moneygram\" \/><\/figure>\n<figure><img decoding=\"async\" src=\"https:\/\/free-iptv-503e93.ingress-earth.ewp.live\/wp-content\/uploads\/2023\/04\/Logo_Full_Horizontal_RGB_Midnight-640x334.jpg\" alt=\"remitly\" \/><\/figure>\n<figure><img decoding=\"async\" src=\"https:\/\/free-iptv-503e93.ingress-earth.ewp.live\/wp-content\/uploads\/2023\/04\/share_landscape-640x336.webp\" alt=\"wise\" \/><\/figure>","protected":false},"excerpt":{"rendered":"<p>Up to 20% off MEILLEUR ABONNEMENT IPTV! \u00a0abonnement iptv avec + 17000 Chaines en Qualit\u00e9 4K\/Full HD\/HD\/SD et des films et s\u00e9ries en Illimit\u00e9, Toute la T\u00e9l\u00e9 que vous Aimez en un Seul Abonnement 4K avec une Diffusion multi-\u00e9crans Sans coupures ni Tracas. Shop now abonnement iptv pas cher sommes toujours en mesure d\u2019offrir \u00e0 &#8230; <a title=\"IPTV subscription\" class=\"read-more\" href=\"https:\/\/abonnementiptv.cc\/en\/abonnement-iptv\/\" aria-label=\"Read more about Abonnement IPTV\">Read more<\/a><\/p>","protected":false},"author":1,"featured_media":0,"parent":0,"menu_order":0,"comment_status":"closed","ping_status":"closed","template":"","meta":{"_uag_custom_page_level_css":"","footnotes":""},"class_list":["post-170","page","type-page","status-publish"],"uagb_featured_image_src":{"full":false,"thumbnail":false,"medium":false,"medium_large":false,"large":false,"1536x1536":false,"2048x2048":false,"trp-custom-language-flag":false,"woocommerce_thumbnail":false,"woocommerce_single":false,"woocommerce_gallery_thumbnail":false},"uagb_author_info":{"display_name":"abonnementiptv","author_link":"https:\/\/abonnementiptv.cc\/en\/author\/abonnementiptv\/"},"uagb_comment_info":0,"uagb_excerpt":"Up to 20% off MEILLEUR ABONNEMENT IPTV! \u00a0abonnement iptv avec + 17000 Chaines en Qualit\u00e9 4K\/Full HD\/HD\/SD et des films et s\u00e9ries en Illimit\u00e9, Toute la T\u00e9l\u00e9 que vous Aimez en un Seul Abonnement 4K avec une Diffusion multi-\u00e9crans Sans coupures ni Tracas. Shop now abonnement iptv pas cher sommes toujours en mesure d\u2019offrir \u00e0&hellip;","_links":{"self":[{"href":"https:\/\/abonnementiptv.cc\/en\/wp-json\/wp\/v2\/pages\/170","targetHints":{"allow":["GET"]}}],"collection":[{"href":"https:\/\/abonnementiptv.cc\/en\/wp-json\/wp\/v2\/pages"}],"about":[{"href":"https:\/\/abonnementiptv.cc\/en\/wp-json\/wp\/v2\/types\/page"}],"author":[{"embeddable":true,"href":"https:\/\/abonnementiptv.cc\/en\/wp-json\/wp\/v2\/users\/1"}],"replies":[{"embeddable":true,"href":"https:\/\/abonnementiptv.cc\/en\/wp-json\/wp\/v2\/comments?post=170"}],"version-history":[{"count":0,"href":"https:\/\/abonnementiptv.cc\/en\/wp-json\/wp\/v2\/pages\/170\/revisions"}],"wp:attachment":[{"href":"https:\/\/abonnementiptv.cc\/en\/wp-json\/wp\/v2\/media?parent=170"}],"curies":[{"name":"wp","href":"https:\/\/api.w.org\/{rel}","templated":true}]}}