{"id":247,"date":"2024-11-09T21:33:20","date_gmt":"2024-11-09T21:33:20","guid":{"rendered":"https:\/\/free-iptv-503e93.ingress-earth.ewp.live\/home\/"},"modified":"2025-06-25T19:18:09","modified_gmt":"2025-06-25T17:18:09","slug":"home","status":"publish","type":"page","link":"https:\/\/abonnementiptv.cc\/en\/home\/","title":{"rendered":"IPTV subscription"},"content":{"rendered":"<div class=\"wp-block-uagb-container uagb-block-ec8afd30 alignfull uagb-is-root-container\"><div class=\"uagb-container-inner-blocks-wrap\">\n<div class=\"wp-block-uagb-container uagb-block-ea09345d\">\n<div class=\"wp-block-uagb-advanced-heading uagb-block-9242a842\"><h1 class=\"uagb-heading-text\">BEST IPTV SUBSCRIPTION!<br>\u200b<\/h1><p class=\"uagb-desc-text\">abonnement iptv avec + 36000 Chaines en Qualit\u00e9 4K\/Full HD\/HD\/SD et des films et s\u00e9ries en Illimit\u00e9, Toute la T\u00e9l\u00e9 que vous Aimez en un Seul Abonnement 4K avec une Diffusion multi-\u00e9crans Sans coupures ni Tracas.<br><a href=\"https:\/\/free-iptv-503e93.ingress-earth.ewp.live\/shop\/\" target=\"_blank\" rel=\"noopener\"><\/a><\/p><\/div>\n<\/div>\n\n\n\n<div class=\"wp-block-uagb-container uagb-block-5ed0773f\">\n<div class=\"wp-block-uagb-image aligncenter uagb-block-43721967 wp-block-uagb-image--layout-default wp-block-uagb-image--effect-static wp-block-uagb-image--align-center\"><figure class=\"wp-block-uagb-image__figure\"><img decoding=\"async\" srcset=\"\" sizes=\"auto, (max-width: 480px) 150px\" src=\"Best IPTV for Football: A Guide for the Ultimate Football Fan\" alt=\"abonnement iptv\" class=\"uag-image-5112\" width=\"622\" height=\"500\" title=\"abonnement iptv\" loading=\"lazy\" role=\"img\" data-srcset=\"\"\/><\/figure><\/div>\n<\/div>\n<\/div><\/div>\n\n\n\n<div class=\"wp-block-uagb-container uagb-layout-flex uagb-block-fe6f66a9 alignfull uagb-is-root-container\"><div class=\"uagb-container-inner-blocks-wrap\">\n<div class=\"wp-block-uagb-container uagb-block-b62136da\">\n<div class=\"wp-block-uagb-advanced-heading uagb-block-b35ffb4a\"><h6 class=\"uagb-heading-text\">Test IPTV subscription<\/h6><\/div>\n<\/div>\n\n\n\n<div class=\"wp-block-uagb-container uagb-layout-grid uagb-block-a5c1d9a6\">\n<div class=\"wp-block-uagb-image uagb-block-6c5fb40a wp-block-uagb-image--layout-default wp-block-uagb-image--effect-static wp-block-uagb-image--align-none\"><figure class=\"wp-block-uagb-image__figure\"><img decoding=\"async\" srcset=\"https:\/\/abonnementiptv.cc\/wp-content\/uploads\/2025\/02\/Canal-Logo.png ,https:\/\/abonnementiptv.cc\/wp-content\/uploads\/2025\/02\/Canal-Logo.png 780w, https:\/\/abonnementiptv.cc\/wp-content\/uploads\/2025\/02\/Canal-Logo.png 360w\" sizes=\"auto, (max-width: 480px) 150px\" src=\"https:\/\/abonnementiptv.cc\/wp-content\/uploads\/2025\/02\/Canal-Logo.png\" alt=\"canal\" class=\"uag-image-8668\" width=\"128\" height=\"34\" title=\"Canal-Logo\" loading=\"lazy\" role=\"img\"\/><\/figure><\/div>\n\n\n\n<div class=\"wp-block-uagb-image uagb-block-8517b565 wp-block-uagb-image--layout-default wp-block-uagb-image--effect-static wp-block-uagb-image--align-none\"><figure class=\"wp-block-uagb-image__figure\"><img decoding=\"async\" srcset=\"https:\/\/abonnementiptv.cc\/wp-content\/uploads\/2024\/11\/beIN-SPORTS.jpg ,https:\/\/abonnementiptv.cc\/wp-content\/uploads\/2024\/11\/beIN-SPORTS.jpg 780w, https:\/\/abonnementiptv.cc\/wp-content\/uploads\/2024\/11\/beIN-SPORTS.jpg 360w\" sizes=\"auto, (max-width: 480px) 150px\" src=\"https:\/\/abonnementiptv.cc\/wp-content\/uploads\/2024\/11\/beIN-SPORTS.jpg\" alt=\"beIN-SPORTS\" class=\"uag-image-1554\" width=\"85\" height=\"40\" title=\"beIN-SPORTS\" loading=\"lazy\" role=\"img\"\/><\/figure><\/div>\n\n\n\n<div class=\"wp-block-uagb-image uagb-block-81eeaaec wp-block-uagb-image--layout-default wp-block-uagb-image--effect-static wp-block-uagb-image--align-none\"><figure class=\"wp-block-uagb-image__figure\"><img decoding=\"async\" srcset=\"https:\/\/abonnementiptv.cc\/wp-content\/uploads\/2025\/02\/dazn.png ,https:\/\/abonnementiptv.cc\/wp-content\/uploads\/2025\/02\/dazn.png 780w, https:\/\/abonnementiptv.cc\/wp-content\/uploads\/2025\/02\/dazn.png 360w\" sizes=\"auto, (max-width: 480px) 150px\" src=\"https:\/\/abonnementiptv.cc\/wp-content\/uploads\/2025\/02\/dazn.png\" alt=\"dazn\" class=\"uag-image-8669\" width=\"107\" height=\"24\" title=\"dazn\" loading=\"lazy\" role=\"img\"\/><\/figure><\/div>\n\n\n\n<div class=\"wp-block-uagb-image uagb-block-55f3ec41 wp-block-uagb-image--layout-default wp-block-uagb-image--effect-static wp-block-uagb-image--align-none\"><figure class=\"wp-block-uagb-image__figure\"><img decoding=\"async\" srcset=\"https:\/\/abonnementiptv.cc\/wp-content\/uploads\/2025\/02\/HBO_MAX.png ,https:\/\/abonnementiptv.cc\/wp-content\/uploads\/2025\/02\/HBO_MAX.png 780w, https:\/\/abonnementiptv.cc\/wp-content\/uploads\/2025\/02\/HBO_MAX.png 360w\" sizes=\"auto, (max-width: 480px) 150px\" src=\"https:\/\/abonnementiptv.cc\/wp-content\/uploads\/2025\/02\/HBO_MAX.png\" alt=\"hbo\" class=\"uag-image-8670\" width=\"125\" height=\"30\" title=\"HBO_MAX\" loading=\"lazy\" role=\"img\"\/><\/figure><\/div>\n<\/div>\n<\/div><\/div>\n\n\n\n<div class=\"wp-block-uagb-container uagb-block-8fd378f7 alignfull uagb-is-root-container\"><div class=\"uagb-container-inner-blocks-wrap\">\n<div class=\"wp-block-uagb-container uagb-layout-grid uagb-block-2ae55649 alignfull uagb-is-root-container\"><div class=\"uagb-container-inner-blocks-wrap\">\n<div class=\"wp-block-uagb-image aligncenter uagb-block-e7fe8250 wp-block-uagb-image--layout-default wp-block-uagb-image--effect-static wp-block-uagb-image--align-center alignleft\"><figure class=\"wp-block-uagb-image__figure\"><img decoding=\"async\" srcset=\"https:\/\/abonnementiptv.cc\/wp-content\/uploads\/2024\/11\/football-iptv-1-1024x576.avif ,https:\/\/abonnementiptv.cc\/wp-content\/uploads\/2024\/11\/football-iptv-1.avif 780w, https:\/\/abonnementiptv.cc\/wp-content\/uploads\/2024\/11\/football-iptv-1.avif 360w\" sizes=\"auto, (max-width: 480px) 150px\" src=\"https:\/\/abonnementiptv.cc\/wp-content\/uploads\/2024\/11\/football-iptv-1-1024x576.avif\" alt=\"football iptv\" class=\"uag-image-1548\" width=\"1024\" height=\"576\" title=\"football iptv\" loading=\"lazy\" role=\"img\"\/><\/figure><\/div>\n\n\n\n<div class=\"wp-block-uagb-info-box uagb-block-8b21a6ab uagb-infobox__content-wrap  uagb-infobox-icon-above-title uagb-infobox-image-valign-top\"><div class=\"uagb-ifb-content\"><div class=\"uagb-ifb-title-wrap\"><h2 class=\"uagb-ifb-title\">STREAM LIVE MATCHES SUBSCRIPTION ONLY<\/h2><\/div><p class=\"uagb-ifb-desc\">Enjoy a&nbsp;<strong>abonnement iptv<\/strong>&nbsp;de Haut Qualit\u00e9 et stable, avec + 11000 Chaines Mondiales, ainsi que Toutes les chaines Payantes en Qualit\u00e9 4K\/Full HD \/HD et SD, Regardez vos matchs \u00e0 la maison ou en d\u00e9placement, et diffusez en direct les matchs des principales ligues professionnelles, notamment La coupe du monde, la Ligue des champions de l\u2019UEFA, la NBA, la NHL, la NFL, etc.<br><\/p><\/div><\/div>\n<\/div><\/div>\n\n\n\n<div class=\"wp-block-uagb-container uagb-layout-grid uagb-block-a376c7b4 alignfull uagb-is-root-container\"><div class=\"uagb-container-inner-blocks-wrap\">\n<div class=\"wp-block-uagb-image alignleft uagb-block-009cfea4 wp-block-uagb-image--layout-default wp-block-uagb-image--effect-static wp-block-uagb-image--align-left\"><figure class=\"wp-block-uagb-image__figure\"><img decoding=\"async\" srcset=\"https:\/\/abonnementiptv.cc\/wp-content\/uploads\/2024\/11\/movies-iptv-1-1024x576.png ,https:\/\/abonnementiptv.cc\/wp-content\/uploads\/2024\/11\/movies-iptv-1.png 780w, https:\/\/abonnementiptv.cc\/wp-content\/uploads\/2024\/11\/movies-iptv-1.png 360w\" sizes=\"auto, (max-width: 480px) 150px\" src=\"https:\/\/abonnementiptv.cc\/wp-content\/uploads\/2024\/11\/movies-iptv-1-1024x576.png\" alt=\"movies iptv\" class=\"uag-image-1549\" width=\"1024\" height=\"576\" title=\"movies iptv\" loading=\"lazy\" role=\"img\"\/><\/figure><\/div>\n\n\n\n<div class=\"wp-block-uagb-info-box uagb-block-4a673375 uagb-infobox__content-wrap  uagb-infobox-icon-above-title uagb-infobox-image-valign-top wp-block-uagb-info-box--has-margin\"><div class=\"uagb-infobox-margin-wrapper\"><div class=\"uagb-ifb-content\"><div class=\"uagb-ifb-title-wrap\"><h6 class=\"uagb-ifb-title-prefix\">FILMS ET SERIES<\/h6><h2 class=\"uagb-ifb-title\">meilleur abonnement IPTV<br><\/h2><\/div><p class=\"uagb-ifb-desc\">Cessez de payer des fortunes pour vos chaines favorites, et bienvenue dans le monde de Smart IPTV<br>D\u00e9couvrez&nbsp;nos offres iptv, plus de 65000 chaines 4K\/FHD\/HD\/SD on vous offres une tr\u00e8s grande vari\u00e9t\u00e9 de bouquets de chaines (France, Italie, Germanie, Hollande, Suisse, Belgique, arabes \u2026) et plusieurs FILMS VOD (FILMS, SERIES, DOCUMENTAIRE, DESSIN ANIMME \u2026 ). Le meilleur abonnement IPTV disponible.<\/p><\/div><\/div><\/div>\n<\/div><\/div>\n<\/div><\/div>\n\n\n\n<div class=\"wp-block-columns alignwide is-layout-flex wp-container-core-columns-is-layout-5f4f44cd wp-block-columns-is-layout-flex\" style=\"padding-top:0;padding-right:0;padding-bottom:0;padding-left:0\">\n<div class=\"wp-block-column has-background is-layout-constrained wp-container-core-column-is-layout-644faf63 wp-block-column-is-layout-constrained\" style=\"background-color:#f3edd8;padding-top:30px;padding-right:30px;padding-bottom:30px;padding-left:30px;flex-basis:50%\">\n<h2 class=\"wp-block-heading has-text-color has-x-large-font-size\" style=\"color:#000000;font-style:normal;font-weight:700\">Abonnement IPTV \u00e0 moins de 30\u20ac<\/h2>\n\n\n\n<div class=\"wp-block-buttons is-layout-flex wp-block-buttons-is-layout-flex\">\n<div class=\"wp-block-button\"><a class=\"wp-block-button__link has-text-color has-background has-custom-font-size wp-element-button\" href=\"https:\/\/wa.me\/message\/PICY4D4V3MCIH1\" style=\"color:#ffffff;background-color:#000000;padding-top:9px;padding-right:18px;padding-bottom:9px;padding-left:18px;font-size:16px\" target=\"_blank\" rel=\"noopener\">ACHETER MAINTENANT<\/a><\/div>\n<\/div>\n\n\n\n<div class=\"wp-block-group is-content-justification-right is-nowrap is-layout-flex wp-container-core-group-is-layout-fd526d70 wp-block-group-is-layout-flex\">\n<div class=\"wp-block-uagb-image uagb-block-ede4d647 wp-block-uagb-image--layout-default wp-block-uagb-image--effect-static wp-block-uagb-image--align-none\"><figure class=\"wp-block-uagb-image__figure\"><img decoding=\"async\" srcset=\"https:\/\/abonnementiptv.cc\/wp-content\/uploads\/2023\/03\/dino-iptv.png ,https:\/\/abonnementiptv.cc\/wp-content\/uploads\/2023\/03\/dino-iptv.png 780w, https:\/\/abonnementiptv.cc\/wp-content\/uploads\/2023\/03\/dino-iptv.png 360w\" sizes=\"auto, (max-width: 480px) 150px\" src=\"https:\/\/abonnementiptv.cc\/wp-content\/uploads\/2023\/03\/dino-iptv.png\" alt=\"dino\" class=\"uag-image-7809\" width=\"140\" height=\"65\" title=\"dino iptv\" loading=\"lazy\" role=\"img\"\/><\/figure><\/div>\n\n\n\n<div class=\"wp-block-uagb-image uagb-block-43f66a59 wp-block-uagb-image--layout-default wp-block-uagb-image--effect-static wp-block-uagb-image--align-none\"><figure class=\"wp-block-uagb-image__figure\"><img decoding=\"async\" srcset=\"https:\/\/abonnementiptv.cc\/wp-content\/uploads\/2025\/02\/dreamtv-active-logo.avif ,https:\/\/abonnementiptv.cc\/wp-content\/uploads\/2025\/02\/dreamtv-active-logo.avif 780w, https:\/\/abonnementiptv.cc\/wp-content\/uploads\/2025\/02\/dreamtv-active-logo.avif 360w\" sizes=\"auto, (max-width: 480px) 150px\" src=\"https:\/\/abonnementiptv.cc\/wp-content\/uploads\/2025\/02\/dreamtv-active-logo.avif\" alt=\"dreamtv-active-logo\" class=\"uag-image-8673\" width=\"1000\" height=\"1000\" title=\"dreamtv-active-logo\" loading=\"lazy\" role=\"img\"\/><\/figure><\/div>\n<\/div>\n<\/div>\n\n\n\n<div class=\"wp-block-column has-background is-layout-flow wp-block-column-is-layout-flow\" style=\"background-color:#d8f2f3;padding-top:30px;padding-right:30px;padding-bottom:30px;padding-left:30px;flex-basis:50%\">\n<h2 class=\"wp-block-heading has-text-color has-x-large-font-size\" style=\"color:#000000;font-style:normal;font-weight:700\">Pour les Premium IPTV<\/h2>\n\n\n\n<div class=\"wp-block-buttons is-layout-flex wp-block-buttons-is-layout-flex\">\n<div class=\"wp-block-button\"><a class=\"wp-block-button__link has-text-color has-background has-custom-font-size wp-element-button\" href=\"https:\/\/wa.me\/message\/PICY4D4V3MCIH1\" style=\"color:#ffffff;background-color:#000000;padding-top:9px;padding-right:18px;padding-bottom:9px;padding-left:18px;font-size:16px\" target=\"_blank\" rel=\"noopener\">ACHETER MAINTENANT<\/a><\/div>\n<\/div>\n\n\n\n<div class=\"wp-block-group is-content-justification-right is-nowrap is-layout-flex wp-container-core-group-is-layout-fd526d70 wp-block-group-is-layout-flex\">\n<div class=\"wp-block-uagb-image uagb-block-05bf2fd1 wp-block-uagb-image--layout-default wp-block-uagb-image--effect-static wp-block-uagb-image--align-none\"><figure class=\"wp-block-uagb-image__figure\"><img decoding=\"async\" srcset=\"https:\/\/abonnementiptv.cc\/wp-content\/uploads\/2023\/01\/trex.png ,https:\/\/abonnementiptv.cc\/wp-content\/uploads\/2023\/01\/trex.png 780w, https:\/\/abonnementiptv.cc\/wp-content\/uploads\/2023\/01\/trex.png 360w\" sizes=\"auto, (max-width: 480px) 150px\" src=\"https:\/\/abonnementiptv.cc\/wp-content\/uploads\/2023\/01\/trex.png\" alt=\"trex iptv\" class=\"uag-image-7826\" width=\"750\" height=\"422\" title=\"trex\" loading=\"lazy\" role=\"img\"\/><\/figure><\/div>\n\n\n\n<div class=\"wp-block-uagb-image uagb-block-a4c5843b wp-block-uagb-image--layout-default wp-block-uagb-image--effect-static wp-block-uagb-image--align-none\"><figure class=\"wp-block-uagb-image__figure\"><img decoding=\"async\" srcset=\"https:\/\/abonnementiptv.cc\/wp-content\/uploads\/2024\/11\/strong-8k-iptv-2.png ,https:\/\/abonnementiptv.cc\/wp-content\/uploads\/2024\/11\/strong-8k-iptv-2.png 780w, https:\/\/abonnementiptv.cc\/wp-content\/uploads\/2024\/11\/strong-8k-iptv-2.png 360w\" sizes=\"auto, (max-width: 480px) 150px\" src=\"https:\/\/abonnementiptv.cc\/wp-content\/uploads\/2024\/11\/strong-8k-iptv-2.png\" alt=\"strong-8k-iptv\" class=\"uag-image-7787\" width=\"1024\" height=\"1024\" title=\"strong-8k-iptv\" loading=\"lazy\" role=\"img\"\/><\/figure><\/div>\n<\/div>\n<\/div>\n<\/div>\n\n\n\n<div class=\"wp-block-uagb-container uagb-block-e02f700d alignfull uagb-is-root-container\"><div class=\"uagb-container__shape uagb-container__shape-top uagb-container__shape-flip\"><svg xmlns=\"https:\/\/www.w3.org\/2000\/svg\" viewbox=\"0 0 1000 100\" preserveaspectratio=\"none\"><path class=\"uagb-container__shape-fill\" d=\"M0,6V0h1000v100L0,6z\"><\/path><\/svg><\/div><div class=\"uagb-container-inner-blocks-wrap\">\n<div class=\"wp-block-uagb-info-box uagb-block-9b741335 uagb-infobox__content-wrap  uagb-infobox-icon-above-title uagb-infobox-image-valign-top wp-block-uagb-info-box--has-margin\"><div class=\"uagb-infobox-margin-wrapper\"><div class=\"uagb-ifb-content\"><div class=\"uagb-ifb-icon-wrap\"><div class=\"uagb-iconbox-icon-wrap uagb-infobox-shape-circle\"><svg xmlns=\"https:\/\/www.w3.org\/2000\/svg\" viewbox=\"0 0 576 512\"><path d=\"M420.5 301.9a24 24 0 1 1 24-24 24 24 0 0 1 -24 24m-265.1 0a24 24 0 1 1 24-24 24 24 0 0 1 -24 24m273.7-144.5 47.94-83a10 10 0 1 0 -17.27-10h0l-48.54 84.07a301.3 301.3 0 0 0 -246.6 0L116.2 64.45a10 10 0 1 0 -17.27 10h0l47.94 83C64.53 202.2 8.24 285.5 0 384H576c-8.24-98.45-64.54-181.8-146.9-226.6\"><\/path><\/svg><\/div><\/div><div class=\"uagb-ifb-title-wrap\"><h6 class=\"uagb-ifb-title-prefix\">Meilleur abonnement IPTV<\/h6><h2 class=\"uagb-ifb-title\">QUELQUE SOIT VOTRE APPAREIL !<\/h2><\/div><p class=\"uagb-ifb-desc\">Nous disposez d\u2019un Smartphone ,tablette sous Android ou IOS ou autres En voiture ou dans votre bureau ne ratez plus vos \u00e9missions et matchs pr\u00e9f\u00e9r\u00e9s .<br>Vous habitez un appartement o\u00f9 vous ne pouvez pas installer d\u2019antenne parabolique pour recevoir vos cha\u00eenes pr\u00e9f\u00e9r\u00e9es. Profiter de vos chaines TV via votre connexion Internet, que ce soit sur votre&nbsp;<strong>PC, tablette , smartphone, Smart TV, ENIGMA2, MAG<\/strong>&nbsp;\u2026<br>Et quelque soit votre emplacement g\u00e9ographique sur terre !<\/p><\/div><\/div><\/div>\n\n\n\n<div class=\"wp-block-uagb-container uagb-layout-grid uagb-block-307c7c46\">\n<div class=\"wp-block-uagb-counter uagb-block-11b763d6 wp-block-uagb-counter--number\"><div class=\"wp-block-uagb-counter__number\"><span class=\"uagb-counter-block-number\" data-duration=\"1.5\" data-to-value=\"25\" data-from-value=\"0\" data-delimiter=\",\"><\/span><span class=\"uagb-counter-block-suffix\">K+<\/span><\/div><div class=\"wp-block-uagb-counter__title\">Vendu<\/div><\/div>\n\n\n\n<div class=\"wp-block-uagb-counter uagb-block-5f696b6e wp-block-uagb-counter--number\"><div class=\"wp-block-uagb-counter__number\"><span class=\"uagb-counter-block-number\" data-duration=\"1.5\" data-to-value=\"100\" data-from-value=\"0\" data-delimiter=\",\"><\/span><span class=\"uagb-counter-block-suffix\">+<\/span><\/div><div class=\"wp-block-uagb-counter__title\">Vendeurs<\/div><\/div>\n\n\n\n<div class=\"wp-block-uagb-counter uagb-block-d349e0fc wp-block-uagb-counter--number\"><div class=\"wp-block-uagb-counter__number\"><span class=\"uagb-counter-block-number\" data-duration=\"1.5\" data-to-value=\"3000\" data-from-value=\"0\" data-delimiter=\",\"><\/span><span class=\"uagb-counter-block-suffix\">+<\/span><\/div><div class=\"wp-block-uagb-counter__title\">Note de 5 \u00e9toiles<\/div><\/div>\n\n\n\n<div class=\"wp-block-uagb-counter uagb-block-cc541349 wp-block-uagb-counter--number\"><div class=\"wp-block-uagb-counter__number\"><span class=\"uagb-counter-block-number\" data-duration=\"1.5\" data-to-value=\"7\" data-from-value=\"0\" data-delimiter=\"\"><\/span><\/div><div class=\"wp-block-uagb-counter__title\">Ann\u00e9es sur le march\u00e9<\/div><\/div>\n<\/div>\n<\/div><\/div>\n\n\n\n<div class=\"wp-block-uagb-container uag-blocks-common-selector uagb-layout-grid uagb-block-ac2aa554 alignfull uagb-is-root-container\"><div class=\"uagb-container__shape uagb-container__shape-top uagb-container__shape-flip\"><svg xmlns=\"https:\/\/www.w3.org\/2000\/svg\" viewbox=\"0 0 1000 100\" preserveaspectratio=\"none\"><path class=\"uagb-container__shape-fill\" d=\"M0,6V0h1000v100L0,6z\"><\/path><\/svg><\/div><div class=\"uagb-container-inner-blocks-wrap\">\n<div class=\"wp-block-uagb-info-box uagb-block-0d252203 uagb-infobox__content-wrap  uagb-infobox-icon-above-title uagb-infobox-image-valign-top wp-block-uagb-info-box--has-margin\"><div class=\"uagb-infobox-margin-wrapper\"><div class=\"uagb-ifb-content\"><div class=\"uagb-ifb-title-wrap\"><h4 class=\"uagb-ifb-title\">Abonnement iptv pas cher<\/h4><\/div><p class=\"uagb-ifb-desc\">sommes toujours en mesure d\u2019offrir \u00e0 nos clients la plus large gamme de services aux meilleurs prix.<\/p><\/div><\/div><\/div>\n\n\n\n<div class=\"wp-block-uagb-info-box uagb-block-56449b95 uagb-infobox__content-wrap  uagb-infobox-icon-above-title uagb-infobox-image-valign-top wp-block-uagb-info-box--has-margin\"><div class=\"uagb-infobox-margin-wrapper\"><div class=\"uagb-ifb-content\"><div class=\"uagb-ifb-title-wrap\"><h4 class=\"uagb-ifb-title\">EXCELENTE QUALIT\u00c9<\/h4><\/div><p class=\"uagb-ifb-desc\">Des milliers de clients satisfaits reviennent sans cesse gr\u00e2ce \u00e0 la haute qualit\u00e9 de notre service aboonement iptv.<\/p><\/div><\/div><\/div>\n\n\n\n<div class=\"wp-block-uagb-info-box uagb-block-b0910649 uagb-infobox__content-wrap  uagb-infobox-icon-above-title uagb-infobox-image-valign-top wp-block-uagb-info-box--has-margin\"><div class=\"uagb-infobox-margin-wrapper\"><div class=\"uagb-ifb-content\"><div class=\"uagb-ifb-title-wrap\"><h4 class=\"uagb-ifb-title\"><strong>Service client 24h\/24 et 7j\/7<\/strong><\/h4><\/div><p class=\"uagb-ifb-desc\">Appelez-nous 24h\/24 et 7j\/7 au +212706797762<\/p><\/div><\/div><\/div>\n<\/div><\/div>","protected":false},"excerpt":{"rendered":"<p>MEILLEUR ABONNEMENT&nbsp;IPTV!\u200b abonnement iptv avec + 36000 Chaines en Qualit\u00e9 4K\/Full HD\/HD\/SD et des films et s\u00e9ries en Illimit\u00e9, Toute la T\u00e9l\u00e9 que vous Aimez en un Seul Abonnement 4K avec une Diffusion multi-\u00e9crans Sans coupures ni Tracas. Test IPTV abonnement : Abonnement IPTV \u00e0 moins de 30\u20ac Pour les Premium IPTV<\/p>","protected":false},"author":1,"featured_media":0,"parent":0,"menu_order":0,"comment_status":"closed","ping_status":"closed","template":"","meta":{"_uag_custom_page_level_css":"","footnotes":""},"class_list":["post-247","page","type-page","status-publish"],"uagb_featured_image_src":{"full":false,"thumbnail":false,"medium":false,"medium_large":false,"large":false,"1536x1536":false,"2048x2048":false,"trp-custom-language-flag":false,"woocommerce_thumbnail":false,"woocommerce_single":false,"woocommerce_gallery_thumbnail":false},"uagb_author_info":{"display_name":"abonnementiptv","author_link":"https:\/\/abonnementiptv.cc\/en\/author\/abonnementiptv\/"},"uagb_comment_info":0,"uagb_excerpt":"MEILLEUR ABONNEMENT&nbsp;IPTV!\u200b abonnement iptv avec + 36000 Chaines en Qualit\u00e9 4K\/Full HD\/HD\/SD et des films et s\u00e9ries en Illimit\u00e9, Toute la T\u00e9l\u00e9 que vous Aimez en un Seul Abonnement 4K avec une Diffusion multi-\u00e9crans Sans coupures ni Tracas. Test IPTV abonnement : Abonnement IPTV \u00e0 moins de 30\u20ac Pour les Premium IPTV","_links":{"self":[{"href":"https:\/\/abonnementiptv.cc\/en\/wp-json\/wp\/v2\/pages\/247","targetHints":{"allow":["GET"]}}],"collection":[{"href":"https:\/\/abonnementiptv.cc\/en\/wp-json\/wp\/v2\/pages"}],"about":[{"href":"https:\/\/abonnementiptv.cc\/en\/wp-json\/wp\/v2\/types\/page"}],"author":[{"embeddable":true,"href":"https:\/\/abonnementiptv.cc\/en\/wp-json\/wp\/v2\/users\/1"}],"replies":[{"embeddable":true,"href":"https:\/\/abonnementiptv.cc\/en\/wp-json\/wp\/v2\/comments?post=247"}],"version-history":[{"count":6,"href":"https:\/\/abonnementiptv.cc\/en\/wp-json\/wp\/v2\/pages\/247\/revisions"}],"predecessor-version":[{"id":9973,"href":"https:\/\/abonnementiptv.cc\/en\/wp-json\/wp\/v2\/pages\/247\/revisions\/9973"}],"wp:attachment":[{"href":"https:\/\/abonnementiptv.cc\/en\/wp-json\/wp\/v2\/media?parent=247"}],"curies":[{"name":"wp","href":"https:\/\/api.w.org\/{rel}","templated":true}]}}