{"id":2804,"date":"2023-03-18T13:39:32","date_gmt":"2023-03-18T13:39:32","guid":{"rendered":"https:\/\/free-iptv-503e93.ingress-earth.ewp.live\/?page_id=2804"},"modified":"2023-03-18T13:39:32","modified_gmt":"2023-03-18T13:39:32","slug":"trex-iptv","status":"publish","type":"page","link":"https:\/\/abonnementiptv.cc\/en\/trex-iptv\/","title":{"rendered":"TREX IPTV"},"content":{"rendered":"<p>[bt_bb_section layout=\u00a0\u00bbboxed_1200&Prime; lazy_load=\u00a0\u00bbyes\u00a0\u00bb show_boxed_content=\u00a0\u00bbno\u00a0\u00bb full_screen=\u00a0\u00bbyes\u00a0\u00bb vertical_align=\u00a0\u00bbmiddle\u00a0\u00bb color_scheme=\u00a0\u00bbBlack\/White\u00a0\u00bb top_spacing=\u00a0\u00bblarge,;,,;,,;,,;,\u00a0\u00bb][bt_bb_row][bt_bb_column order=\u00a0\u00bb0,;,,;,,;,,;,\u00a0\u00bb lazy_load=\u00a0\u00bbyes\u00a0\u00bb highlight=\u00a0\u00bbno\u00a0\u00bb align_to_edge_column=\u00a0\u00bbno\u00a0\u00bb width=\u00a0\u00bb1\/2&Prime; width_lg=\u00a0\u00bb1\/2&Prime; width_md=\u00a0\u00bb1\/2&Prime; width_sm=\u00a0\u00bb1\/2&Prime; width_xs=\u00a0\u00bb1\/1&Prime; align=\u00a0\u00bbcenter,;,center,;,center,;,center,;,center\u00a0\u00bb vertical_align=\u00a0\u00bbmiddle\u00a0\u00bb animation=\u00a0\u00bbno_animation\u00a0\u00bb padding=\u00a0\u00bbnormal,;,,;,,;,,;,\u00a0\u00bb background_image=\u00a0\u00bb\u00a0\u00bb inner_background_image=\u00a0\u00bb\u00a0\u00bb background_color=\u00a0\u00bb\u00a0\u00bb inner_background_color=\u00a0\u00bb\u00a0\u00bb opacity=\u00a0\u00bb\u00a0\u00bb background_position=\u00a0\u00bb\u00a0\u00bb background_size=\u00a0\u00bb\u00a0\u00bb inner_background_position=\u00a0\u00bb\u00a0\u00bb inner_background_size=\u00a0\u00bb\u00a0\u00bb responsive=\u00a0\u00bb\u00a0\u00bb publish_datetime=\u00a0\u00bb\u00a0\u00bb expiry_datetime=\u00a0\u00bb\u00a0\u00bb el_id=\u00a0\u00bb\u00a0\u00bb el_class=\u00a0\u00bb\u00a0\u00bb el_style=\u00a0\u00bb\u00a0\u00bb][bt_bb_raw_content raw_content=\u00a0\u00bbPGRpdiBjbGFzcz0icGF5aGlwLWVtYmVkLXBhZ2UiIGRhdGEta2V5PSJrZm9ydCI+Li4uPC9kaXY+PHNjcmlwdCB0eXBlPSJ0ZXh0L2phdmFzY3JpcHQiIHNyYz0iaHR0cHM6Ly9wYXloaXAuY29tL2VtYmVkLXBhZ2UuanM\/dj0yNHU2ODk4NCI+PC9zY3JpcHQ+\u00a0\u00bb][\/bt_bb_raw_content][\/bt_bb_column][bt_bb_column width=\u00a0\u00bb1\/2&Prime; width_lg=\u00a0\u00bb1\/2&Prime; width_md=\u00a0\u00bb1\/2&Prime; width_sm=\u00a0\u00bb1\/2&Prime; width_xs=\u00a0\u00bb1\/1&Prime; order=\u00a0\u00bb0&Prime; lazy_load=\u00a0\u00bbyes\u00a0\u00bb highlight=\u00a0\u00bbno\u00a0\u00bb align_to_edge_column=\u00a0\u00bbno\u00a0\u00bb][bt_bb_separator top_spacing=\u00a0\u00bbnone,;,,;,,;,,;,\u00a0\u00bb bottom_spacing=\u00a0\u00bbnone,;,,;,,;,,;,\u00a0\u00bb border_style=\u00a0\u00bbnone\u00a0\u00bb border_width=\u00a0\u00bb\u00a0\u00bb responsive=\u00a0\u00bb\u00a0\u00bb publish_datetime=\u00a0\u00bb\u00a0\u00bb expiry_datetime=\u00a0\u00bb\u00a0\u00bb animation=\u00a0\u00bbno_animation\u00a0\u00bb el_id=\u00a0\u00bb\u00a0\u00bb el_class=\u00a0\u00bb\u00a0\u00bb el_style=\u00a0\u00bb\u00a0\u00bb][\/bt_bb_separator][bt_bb_separator top_spacing=\u00a0\u00bbnone,;,,;,,;,,;,\u00a0\u00bb bottom_spacing=\u00a0\u00bbnone,;,,;,,;,,;,\u00a0\u00bb border_style=\u00a0\u00bbnone\u00a0\u00bb border_width=\u00a0\u00bb\u00a0\u00bb responsive=\u00a0\u00bb\u00a0\u00bb publish_datetime=\u00a0\u00bb\u00a0\u00bb expiry_datetime=\u00a0\u00bb\u00a0\u00bb animation=\u00a0\u00bbno_animation\u00a0\u00bb el_id=\u00a0\u00bb\u00a0\u00bb el_class=\u00a0\u00bb\u00a0\u00bb el_style=\u00a0\u00bb\u00a0\u00bb][\/bt_bb_separator][bt_bb_separator top_spacing=\u00a0\u00bbnone,;,,;,,;,,;,\u00a0\u00bb bottom_spacing=\u00a0\u00bbnone,;,,;,,;,,;,\u00a0\u00bb border_style=\u00a0\u00bbnone\u00a0\u00bb border_width=\u00a0\u00bb\u00a0\u00bb responsive=\u00a0\u00bb\u00a0\u00bb publish_datetime=\u00a0\u00bb\u00a0\u00bb expiry_datetime=\u00a0\u00bb\u00a0\u00bb animation=\u00a0\u00bbno_animation\u00a0\u00bb el_id=\u00a0\u00bb\u00a0\u00bb el_class=\u00a0\u00bb\u00a0\u00bb el_style=\u00a0\u00bb\u00a0\u00bb][\/bt_bb_separator][bt_bb_text]<\/p>\n<p><strong>En raison de l\u2019indisponibilit\u00e9 d\u2019un moyen de paiement sur le site, pour toute nouvelle commande contacter le chat en ligne disponible en bas, ou l\u2019assistance sur<\/strong><\/p>\n<h4><strong>Courriel : <a href=\"mailto:samirwjda@gmail.com\">samirwjda@gmail.com<\/a><\/strong><br \/>\n<strong>WhatsApp : <a href=\"https:\/\/wa.me\/212706797762\" target=\"_blank\" rel=\"noopener\">https:\/\/wa.me\/212706797762<\/a><\/strong><br \/>\n<strong>telegram : <a href=\"https:\/\/t.me\/saidsd19\">https:\/\/t.me\/saidsd19<\/a><\/strong><\/h4>\n<p><strong>abonnementiptv propose un large choix de cha\u00eenes de t\u00e9l\u00e9vision diffus\u00e9es sur Internet. Regardez vos bouquets pr\u00e9f\u00e9r\u00e9s sur votre TV sans antenne parabolique, o\u00f9 que vous soyez sur terre !<\/strong><\/p>\n<p><strong>Vous recevrez votre code d\u2019abonnement en moins d\u2019une heure apr\u00e8s le paiement.<\/strong><br \/>\n<strong>Votre abonnement sera envoy\u00e9 par e-mail ou Whatsapp.<\/strong><br \/>\n<strong>un de nos agents vous assistera jusqu\u2019\u00e0 l\u2019installation de votre abonnement.<\/strong><br \/>\n<strong>EPG et logos inclus.<\/strong><br \/>\n<strong>Serveurs stables, haute disponibilit\u00e9, aucun temps d\u2019arr\u00eat (\u00e9quilibrage de charge).<\/strong><br \/>\n<strong>Abonnement iptv compatible avec : Samsung &amp; LG Smart TV (SMART IPTV, SSiptv,Duplex play, Smart STB\u2026), Sony Android Smart TV, Apple TV\u2026, Box MAG, PC\/MAC, smartphones et Android TV Box\u2026<\/strong><br \/>\n<strong>Meilleur prix et assistance 7\/7<\/strong><\/p>\n<p>[\/bt_bb_text][\/bt_bb_column][\/bt_bb_row][\/bt_bb_section]<\/p>\n","protected":false},"excerpt":{"rendered":"<p>[bt_bb_section layout=\u00a0\u00bbboxed_1200&Prime; lazy_load=\u00a0\u00bbyes\u00a0\u00bb show_boxed_content=\u00a0\u00bbno\u00a0\u00bb full_screen=\u00a0\u00bbyes\u00a0\u00bb vertical_align=\u00a0\u00bbmiddle\u00a0\u00bb color_scheme=\u00a0\u00bbBlack\/White\u00a0\u00bb top_spacing=\u00a0\u00bblarge,;,,;,,;,,;,\u00a0\u00bb][bt_bb_row][bt_bb_column order=\u00a0\u00bb0,;,,;,,;,,;,\u00a0\u00bb lazy_load=\u00a0\u00bbyes\u00a0\u00bb highlight=\u00a0\u00bbno\u00a0\u00bb align_to_edge_column=\u00a0\u00bbno\u00a0\u00bb width=\u00a0\u00bb1\/2&Prime; width_lg=\u00a0\u00bb1\/2&Prime; width_md=\u00a0\u00bb1\/2&Prime; width_sm=\u00a0\u00bb1\/2&Prime; width_xs=\u00a0\u00bb1\/1&Prime; align=\u00a0\u00bbcenter,;,center,;,center,;,center,;,center\u00a0\u00bb vertical_align=\u00a0\u00bbmiddle\u00a0\u00bb animation=\u00a0\u00bbno_animation\u00a0\u00bb padding=\u00a0\u00bbnormal,;,,;,,;,,;,\u00a0\u00bb background_image=\u00a0\u00bb\u00a0\u00bb inner_background_image=\u00a0\u00bb\u00a0\u00bb background_color=\u00a0\u00bb\u00a0\u00bb inner_background_color=\u00a0\u00bb\u00a0\u00bb opacity=\u00a0\u00bb\u00a0\u00bb background_position=\u00a0\u00bb\u00a0\u00bb background_size=\u00a0\u00bb\u00a0\u00bb inner_background_position=\u00a0\u00bb\u00a0\u00bb inner_background_size=\u00a0\u00bb\u00a0\u00bb responsive=\u00a0\u00bb\u00a0\u00bb publish_datetime=\u00a0\u00bb\u00a0\u00bb expiry_datetime=\u00a0\u00bb\u00a0\u00bb el_id=\u00a0\u00bb\u00a0\u00bb el_class=\u00a0\u00bb\u00a0\u00bb el_style=\u00a0\u00bb\u00a0\u00bb][bt_bb_raw_content raw_content=\u00a0\u00bbPGRpdiBjbGFzcz0icGF5aGlwLWVtYmVkLXBhZ2UiIGRhdGEta2V5PSJrZm9ydCI+Li4uPC9kaXY+PHNjcmlwdCB0eXBlPSJ0ZXh0L2phdmFzY3JpcHQiIHNyYz0iaHR0cHM6Ly9wYXloaXAuY29tL2VtYmVkLXBhZ2UuanM\/dj0yNHU2ODk4NCI+PC9zY3JpcHQ+\u00a0\u00bb][\/bt_bb_raw_content][\/bt_bb_column][bt_bb_column width=\u00a0\u00bb1\/2&Prime; width_lg=\u00a0\u00bb1\/2&Prime; width_md=\u00a0\u00bb1\/2&Prime; width_sm=\u00a0\u00bb1\/2&Prime; width_xs=\u00a0\u00bb1\/1&Prime; order=\u00a0\u00bb0&Prime; lazy_load=\u00a0\u00bbyes\u00a0\u00bb highlight=\u00a0\u00bbno\u00a0\u00bb align_to_edge_column=\u00a0\u00bbno\u00a0\u00bb][bt_bb_separator top_spacing=\u00a0\u00bbnone,;,,;,,;,,;,\u00a0\u00bb bottom_spacing=\u00a0\u00bbnone,;,,;,,;,,;,\u00a0\u00bb border_style=\u00a0\u00bbnone\u00a0\u00bb border_width=\u00a0\u00bb\u00a0\u00bb responsive=\u00a0\u00bb\u00a0\u00bb publish_datetime=\u00a0\u00bb\u00a0\u00bb expiry_datetime=\u00a0\u00bb\u00a0\u00bb animation=\u00a0\u00bbno_animation\u00a0\u00bb el_id=\u00a0\u00bb\u00a0\u00bb &#8230; <a title=\"TREX IPTV\" class=\"read-more\" href=\"https:\/\/abonnementiptv.cc\/en\/trex-iptv\/\" aria-label=\"Read more about TREX IPTV\">Read more<\/a><\/p>\n","protected":false},"author":1,"featured_media":0,"parent":0,"menu_order":0,"comment_status":"closed","ping_status":"closed","template":"","meta":{"_uag_custom_page_level_css":"","footnotes":""},"class_list":["post-2804","page","type-page","status-publish"],"uagb_featured_image_src":{"full":false,"thumbnail":false,"medium":false,"medium_large":false,"large":false,"1536x1536":false,"2048x2048":false,"trp-custom-language-flag":false,"woocommerce_thumbnail":false,"woocommerce_single":false,"woocommerce_gallery_thumbnail":false},"uagb_author_info":{"display_name":"abonnementiptv","author_link":"https:\/\/abonnementiptv.cc\/en\/author\/abonnementiptv\/"},"uagb_comment_info":0,"uagb_excerpt":"[bt_bb_section layout=\u00a0\u00bbboxed_1200&Prime; lazy_load=\u00a0\u00bbyes\u00a0\u00bb show_boxed_content=\u00a0\u00bbno\u00a0\u00bb full_screen=\u00a0\u00bbyes\u00a0\u00bb vertical_align=\u00a0\u00bbmiddle\u00a0\u00bb color_scheme=\u00a0\u00bbBlack\/White\u00a0\u00bb top_spacing=\u00a0\u00bblarge,;,,;,,;,,;,\u00a0\u00bb][bt_bb_row][bt_bb_column order=\u00a0\u00bb0,;,,;,,;,,;,\u00a0\u00bb lazy_load=\u00a0\u00bbyes\u00a0\u00bb highlight=\u00a0\u00bbno\u00a0\u00bb align_to_edge_column=\u00a0\u00bbno\u00a0\u00bb width=\u00a0\u00bb1\/2&Prime; width_lg=\u00a0\u00bb1\/2&Prime; width_md=\u00a0\u00bb1\/2&Prime; width_sm=\u00a0\u00bb1\/2&Prime; width_xs=\u00a0\u00bb1\/1&Prime; align=\u00a0\u00bbcenter,;,center,;,center,;,center,;,center\u00a0\u00bb vertical_align=\u00a0\u00bbmiddle\u00a0\u00bb animation=\u00a0\u00bbno_animation\u00a0\u00bb padding=\u00a0\u00bbnormal,;,,;,,;,,;,\u00a0\u00bb background_image=\u00a0\u00bb\u00a0\u00bb inner_background_image=\u00a0\u00bb\u00a0\u00bb background_color=\u00a0\u00bb\u00a0\u00bb inner_background_color=\u00a0\u00bb\u00a0\u00bb opacity=\u00a0\u00bb\u00a0\u00bb background_position=\u00a0\u00bb\u00a0\u00bb background_size=\u00a0\u00bb\u00a0\u00bb inner_background_position=\u00a0\u00bb\u00a0\u00bb inner_background_size=\u00a0\u00bb\u00a0\u00bb responsive=\u00a0\u00bb\u00a0\u00bb publish_datetime=\u00a0\u00bb\u00a0\u00bb expiry_datetime=\u00a0\u00bb\u00a0\u00bb el_id=\u00a0\u00bb\u00a0\u00bb el_class=\u00a0\u00bb\u00a0\u00bb el_style=\u00a0\u00bb\u00a0\u00bb][bt_bb_raw_content raw_content=\u00a0\u00bbPGRpdiBjbGFzcz0icGF5aGlwLWVtYmVkLXBhZ2UiIGRhdGEta2V5PSJrZm9ydCI+Li4uPC9kaXY+PHNjcmlwdCB0eXBlPSJ0ZXh0L2phdmFzY3JpcHQiIHNyYz0iaHR0cHM6Ly9wYXloaXAuY29tL2VtYmVkLXBhZ2UuanM\/dj0yNHU2ODk4NCI+PC9zY3JpcHQ+\u00a0\u00bb][\/bt_bb_raw_content][\/bt_bb_column][bt_bb_column width=\u00a0\u00bb1\/2&Prime; width_lg=\u00a0\u00bb1\/2&Prime; width_md=\u00a0\u00bb1\/2&Prime; width_sm=\u00a0\u00bb1\/2&Prime; width_xs=\u00a0\u00bb1\/1&Prime; order=\u00a0\u00bb0&Prime; lazy_load=\u00a0\u00bbyes\u00a0\u00bb highlight=\u00a0\u00bbno\u00a0\u00bb align_to_edge_column=\u00a0\u00bbno\u00a0\u00bb][bt_bb_separator top_spacing=\u00a0\u00bbnone,;,,;,,;,,;,\u00a0\u00bb bottom_spacing=\u00a0\u00bbnone,;,,;,,;,,;,\u00a0\u00bb border_style=\u00a0\u00bbnone\u00a0\u00bb border_width=\u00a0\u00bb\u00a0\u00bb responsive=\u00a0\u00bb\u00a0\u00bb publish_datetime=\u00a0\u00bb\u00a0\u00bb expiry_datetime=\u00a0\u00bb\u00a0\u00bb animation=\u00a0\u00bbno_animation\u00a0\u00bb el_id=\u00a0\u00bb\u00a0\u00bb&hellip;","_links":{"self":[{"href":"https:\/\/abonnementiptv.cc\/en\/wp-json\/wp\/v2\/pages\/2804","targetHints":{"allow":["GET"]}}],"collection":[{"href":"https:\/\/abonnementiptv.cc\/en\/wp-json\/wp\/v2\/pages"}],"about":[{"href":"https:\/\/abonnementiptv.cc\/en\/wp-json\/wp\/v2\/types\/page"}],"author":[{"embeddable":true,"href":"https:\/\/abonnementiptv.cc\/en\/wp-json\/wp\/v2\/users\/1"}],"replies":[{"embeddable":true,"href":"https:\/\/abonnementiptv.cc\/en\/wp-json\/wp\/v2\/comments?post=2804"}],"version-history":[{"count":0,"href":"https:\/\/abonnementiptv.cc\/en\/wp-json\/wp\/v2\/pages\/2804\/revisions"}],"wp:attachment":[{"href":"https:\/\/abonnementiptv.cc\/en\/wp-json\/wp\/v2\/media?parent=2804"}],"curies":[{"name":"wp","href":"https:\/\/api.w.org\/{rel}","templated":true}]}}