{"id":956,"date":"2022-12-30T17:40:37","date_gmt":"2022-12-30T17:40:37","guid":{"rendered":"https:\/\/free-iptv-503e93.ingress-earth.ewp.live\/?page_id=956"},"modified":"2022-12-30T17:40:37","modified_gmt":"2022-12-30T17:40:37","slug":"devenez-revendeur-iptv","status":"publish","type":"page","link":"https:\/\/abonnementiptv.cc\/en\/devenez-revendeur-iptv\/","title":{"rendered":"Become an IPTV reseller"},"content":{"rendered":"<h1>Devenez un Revendeur IPTV<\/h1>\n<p>Vous pouvez gagner de l&rsquo;argent en rejoignant\u00a0le plan revendeur IPTV .\u00a0Fournissez le meilleur service IPTV \u00e0 vos clients et en plus de gagner de l&rsquo;argent pour vous-m\u00eame, satisfaites vos clients avec le meilleur service IPTV en qualit\u00e9 et collection de cha\u00eenes TV et VOD.\u00a0Si vous \u00eates nouveau sur IPTV, vous pouvez obtenir un compte d&rsquo;essai gratuit et tester le serveur pendant 24 heures. La ligne de test est une ligne d&rsquo;acc\u00e8s compl\u00e8te \u00e0 toutes les cha\u00eenes de t\u00e9l\u00e9vision et VOD pendant une journ\u00e9e compl\u00e8te.<\/p>\n<p><img decoding=\"async\" src=\"https:\/\/free-iptv-503e93.ingress-earth.ewp.live\/wp-content\/uploads\/2022\/12\/revendeur-iptv.jpg\" sizes=\"(max-width: 768px) 100vw, 768px\" srcset=\"https:\/\/free-iptv-503e93.ingress-earth.ewp.live\/wp-content\/uploads\/2022\/12\/revendeur-iptv.jpg 768w, https:\/\/free-iptv-503e93.ingress-earth.ewp.live\/wp-content\/uploads\/2022\/12\/revendeur-iptv-510x319.jpg 510w, https:\/\/free-iptv-503e93.ingress-earth.ewp.live\/wp-content\/uploads\/2022\/12\/revendeur-iptv-300x188.jpg 300w\" alt=\"revendeur iptv\" width=\"768\" height=\"480\" \/><\/p>\n<h2><strong>Comment fonctionne le plan revendeur\u00a0?<\/strong><\/h2>\n<p>Vous devez d&rsquo;abord vous abonner au plan en fonction des cr\u00e9dits dont vous avez besoin.<br \/>\nVous devez trouver vos propres clients.\u00a0Voici quelques conseils:<\/p>\n<ul>\n<li>Vous pouvez cr\u00e9er un site web<\/li>\n<li>Envoyer des messages sur des forums en ligne<\/li>\n<li>Cr\u00e9er un canal de m\u00e9dias sociaux comme Instagram<\/li>\n<li>Publicit\u00e9 par e-mail<\/li>\n<li>Vous pouvez \u00e9galement trouver des clients localement.<\/li>\n<li>Vous pouvez tarifer le service pour vos clients comme vous le souhaitez (normalement pas inf\u00e9rieur \u00e0 notre suggestion).<\/li>\n<li>Par exemple vous pouvez envoyer une ligne de 1 mois 30$ \u00e0 vos clients.<\/li>\n<\/ul>\n<p>Chaque fois que vous avez vendu un abonnement \u00e0 votre client, ouvrez le panneau revendeur, cr\u00e9ez une ligne et envoyez-la \u00e0 votre client.\u00a0M\u00eame vous pouvez cr\u00e9er des sous-revendeurs.<\/p>\n<p>Vous pouvez demander plus de cr\u00e9dits chaque fois que vous en avez besoin.<\/p>\n<h2>Caract\u00e9ristiques des plans du revendeur<\/h2>\n<ul>\n<li>Cr\u00e9er 20\u00a0lignes de test par jour<\/li>\n<li>Capacit\u00e9 de cr\u00e9dits illimit\u00e9e<\/li>\n<li>Cr\u00e9er des lignes M3U, M3U8, Mag et Enigma2<\/li>\n<li>Prise en charge d&rsquo;une seule ligne<\/li>\n<li>Peut cr\u00e9er une connexion de 1 mois, 6 et 12 mois<\/li>\n<li>Gestion compl\u00e8te de tous les payants et ligne de test \u00e0 modifier<\/li>\n<li>Prolonger les lignes expir\u00e9es et actives<\/li>\n<li>Personnalisez la Playlist de votre client<\/li>\n<li>Vous pouvez obtenir votre propre sous-revendeur<\/li>\n<li>Maintenance du serveur par<\/li>\n<li>Prise en charge des revendeurs<\/li>\n<li>Consultez une d\u00e9mo du panneau revendeur par e-mail\/Whatsapp<\/li>\n<\/ul>\n<h3>Comment fonctionne le syst\u00e8me de cr\u00e9dits\u00a0?<\/h3>\n<ul>\n<li>Par exemple, il y a 10 cr\u00e9dits dans votre panneau revendeur.<\/li>\n<li>Vous vendez un abonnement d&rsquo;un mois \u00e0 votre client pour 19 euro am\u00e9ricains.<\/li>\n<li>En cr\u00e9ant une ligne d&rsquo;un mois, 0.1 cr\u00e9dit sera d\u00e9duit de votre panel et 9.09 cr\u00e9dits resteront.<\/li>\n<li>Vous gagnez 19 euro et vous perdez 1 cr\u00e9dit.<\/li>\n<li>Commencez avec 10 cr\u00e9dits (y compris le panel) :<\/li>\n<li>Plan de d\u00e9marrage 250 euro .<\/li>\n<li><strong>Plan de d\u00e9marrage 250 euro.<\/strong><\/li>\n<\/ul>\n<h3>Prix \u200b\u200bet plans pour les revendeurs IPTV<\/h3>\n<p>Tous les plans incluent un panel et si vous \u00eates d\u00e9j\u00e0 abonn\u00e9 au panel, nous ajouterons des cr\u00e9dits \u00e0 votre panel existant.<br \/>\nLes cr\u00e9dits n&rsquo;expireront pas et resteront \u00e0 vie.<\/p>\n<h4>Planifier<\/h4>\n<h4>Cr\u00e9dits<\/h4>\n<h4>Validit\u00e9<\/h4>\n<h4>Prix<\/h4>\n<h4>Acheter<\/h4>\n<h5>Entr\u00e9e<\/h5>\n<h5>10<\/h5>\n<h5>Dur\u00e9e de vie<\/h5>\n<h5>250 \u20ac<\/h5>\n<p><a href=\"https:\/\/wa.me\/message\/PICY4D4V3MCIH1\" target=\"_blank\" rel=\"noopener\"><br \/>\nCommencer<br \/>\n<\/a><\/p>\n<h5>d\u00e9butant pro<\/h5>\n<h5>20<\/h5>\n<h5>Dur\u00e9e de vie<\/h5>\n<h5>490 \u20ac<\/h5>\n<p><a href=\"https:\/\/wa.me\/message\/PICY4D4V3MCIH1\" target=\"_blank\" rel=\"noopener\"><br \/>\nCommencer<br \/>\n<\/a><\/p>\n<h5>Pro<\/h5>\n<h5>30<\/h5>\n<h4>Dur\u00e9e de vie<\/h4>\n<h5>720 \u20ac<\/h5>\n<p><a href=\"https:\/\/wa.me\/message\/PICY4D4V3MCIH1\" target=\"_blank\" rel=\"noopener\"><br \/>\nCommencer<br \/>\n<\/a><\/p>\n<h5>Prime<\/h5>\n<h5>40<\/h5>\n<h5>Dur\u00e9e de vie<\/h5>\n<h5>920 \u20ac<\/h5>\n<p><a href=\"https:\/\/wa.me\/message\/PICY4D4V3MCIH1\" target=\"_blank\" rel=\"noopener\"><br \/>\nCommencer<br \/>\n<\/a><\/p>\n<h5>Ultime<\/h5>\n<h5>50<\/h5>\n<h5>Dur\u00e9e de vie<\/h5>\n<h5>1000 \u20ac<\/h5>\n<p><a href=\"https:\/\/wa.me\/message\/PICY4D4V3MCIH1\" target=\"_blank\" rel=\"noopener\"><br \/>\nCommencer<br \/>\n<\/a><br \/>\n<a href=\"https:\/\/wa.me\/message\/PICY4D4V3MCIH1\" target=\"_blank\" rel=\"noopener\"><br \/>\nDevenez un Revendeur IPTV<br \/>\n<\/a><br \/>\n[forminator_form id=\u00a0\u00bb2982&Prime;]<\/p>\n","protected":false},"excerpt":{"rendered":"<p>Devenez un Revendeur IPTV Vous pouvez gagner de l&rsquo;argent en rejoignant\u00a0le plan revendeur IPTV .\u00a0Fournissez le meilleur service IPTV \u00e0 vos clients et en plus de gagner de l&rsquo;argent pour vous-m\u00eame, satisfaites vos clients avec le meilleur service IPTV en qualit\u00e9 et collection de cha\u00eenes TV et VOD.\u00a0Si vous \u00eates nouveau sur IPTV, vous pouvez &#8230; <a title=\"Become an IPTV reseller\" class=\"read-more\" href=\"https:\/\/abonnementiptv.cc\/en\/devenez-revendeur-iptv\/\" aria-label=\"Read more about Devenez revendeur IPTV\">Read more<\/a><\/p>","protected":false},"author":1,"featured_media":0,"parent":0,"menu_order":0,"comment_status":"closed","ping_status":"closed","template":"","meta":{"_uag_custom_page_level_css":"","footnotes":""},"class_list":["post-956","page","type-page","status-publish"],"uagb_featured_image_src":{"full":false,"thumbnail":false,"medium":false,"medium_large":false,"large":false,"1536x1536":false,"2048x2048":false,"trp-custom-language-flag":false,"woocommerce_thumbnail":false,"woocommerce_single":false,"woocommerce_gallery_thumbnail":false},"uagb_author_info":{"display_name":"abonnementiptv","author_link":"https:\/\/abonnementiptv.cc\/en\/author\/abonnementiptv\/"},"uagb_comment_info":0,"uagb_excerpt":"Devenez un Revendeur IPTV Vous pouvez gagner de l&rsquo;argent en rejoignant\u00a0le plan revendeur IPTV .\u00a0Fournissez le meilleur service IPTV \u00e0 vos clients et en plus de gagner de l&rsquo;argent pour vous-m\u00eame, satisfaites vos clients avec le meilleur service IPTV en qualit\u00e9 et collection de cha\u00eenes TV et VOD.\u00a0Si vous \u00eates nouveau sur IPTV, vous pouvez&hellip;","_links":{"self":[{"href":"https:\/\/abonnementiptv.cc\/en\/wp-json\/wp\/v2\/pages\/956","targetHints":{"allow":["GET"]}}],"collection":[{"href":"https:\/\/abonnementiptv.cc\/en\/wp-json\/wp\/v2\/pages"}],"about":[{"href":"https:\/\/abonnementiptv.cc\/en\/wp-json\/wp\/v2\/types\/page"}],"author":[{"embeddable":true,"href":"https:\/\/abonnementiptv.cc\/en\/wp-json\/wp\/v2\/users\/1"}],"replies":[{"embeddable":true,"href":"https:\/\/abonnementiptv.cc\/en\/wp-json\/wp\/v2\/comments?post=956"}],"version-history":[{"count":0,"href":"https:\/\/abonnementiptv.cc\/en\/wp-json\/wp\/v2\/pages\/956\/revisions"}],"wp:attachment":[{"href":"https:\/\/abonnementiptv.cc\/en\/wp-json\/wp\/v2\/media?parent=956"}],"curies":[{"name":"wp","href":"https:\/\/api.w.org\/{rel}","templated":true}]}}