{"id":1050,"date":"2023-01-07T10:41:16","date_gmt":"2023-01-07T10:41:16","guid":{"rendered":"https:\/\/abonnementiptv.cc\/produit\/abonnement-flix-iptv\/"},"modified":"2023-01-07T10:41:16","modified_gmt":"2023-01-07T10:41:16","slug":"abonnement-flix-iptv","status":"publish","type":"product","link":"https:\/\/abonnementiptv.cc\/en\/product\/abonnement-flix-iptv\/","title":{"rendered":"Abonnement Flix IPTV"},"content":{"rendered":"<h2>FLIX IPTV &#8211; Le meilleur lecteur IPTV pour les t\u00e9l\u00e9viseurs smart et les appareils mobiles<\/h2>\n<p>Con\u00e7ue pour les appareils Samsung Tizen, Android et LG Web OS, cette application est rapide et gratuite, ce qui permet d\\&rsquo;\u00e9conomiser sur les co\u00fbts Internet. Cr\u00e9ez votre propre liste et acc\u00e9dez aux cha\u00eenes de t\u00e9l\u00e9vision en direct telles que les films, les s\u00e9ries, les retransmissions de matchs, la radio de la mani\u00e8re la plus rapide et la plus simple Abonnement Flix IPTV.<\/p>\n<p>Vous pouvez regarder autant de cha\u00eenes et de s\u00e9ries \u00e9trang\u00e8res que vous le souhaitez et profiter de la t\u00e9l\u00e9vision illimit\u00e9e dans votre poche en utilisant votre propre liste d\\&rsquo;outils, par exemple comme SMART TV, sur votre t\u00e9l\u00e9phone, votre ordinateur de bureau ou votre PC.\u00a0Toutes les cha\u00eenes seront affich\u00e9es en plein \u00e9cran et vous pourrez voir l\\&rsquo;\u00e9cran de pr\u00e9visualisation avec clart\u00e9 et r\u00e9solution au plus haut niveau.<\/p>\n<p>Flix TV APP est disponible pour toutes les r\u00e9solutions d\\&rsquo;\u00e9cran sur Android TV, smartphones, sticks Android et box Android.<\/p>\n<p>Vous pouvez trouver la date de sortie, le contenu, les r\u00f4les jou\u00e9s par les acteurs et voir les scores qu\\&rsquo;ils ont re\u00e7us de TMDB.\u00a0Si vous ne trouvez pas un film, vous pouvez le rechercher et le regarder imm\u00e9diatement gr\u00e2ce \u00e0 sa fonction de recherche.\u00a0Vous pouvez \u00e9galement ajouter vos \u00e9missions de t\u00e9l\u00e9vision, films et s\u00e9ries pr\u00e9f\u00e9r\u00e9s.<\/p>\n<h2><strong><b>Avec l\\&rsquo;abonnement Flix IPTV,\u00a0<\/b><\/strong><strong><b>\u00a0vous pouvez obtenir<\/b><\/strong><\/h2>\n<ul>\n<li>Cha\u00eenes en direct : avec plus de 9 000 cha\u00eenes anglaises et \u00e9trang\u00e8res : Arabe, Arabie Saoudite, \u00c9mirats Arabes Unis, Turquie, Kurde, Kowe\u00eft, \u00c9tats-Unis, Canada, Mexique, Royaume-Uni, Australie, Nouvelle-Z\u00e9lande, FR, DE, IT, Espagnol, Argentine, Colombie, P\u00e9rou, Portugal, Br\u00e9sil, Afrique, Afrique du Sud, Kenya, Malaisie, Indon\u00e9sie, Tha\u00eflande, Philippines, Cor\u00e9e, Japon \u2026\u2026<\/li>\n<li>Films (VOD)\u00a0: plus de 20\u00a0000\u00a0films de tous genres, y compris des mises \u00e0 jour hebdomadaires des films r\u00e9cents au box-office<\/li>\n<li>S\u00e9ries (VOD)\u00a0: plus de 15\u00a0000\u00a0s\u00e9ries, y compris des mises \u00e0 jour r\u00e9guli\u00e8res sur toutes vos s\u00e9ries pr\u00e9f\u00e9r\u00e9es<\/li>\n<\/ul>\n<h2>FAQ<\/h2>\n<h3 id=\"\\\"elementor-tab-title-1451\\\"\" class=\"\\\"elementor-tab-title\" elementor-active\\\" tabindex=\"\\\"0\\\"\" role=\"\\\"tab\\\"\" data-tab=\"\\\"1\\\"\" aria-controls=\"\\\"elementor-tab-content-1451\\\"\" aria-expanded=\"\\\"true\\\"\" aria-selected=\"\\\"><strong>Comment souscrire \u00e0 ce service IPTV ?<\/strong><\/h3>\n<div id=\"\\\"elementor-tab-content-1451\\\"\" class=\"\\\"elementor-tab-content\" elementor-clearfix elementor-active\\\" role=\"\\\"tabpanel\\\"\" data-tab=\"\\\"1\\\"\" aria-labelledby=\"\\\"elementor-tab-title-1451\\\"\">\n<ol>\n<li>Ouvrez la\u00a0\u00a0<strong>page d\\&rsquo;abonnement<\/strong>\u00a0\u00a0pour voir les forfaits et les prix.<\/li>\n<li>Choisissez votre service et vous pouvez payer par Visa, Mastercard.<\/li>\n<li>Nous livrerons votre commande manuellement dans un d\u00e9lai de 5 minutes \u00e0 12 heures.<\/li>\n<\/ol>\n<\/div>\n<h3>Comment mon abonnement IPTV est-il livr\u00e9 ?<\/h3>\n<ol>\n<li>Nous traitons g\u00e9n\u00e9ralement les commandes manuellement (pour des raisons de s\u00e9curit\u00e9), veuillez donc patienter une fois le paiement effectu\u00e9.<\/li>\n<li>Vos informations d\\&rsquo;abonnement seront envoy\u00e9es \u00e0 l\\&rsquo;adresse e-mail que vous avez mentionn\u00e9e dans le formulaire de paiement.<\/li>\n<li>La livraison de votre abonnement prend g\u00e9n\u00e9ralement 5 minutes, mais peut prendre jusqu\\&rsquo;\u00e0 12 heures.\u00a0Si vous n\\&rsquo;avez pas re\u00e7u votre commande apr\u00e8s 12 heures, veuillez nous contacter et v\u00e9rifier d\\&rsquo;abord votre bo\u00eete de r\u00e9ception\/spam.<\/li>\n<\/ol>","protected":false},"excerpt":{"rendered":"<p>L\\&rsquo;abonnement Flix IPTV comprend plus de 9 000 cha\u00eenes (cha\u00eenes de cin\u00e9ma, cha\u00eenes de sport, cha\u00eenes de s\u00e9ries et de divertissement, cha\u00eenes documentaires, cha\u00eenes pour enfants, cha\u00eenes musicales et 35 000 VOD (s\u00e9ries, films, documentaires, anime, enfants, etc.).<\/p>\n<ol>\n<li>Qualit\u00e9 de canal 720p\/1080p\/4K<\/li>\n<li>Assistance technique et assistance 24h\/24 et 7j\/7<\/li>\n<li>Mises \u00e0 jour gratuites<\/li>\n<li>Pas de cha\u00eenes pour adultes<\/li>\n<li>Pas de frais de d\u00e9marrage<\/li>\n<li>VOD multilingue mise \u00e0 jour<\/li>\n<li>D\u00e9calage horaire et EPG<\/li>\n<li>Disponibilit\u00e9 99,99\u00a0%<\/li>\n<\/ol>\n<p><strong>Remarque\u00a0:<\/strong>\u00a0L\\&rsquo;abonnement est un paiement unique (non r\u00e9current ni pr\u00e9-approuv\u00e9).<\/p>\n<p>Lorsqu\\&rsquo;un abonnement a expir\u00e9, vous devez effectuer une nouvelle transaction pour le renouveler.<\/p>\n<p>Contactez-nous via\u00a0<strong><a href=\"\/en\/\"https:>WhatsApp<\/a><\/strong> avant l\\&rsquo;achat \\\u00a0\u00bb abonnement <a href=\"\/en\/\"https:>Flix IPTV<\/a> \\\u00a0\u00bb pour obtenir un essai gratuit de 1 jours<\/p>","protected":false},"featured_media":645,"comment_status":"closed","ping_status":"closed","template":"","meta":{"_uag_custom_page_level_css":""},"product_brand":[],"product_cat":[167],"product_tag":[165,166],"class_list":{"0":"post-1050","1":"product","2":"type-product","3":"status-publish","4":"has-post-thumbnail","6":"product_cat-uncategorized","7":"product_tag-abonnement-flix-iptv","8":"product_tag-flix-iptv","10":"first","11":"instock","12":"taxable","13":"shipping-taxable","14":"purchasable","15":"product-type-simple"},"uagb_featured_image_src":{"full":["https:\/\/abonnementiptv.cc\/wp-content\/uploads\/2022\/12\/Comment-installer-Flix-IPTV-1.png",1200,630,false],"thumbnail":["https:\/\/abonnementiptv.cc\/wp-content\/uploads\/2022\/12\/Comment-installer-Flix-IPTV-1-150x150.png",150,150,true],"medium":["https:\/\/abonnementiptv.cc\/wp-content\/uploads\/2022\/12\/Comment-installer-Flix-IPTV-1-300x158.png",300,158,true],"medium_large":["https:\/\/abonnementiptv.cc\/wp-content\/uploads\/2022\/12\/Comment-installer-Flix-IPTV-1-768x403.png",768,403,true],"large":["https:\/\/abonnementiptv.cc\/wp-content\/uploads\/2022\/12\/Comment-installer-Flix-IPTV-1-1024x538.png",1024,538,true],"1536x1536":["https:\/\/abonnementiptv.cc\/wp-content\/uploads\/2022\/12\/Comment-installer-Flix-IPTV-1.png",1200,630,false],"2048x2048":["https:\/\/abonnementiptv.cc\/wp-content\/uploads\/2022\/12\/Comment-installer-Flix-IPTV-1.png",1200,630,false],"trp-custom-language-flag":["https:\/\/abonnementiptv.cc\/wp-content\/uploads\/2022\/12\/Comment-installer-Flix-IPTV-1.png",18,9,false],"woocommerce_thumbnail":["https:\/\/abonnementiptv.cc\/wp-content\/uploads\/2022\/12\/Comment-installer-Flix-IPTV-1-300x300.png",300,300,true],"woocommerce_single":["https:\/\/abonnementiptv.cc\/wp-content\/uploads\/2022\/12\/Comment-installer-Flix-IPTV-1.png",600,315,false],"woocommerce_gallery_thumbnail":["https:\/\/abonnementiptv.cc\/wp-content\/uploads\/2022\/12\/Comment-installer-Flix-IPTV-1-100x100.png",100,100,true]},"uagb_author_info":{"display_name":"abonnementiptv","author_link":"https:\/\/abonnementiptv.cc\/en\/author\/"},"uagb_comment_info":0,"uagb_excerpt":"L\\'abonnement Flix IPTV comprend plus de 9 000 cha\u00eenes (cha\u00eenes de cin\u00e9ma, cha\u00eenes de sport, cha\u00eenes de s\u00e9ries et de divertissement, cha\u00eenes documentaires, cha\u00eenes pour enfants, cha\u00eenes musicales et 35 000 VOD (s\u00e9ries, films, documentaires, anime, enfants, etc.). Qualit\u00e9 de canal 720p\/1080p\/4K Assistance technique et assistance 24h\/24 et 7j\/7 Mises \u00e0 jour gratuites Pas de&hellip;","_links":{"self":[{"href":"https:\/\/abonnementiptv.cc\/en\/wp-json\/wp\/v2\/product\/1050","targetHints":{"allow":["GET"]}}],"collection":[{"href":"https:\/\/abonnementiptv.cc\/en\/wp-json\/wp\/v2\/product"}],"about":[{"href":"https:\/\/abonnementiptv.cc\/en\/wp-json\/wp\/v2\/types\/product"}],"replies":[{"embeddable":true,"href":"https:\/\/abonnementiptv.cc\/en\/wp-json\/wp\/v2\/comments?post=1050"}],"wp:featuredmedia":[{"embeddable":true,"href":"https:\/\/abonnementiptv.cc\/en\/wp-json\/wp\/v2\/media\/645"}],"wp:attachment":[{"href":"https:\/\/abonnementiptv.cc\/en\/wp-json\/wp\/v2\/media?parent=1050"}],"wp:term":[{"taxonomy":"product_brand","embeddable":true,"href":"https:\/\/abonnementiptv.cc\/en\/wp-json\/wp\/v2\/product_brand?post=1050"},{"taxonomy":"product_cat","embeddable":true,"href":"https:\/\/abonnementiptv.cc\/en\/wp-json\/wp\/v2\/product_cat?post=1050"},{"taxonomy":"product_tag","embeddable":true,"href":"https:\/\/abonnementiptv.cc\/en\/wp-json\/wp\/v2\/product_tag?post=1050"}],"curies":[{"name":"wp","href":"https:\/\/api.w.org\/{rel}","templated":true}]}}