{"id":1051,"date":"2023-01-07T10:51:57","date_gmt":"2023-01-07T10:51:57","guid":{"rendered":"https:\/\/abonnementiptv.cc\/produit\/abonnement-gse-smart-iptv\/"},"modified":"2023-01-07T10:51:57","modified_gmt":"2023-01-07T10:51:57","slug":"abonnement-gse-smart-iptv","status":"publish","type":"product","link":"https:\/\/abonnementiptv.cc\/en\/product\/abonnement-gse-smart-iptv\/","title":{"rendered":"Abonnement GSE Smart IPTV"},"content":{"rendered":"<p><strong>L\\&rsquo;abonnement GSE Smart\u00a0IPTV<\/strong>\u00a0donne acc\u00e8s aux \u00e9l\u00e9ments suivants\u00a0:<\/p>\n<ul>\n<li>Le bouquet complet de cha\u00eenes inclus arabe\/asie\/Europe\/am\u00e9rique latine\/am\u00e9rique du nord<\/li>\n<li>Diff\u00e9rents types de programmes : Films \/ S\u00e9ries VIP \/ Dessins anim\u00e9s \/ Musique \/ Actualit\u00e9s \/ D\u00e9couverte \/ Vie<\/li>\n<li>Cha\u00eenes KIDS Premium : Carton Films \/ Musique \/ Disney+ Action<\/li>\n<li>Cha\u00eenes sportives premium : Sports britanniques\/Sports arabes\/Sports fran\u00e7ais\/Sports allemands\/Sports am\u00e9ricains\/Sports canadiens<\/li>\n<\/ul>\n<h2>Fonctionnalit\u00e9s de l\\&rsquo;abonnement GSE Smart IPTV<\/h2>\n<p>Prise en charge : Prise en charge de CHROMECAST : Prise<br \/>\nen charge de l\\&rsquo;API XTREAM-CODES : Liste de lecture<br \/>\nAuto Live et VOD, y compris EPG et informations sur les films<br \/>\nPrise en charge : Reconnexion automatique en direct<br \/>\nPrise en charge : Format EPG XMLTV (prise en charge des fichiers locaux et distants, format xml, zip, gz) Prise en charge : Prise en\u00a0charge du<br \/>\ncontr\u00f4le parental<br \/>\n: Copier et coller du contenu M3U<br \/>\nPrise en charge : Changement de langue dynamique (31 langues)<br \/>\nPrise en charge : Plusieurs th\u00e8mes<br \/>\nPrise en charge : Le lecteur int\u00e9gr\u00e9 prend en charge tous les formats populaires, y compris les jetons RTMP<br \/>\nPrise en charge : Prise en charge des sous-titres int\u00e9gr\u00e9s et des sous-titres externes (SRT)<br \/>\n(prise en charge des sous-titres \u00e0 double carte int\u00e9gr\u00e9s : T\u00c9L\u00c9TEXTE DVB, sous-titre DVD, sous-titre DVB, xsub, sous-titre hdmv pgs, ASS, SSA, SUBRIP \u2026. et plus \u2026.)<br \/>\nGSE SMART IPTV est une solution IPTV avanc\u00e9e compl\u00e8te d\u00e9finie par l\\&rsquo;utilisateur pour la t\u00e9l\u00e9vision\/le streaming en direct et non en direct.<br \/>\nL\\&rsquo;IPTV en direct prend en charge<br \/>\n\u2714 HTTP, HSL, M3U8, MMS, RTSP, etc.<br \/>\n\u2714 Prise en charge RTMP pour toutes les options, y compris les jetons de s\u00e9curit\u00e9.<\/p>\n<h2>Service TV Internet stable et de qualit\u00e9 !<\/h2>\n<p>Serveur rapide et fiable<br \/>\nCompatible avec tous les appareils, y compris MAG, Android, XBMC, Enigma, IPTV Box, PC et Smart TV<br \/>\nFournit un chat en direct 24h\/24 et 7j\/7<br \/>\n\u00c9conomie de co\u00fbts.\u00a0Le co\u00fbt moyen d\\&rsquo;un abonnement \u00e0 la t\u00e9l\u00e9vision par c\u00e2ble est bien sup\u00e9rieur \u00e0 150 $.\u00a0Nous pouvons remettre plus de 80\u00a0% de cet argent dans votre poche Les applications de<br \/>\nstreaming Full HD et 4K<br \/>\nsont faciles \u00e0 utiliser et \u00e0 installer<\/p>\n<h2>FAQ<\/h2>\n<h3>Dans combien de temps puis-je utiliser le service ?<\/h3>\n<p>Vous recevrez votre abonnement dans les 24 heures, mais g\u00e9n\u00e9ralement tous les abonnements sont envoy\u00e9s dans les 8 heures suivant votre commande.<\/p>\n<h3>Offrez-vous un essai ou un compte d\\&rsquo;essai gratuit\u00a0?<\/h3>\n<p>Oui, vous pouvez profiter d\\&rsquo;un essai gratuit de 1 jours de Best IPTV. Testez la qualit\u00e9 du flux et la stabilit\u00e9, puis d\u00e9cidez de vous inscrire.<\/p>","protected":false},"excerpt":{"rendered":"<p>Meilleurs forfaits d\\&rsquo;abonnement GSE Smart IPTV<\/p>\n<ul>\n<li>Assistance 7\/24H\/365<\/li>\n<li>Qualit\u00e9 4K\/UHD, HD et SD<\/li>\n<li>Plus de 9000 cha\u00eenes en direct<\/li>\n<li>20 000 films + 15 000 s\u00e9ries<\/li>\n<li>C\u00e9l\u00e8bres \u00e9v\u00e9nements sportifs et PPV Premium<\/li>\n<li>D\u00e9calage horaire et EPG<\/li>\n<li>Disponibilit\u00e9 99,99\u00a0%<\/li>\n<li>Prend en charge tous les appareils<\/li>\n<li>M3U &amp; MAG &amp; Emigma &amp; IOS &amp; Android &amp; Windows &amp; Linux<\/li>\n<\/ul>\n<p><strong>Remarque\u00a0:<\/strong>\u00a0L\\&rsquo;abonnement est un paiement unique (non r\u00e9current ni pr\u00e9-approuv\u00e9).<\/p>\n<p>Lorsqu\\&rsquo;un abonnement a expir\u00e9, vous devez effectuer une nouvelle transaction pour le renouveler.<\/p>\n<p>Contactez-nous via\u00a0<a href=\"\/en\/\"https:><strong>WhatsApp<\/strong><\/a> avant l\\&rsquo;achat pour obtenir un essai gratuit de 1 jours.<\/p>","protected":false},"featured_media":871,"comment_status":"closed","ping_status":"closed","template":"","meta":{"_uag_custom_page_level_css":""},"product_brand":[],"product_cat":[167],"product_tag":[168],"class_list":{"0":"post-1051","1":"product","2":"type-product","3":"status-publish","4":"has-post-thumbnail","6":"product_cat-uncategorized","7":"product_tag-abonnement-gse-smart-iptv","9":"first","10":"instock","11":"virtual","12":"taxable","13":"purchasable","14":"product-type-simple"},"uagb_featured_image_src":{"full":["https:\/\/abonnementiptv.cc\/wp-content\/uploads\/2022\/12\/GSE-Smart-IPTV-1-1.webp",200,200,false],"thumbnail":["https:\/\/abonnementiptv.cc\/wp-content\/uploads\/2022\/12\/GSE-Smart-IPTV-1-1-150x150.webp",150,150,true],"medium":["https:\/\/abonnementiptv.cc\/wp-content\/uploads\/2022\/12\/GSE-Smart-IPTV-1-1.webp",200,200,false],"medium_large":["https:\/\/abonnementiptv.cc\/wp-content\/uploads\/2022\/12\/GSE-Smart-IPTV-1-1.webp",200,200,false],"large":["https:\/\/abonnementiptv.cc\/wp-content\/uploads\/2022\/12\/GSE-Smart-IPTV-1-1.webp",200,200,false],"1536x1536":["https:\/\/abonnementiptv.cc\/wp-content\/uploads\/2022\/12\/GSE-Smart-IPTV-1-1.webp",200,200,false],"2048x2048":["https:\/\/abonnementiptv.cc\/wp-content\/uploads\/2022\/12\/GSE-Smart-IPTV-1-1.webp",200,200,false],"trp-custom-language-flag":["https:\/\/abonnementiptv.cc\/wp-content\/uploads\/2022\/12\/GSE-Smart-IPTV-1-1.webp",12,12,false],"woocommerce_thumbnail":["https:\/\/abonnementiptv.cc\/wp-content\/uploads\/2022\/12\/GSE-Smart-IPTV-1-1.webp",200,200,false],"woocommerce_single":["https:\/\/abonnementiptv.cc\/wp-content\/uploads\/2022\/12\/GSE-Smart-IPTV-1-1.webp",200,200,false],"woocommerce_gallery_thumbnail":["https:\/\/abonnementiptv.cc\/wp-content\/uploads\/2022\/12\/GSE-Smart-IPTV-1-1.webp",100,100,false]},"uagb_author_info":{"display_name":"abonnementiptv","author_link":"https:\/\/abonnementiptv.cc\/en\/author\/"},"uagb_comment_info":0,"uagb_excerpt":"Meilleurs forfaits d\\'abonnement GSE Smart IPTV Assistance 7\/24H\/365 Qualit\u00e9 4K\/UHD, HD et SD Plus de 9000 cha\u00eenes en direct 20 000 films + 15 000 s\u00e9ries C\u00e9l\u00e8bres \u00e9v\u00e9nements sportifs et PPV Premium D\u00e9calage horaire et EPG Disponibilit\u00e9 99,99\u00a0% Prend en charge tous les appareils M3U &amp; MAG &amp; Emigma &amp; IOS &amp; Android &amp; Windows&hellip;","_links":{"self":[{"href":"https:\/\/abonnementiptv.cc\/en\/wp-json\/wp\/v2\/product\/1051","targetHints":{"allow":["GET"]}}],"collection":[{"href":"https:\/\/abonnementiptv.cc\/en\/wp-json\/wp\/v2\/product"}],"about":[{"href":"https:\/\/abonnementiptv.cc\/en\/wp-json\/wp\/v2\/types\/product"}],"replies":[{"embeddable":true,"href":"https:\/\/abonnementiptv.cc\/en\/wp-json\/wp\/v2\/comments?post=1051"}],"wp:featuredmedia":[{"embeddable":true,"href":"https:\/\/abonnementiptv.cc\/en\/wp-json\/wp\/v2\/media\/871"}],"wp:attachment":[{"href":"https:\/\/abonnementiptv.cc\/en\/wp-json\/wp\/v2\/media?parent=1051"}],"wp:term":[{"taxonomy":"product_brand","embeddable":true,"href":"https:\/\/abonnementiptv.cc\/en\/wp-json\/wp\/v2\/product_brand?post=1051"},{"taxonomy":"product_cat","embeddable":true,"href":"https:\/\/abonnementiptv.cc\/en\/wp-json\/wp\/v2\/product_cat?post=1051"},{"taxonomy":"product_tag","embeddable":true,"href":"https:\/\/abonnementiptv.cc\/en\/wp-json\/wp\/v2\/product_tag?post=1051"}],"curies":[{"name":"wp","href":"https:\/\/api.w.org\/{rel}","templated":true}]}}