{"id":1052,"date":"2023-01-07T12:45:17","date_gmt":"2023-01-07T12:45:17","guid":{"rendered":"https:\/\/abonnementiptv.cc\/produit\/home-abonnement-iptv\/"},"modified":"2023-01-07T12:45:17","modified_gmt":"2023-01-07T12:45:17","slug":"home-abonnement-iptv","status":"publish","type":"product","link":"https:\/\/abonnementiptv.cc\/en\/product\/home-abonnement-iptv\/","title":{"rendered":"HOME Abonnement IPTV"},"content":{"rendered":"<p>HOME Abonnement IPTV Nous sommes un fournisseur d\\&rsquo; abonnement IPTV premium avec de nombreuses ann\u00e9es d\\&rsquo;exp\u00e9rience.<\/p>\n<p>Notre service\u00a0IPTV\u00a0vous offre la meilleure qualit\u00e9 d\\&rsquo;image gr\u00e2ce \u00e0 nos serveurs puissants et stables sans interf\u00e9rence, qui vous garantiront la meilleure qualit\u00e9 de live TV et VOD.<\/p>\n<ul>\n<li>Serveurs fiables et rapides : HOME Abonnement IPTV est un serveur IPTV fiable et stable, qui prend en charge la technologie 24h\/24 et 7j\/7, maintient tous les codes ou panneaux revendeurs en \u00e9tat de marche et garantit un service ininterrompu.<\/li>\n<li>Haute Compatibilit\u00e9 :\n<div class=\"\\\"elementor-column\" elementor-col-33 elementor-top-column elementor-element elementor-element-5b4b3877\\\" data-id=\"\\\"5b4b3877\\\"\" data-element_type=\"\\\"column\\\"\">\n<div class=\"\\\"elementor-widget-wrap\" elementor-element-populated\\\">\n<div class=\"\\\"elementor-element\" elementor-element-d4719f0 elementor-position-left elementor-vertical-align-top elementor-widget elementor-widget-image-box\\\" data-id=\"\\\"d4719f0\\\"\" data-element_type=\"\\\"widget\\\"\" data-widget_type=\"\\\"image-box.default\\\"\">\n<div class=\"\\\"elementor-widget-container\\\"\">\n<div class=\"\\\"elementor-image-box-wrapper\\\"\">\n<div class=\"\\\"elementor-image-box-content\\\"\">\n<p class=\"\\\"elementor-image-box-description\\\"\">Compatible avec tous les appareils, y compris MAG, Android, XBMC, Enigma, IPTV Box, PC et Smart TV<\/p>\n<\/div>\n<\/div>\n<\/div>\n<\/div>\n<\/div>\n<\/div>\n<div class=\"\\\"elementor-column\" elementor-col-33 elementor-top-column elementor-element elementor-element-1f16b190\\\" data-id=\"\\\"1f16b190\\\"\" data-element_type=\"\\\"column\\\"\">\n<div class=\"\\\"elementor-widget-wrap\" elementor-element-populated\\\">\n<div class=\"\\\"elementor-element\" elementor-element-54a994cc elementor-position-left elementor-vertical-align-top elementor-widget elementor-widget-image-box\\\" data-id=\"\\\"54a994cc\\\"\" data-element_type=\"\\\"widget\\\"\" data-widget_type=\"\\\"image-box.default\\\"\">\n<div class=\"\\\"elementor-widget-container\\\"\">\n<div class=\"\\\"elementor-image-box-wrapper\\\"\"><\/div>\n<\/div>\n<\/div>\n<\/div>\n<\/div>\n<\/li>\n<li>Assistance de premier ordre\u00a0: nous sommes disponibles 24h\/24 et 7j\/7 pour le chat en direct sur Whatsapp\/WeChat\/Skype\/Telegram. N\\&rsquo;h\u00e9sitez pas \u00e0 nous contacter et \u00e0 demander un essai.<\/li>\n<li>\u00c9conomies de co\u00fbts\u00a0: le co\u00fbt moyen d\\&rsquo;un abonnement au c\u00e2ble est bien sup\u00e9rieur \u00e0 150\u00a0$.\u00a0Nous pouvons remettre plus de 80 % de cet argent dans votre poche.<\/li>\n<li>Diffusion FHD et 4K\u00a0: diffusion des cha\u00eenes FHD et 4K, sans gel ni mise en m\u00e9moire tampon.\u00a0Nous mettons \u00e9galement r\u00e9guli\u00e8rement \u00e0 jour de nouvelles cha\u00eenes, films et s\u00e9ries.<\/li>\n<li>Installation facile : Notre nouvelle application Apk est facile \u00e0 utiliser et \u00e0 installer.\u00a0M\u00eame les personnes les moins averties peuvent commencer \u00e0 utiliser l\\&rsquo;application en quelques minutes.<\/li>\n<\/ul>\n<h2><strong>Caract\u00e9ristique HOME Abonnement IPTV<\/strong><\/h2>\n<ul>\n<li>Assistance 7\/24H\/365<\/li>\n<li>Qualit\u00e9 4K\/UHD, HD et SD<\/li>\n<li>Plus de 9000 cha\u00eenes en direct<\/li>\n<li>20 000 films + 15 000 s\u00e9ries<\/li>\n<li>C\u00e9l\u00e8bres \u00e9v\u00e9nements sportifs et PPV Premium<\/li>\n<li>D\u00e9calage horaire et EPG<\/li>\n<li>Disponibilit\u00e9 99,99\u00a0%<\/li>\n<li>Prend en charge tous les appareils<\/li>\n<li>M3U &amp; MAG &amp; Emigma &amp; IOS &amp; Android &amp; Windows &amp; Linux<\/li>\n<\/ul>\n<h2><strong>Qu\\&rsquo;est-ce que l\\&rsquo;IPTV domestique ?<\/strong><\/h2>\n<p>Home IPTV\u00a0est une application gratuite qui vous permet d\\&rsquo;ajouter des liens M3U et de diffuser du contenu IPTV disponible gratuitement, vous donnant acc\u00e8s \u00e0 vos\u00a0abonnements IPTV\u00a0en direct , y compris des films ou des s\u00e9ries.<\/p>\n<p>L\\&rsquo;application est compatible avec plusieurs m\u00e9dias, tels que Samsung Smart TV et LG Smart TV.<\/p>\n<p>Vous devez rechercher Home IPTV dans votre magasin d\\&rsquo;applications TV et l\\&rsquo;installer.<\/p>\n<p>En particulier, cette application ne propose pas de contenu tel que des cha\u00eenes de t\u00e9l\u00e9vision ou des films.<\/p>\n<h2><strong>Caract\u00e9ristique<\/strong><\/h2>\n<ul>\n<li>EPG gratuit (guide \u00e9lectronique des programmes)<\/li>\n<li>Ajoute la cha\u00eene \u00e0 la liste des favoris<\/li>\n<li>Interface simple et pratique<\/li>\n<li>Prend en charge les formats les plus utilis\u00e9s M3U et M3U8<\/li>\n<\/ul>\n<h2><strong>Comment charger des playlists IPTV sur Home IPTV ?<\/strong><\/h2>\n<p>L\\&rsquo;application Home IPTV n\\&rsquo;offre pas de contenu comme les cha\u00eenes de t\u00e9l\u00e9vision ou les films ;\u00a0vous devez vous abonner via un\u00a0<a href=\"\/en\/\"https:>fournisseur IPTV<\/a>\u00a0.\u00a0Si vous n\\&rsquo;en avez pas encore plac\u00e9.\u00a0Voici comment ajouter des listes de lecture IPTV :\u00a0\u00a0<strong>\u00c9tape 1 :<\/strong>\u00a0\u00a0Allumez HOME IPTV et vous pourrez trouver l\\&rsquo;adresse MAC \u00e0 l\\&rsquo;\u00e9cran.<\/p>\n<figure class=\"\\\"wp-block-image\" size-full\\\"><img class=\"\\\"wp-image-722\" lazyloaded \\\" title=\"\\\"accueil\" abonnement iptv 1\\\" src=\"\\\"https:><\/figure>\n<p><strong>\u00c9tape 2 :<\/strong>\u00a0\u00a0puis lancez l\\&rsquo;\u00e9tiquette de\u00a0\u00a0<strong>t\u00e9l\u00e9chargement<\/strong>\u00a0\u00a0sur \u00ab\u00a0<strong><a href=\"\/en\/\"https:>https:\/\/homeiptv.com\/<\/a><\/strong>\u00a0\u00bb activez\u00a0\u00a0<strong>\u00c9tape 3 :<\/strong>\u00a0\u00a0t\u00e9l\u00e9chargez le lien M3U sur votre ID TV<\/p>\n<figure class=\"\\\"wp-block-image\" size-full\\\"><img class=\"\\\"wp-image-721\" lazyloaded \\\" title=\"\\\"accueil\" abonnement iptv 3\\\" src=\"\\\"https:><\/figure>\n<p class=\"\\\"has-background\\\"\"><strong>Remarque :<\/strong>\u00a0\u00a0remplissez les informations avec pr\u00e9cision, ouvrez le\u00a0\u00a0<strong>portail de t\u00e9l\u00e9chargement<\/strong>\u00a0IPTV domestique et entrez l\\&rsquo;\u00a0\u00a0<strong>ID TV<\/strong>\u00a0\u00a0et\u00a0 le\u00a0<strong>lien M3U<\/strong>\u00a0, puis cliquez sur Importer la cha\u00eene.<\/p>\n<p><strong>\u00c9tape 4 :<\/strong>\u00a0\u00a0Lorsque vous voyez le message \u00ab\u00a0<strong>Success<\/strong>\u00a0\u00bb, veuillez retourner \u00e0 votre application Home IPTV sur le t\u00e9l\u00e9viseur\u00a0\u00a0<strong>\u00c9tape 5 :<\/strong>\u00a0\u00a0Appuyez sur \u00ab\u00a0<strong>O<\/strong>\u00a0\u00bb sur la t\u00e9l\u00e9commande pour recharger l\\&rsquo;application et importer les cha\u00eenes.\u00a0.\u00a0Vous pouvez maintenant profiter pleinement de votre\u00a0abonnement IPTV\u00a0et profiter des nombreux avantages de cette superbe application.<\/p>\n<h2><strong>Comment installer Home IPTV sur les appareils Android ?<\/strong><\/h2>\n<p><strong>\u00c9tape\u00a01\u00a0:<\/strong>\u00a0\u00a0Ouvrez votre navigateur sur votre appareil Android<\/p>\n<p><strong>\u00c9tape 2 :<\/strong>\u00a0\u00a0Cliquez et recherchez \u00ab\u00a0<strong>Home IPTV<\/strong>\u00a0\u00bb<\/p>\n<p><strong>\u00c9tape\u00a03\u00a0:<\/strong>\u00a0Activer l\\&rsquo;autorisation d\\&rsquo;installer des sources inconnues<\/p>\n<p><strong>\u00c9tape 4 :<\/strong>\u00a0\u00a0Cliquez sur t\u00e9l\u00e9charger Home IPTV<\/p>\n<p><strong>\u00c9tape 5 :<\/strong>\u00a0\u00a0Lorsque le t\u00e9l\u00e9chargement est termin\u00e9, cliquez sur Installer l\\&rsquo;application<\/p>\n<p><strong>\u00c9tape 6 :\u00a0<\/strong>\u00a0Apr\u00e8s l\\&rsquo;installation, ouvrez l\\&rsquo;application et\u00a0\u00a0<strong>entrez le lien M3U<\/strong>\u00a0\u00a0pour diffuser du contenu IPTV<\/p>\n<p>Vous n\\&rsquo;avez pas \u00e0 payer pour utiliser le Home IPTV Player pour regarder votre playlist M3U car c\\&rsquo;est gratuit.\u00a0Si vous n\\&rsquo;avez pas encore d\\&rsquo;\u00a0<a title=\"\\\"abonnement\" iptv\\\" href=\"\/en\/\"https:>abonnement IPTV<\/a>\u00a0, cliquez ici pour obtenir un\u00a0<strong>\u00a0abonnement IPTV<\/strong>\u00a0gratuit \u00a0maintenant.<\/p>","protected":false},"excerpt":{"rendered":"<p>Aimez-vous l\\&rsquo;IPTV HOME? Vous devez vous abonner \u00e0 IPTV si vous le souhaitez.<\/p>\n<p>Home IPTV est une application gratuite qui vous permet d\\&rsquo;ajouter des liens M3U et de diffuser du contenu IPTV librement disponible, vous donnant acc\u00e8s \u00e0 vos abonnements IPTV en direct, y compris des films ou des s\u00e9ries.<\/p>\n<p><strong>Remarque\u00a0:<\/strong>\u00a0L\\&rsquo;abonnement est un paiement unique (non r\u00e9current ni pr\u00e9-approuv\u00e9).<\/p>\n<p>Lorsqu\\&rsquo;un abonnement a expir\u00e9, vous devez effectuer une nouvelle transaction pour le renouveler.<\/p>\n<p>Contactez-nous via\u00a0<strong><a href=\"\/en\/\"https:>WhatsApp<\/a><\/strong> avant l\\&rsquo;achat pour obtenir un essai gratuit de 1 jours.<\/p>","protected":false},"featured_media":1053,"comment_status":"closed","ping_status":"closed","template":"","meta":{"_uag_custom_page_level_css":""},"product_brand":[],"product_cat":[167],"product_tag":[169],"class_list":{"0":"post-1052","1":"product","2":"type-product","3":"status-publish","4":"has-post-thumbnail","6":"product_cat-uncategorized","7":"product_tag-home-abonnement-iptv","9":"first","10":"instock","11":"virtual","12":"taxable","13":"purchasable","14":"product-type-simple"},"uagb_featured_image_src":{"full":false,"thumbnail":false,"medium":false,"medium_large":false,"large":false,"1536x1536":false,"2048x2048":false,"trp-custom-language-flag":false,"woocommerce_thumbnail":false,"woocommerce_single":false,"woocommerce_gallery_thumbnail":false},"uagb_author_info":{"display_name":"abonnementiptv","author_link":"https:\/\/abonnementiptv.cc\/en\/author\/"},"uagb_comment_info":0,"uagb_excerpt":"Aimez-vous l\\'IPTV HOME? Vous devez vous abonner \u00e0 IPTV si vous le souhaitez. Home IPTV est une application gratuite qui vous permet d\\'ajouter des liens M3U et de diffuser du contenu IPTV librement disponible, vous donnant acc\u00e8s \u00e0 vos abonnements IPTV en direct, y compris des films ou des s\u00e9ries. Remarque\u00a0:\u00a0L\\'abonnement est un paiement unique&hellip;","_links":{"self":[{"href":"https:\/\/abonnementiptv.cc\/en\/wp-json\/wp\/v2\/product\/1052","targetHints":{"allow":["GET"]}}],"collection":[{"href":"https:\/\/abonnementiptv.cc\/en\/wp-json\/wp\/v2\/product"}],"about":[{"href":"https:\/\/abonnementiptv.cc\/en\/wp-json\/wp\/v2\/types\/product"}],"replies":[{"embeddable":true,"href":"https:\/\/abonnementiptv.cc\/en\/wp-json\/wp\/v2\/comments?post=1052"}],"wp:featuredmedia":[{"embeddable":true,"href":"https:\/\/abonnementiptv.cc\/en\/wp-json\/"}],"wp:attachment":[{"href":"https:\/\/abonnementiptv.cc\/en\/wp-json\/wp\/v2\/media?parent=1052"}],"wp:term":[{"taxonomy":"product_brand","embeddable":true,"href":"https:\/\/abonnementiptv.cc\/en\/wp-json\/wp\/v2\/product_brand?post=1052"},{"taxonomy":"product_cat","embeddable":true,"href":"https:\/\/abonnementiptv.cc\/en\/wp-json\/wp\/v2\/product_cat?post=1052"},{"taxonomy":"product_tag","embeddable":true,"href":"https:\/\/abonnementiptv.cc\/en\/wp-json\/wp\/v2\/product_tag?post=1052"}],"curies":[{"name":"wp","href":"https:\/\/api.w.org\/{rel}","templated":true}]}}