{"id":1054,"date":"2023-01-07T12:54:46","date_gmt":"2023-01-07T12:54:46","guid":{"rendered":"https:\/\/abonnementiptv.cc\/produit\/abonnement-implayer-iptv\/"},"modified":"2023-01-07T12:54:46","modified_gmt":"2023-01-07T12:54:46","slug":"abonnement-implayer-iptv","status":"publish","type":"product","link":"https:\/\/abonnementiptv.cc\/en\/product\/abonnement-implayer-iptv\/","title":{"rendered":"Abonnement iMplayer IPTV"},"content":{"rendered":"<h2>Meilleur abonnement iMplayer IPTV<\/h2>\n<p>L\\&rsquo;abonnement iMplayer\u00a0IPTV\u00a0vous permet d\\&rsquo;acc\u00e9der \u00e0 toutes les cha\u00eenes de t\u00e9l\u00e9vision sur votre appareil Android.<\/p>\n<p>nous offre le meilleur abonnement iMplayer IPTV \u00e0 un prix moins cher compatible avec votre iMplayer, tout ce que vous avez \u00e0 faire est d\\&rsquo;installer et d\\&rsquo;activer\u00a0<strong>iMplayer IPTV Player<\/strong>\u00a0et nous vous fournirons le contenu TV et VOD en direct de la plus haute qualit\u00e9.<\/p>\n<p><strong>Apr\u00e8s avoir pay\u00e9, sugg\u00e9rez fortement de discuter avec nous sur Whatsapp avec le num\u00e9ro de commande, nous ferons le service VIP autant que possible\u00a0!<\/strong><\/p>\n<h2>Contenu de notre abonnement iMplayer IPTV<\/h2>\n<p>Avec notre abonnement iMplayer\u00a0IPTV\u00a0, vous aurez acc\u00e8s \u00e0 des milliers de cha\u00eenes Full HD TV et VOD de plusieurs pays\/r\u00e9gions sur votre appareil Android.<\/p>\n<ul>\n<li>Le bouquet complet de cha\u00eenes inclus arabe\/asie\/Europe\/am\u00e9rique latine\/am\u00e9rique du nord<\/li>\n<li><strong>Diff\u00e9rents types de programmes :<\/strong>\u00a0Films \/ S\u00e9ries VIP \/ Dessins anim\u00e9s \/ Musique \/ Actualit\u00e9s \/ D\u00e9couverte \/ Vie<\/li>\n<li><strong>Cha\u00eenes KIDS Premium :<\/strong>\u00a0\u00a0Carton Films \/ Musique \/ Disney+ Action<\/li>\n<li><strong>Cha\u00eenes sportives premium\u00a0:<\/strong>\u00a0Sports britanniques\/Sports arabes\/Sports fran\u00e7ais\/Sports allemands\/Sports am\u00e9ricains\/Sports canadiens<\/li>\n<\/ul>\n<p><strong>Cha\u00eenes en direct<\/strong>\u00a0: Avec plus de 9 000 cha\u00eenes anglaises et \u00e9trang\u00e8res\u00a0: arabe, arabe saoudien, \u00c9mirats arabes unis, Turquie, kurde, Kowe\u00eft, \u00c9tats-Unis, Canada, Mexique, Royaume-Uni, AUS, NZ, FR, DE, IT, espagnol, Argentine, Colombie, P\u00e9rou, Portugal, Br\u00e9sil, Afrique, Afrique du Sud, Kenya, Malaisie, Indon\u00e9sie, Tha\u00eflande, Philippines, Cor\u00e9e, Japon\u2026<\/p>\n<p><strong>Films (VOD)<\/strong>\u00a0: plus de 45 000 films de tous genres, y compris des mises \u00e0 jour hebdomadaires des films r\u00e9cents au box-office<\/p>\n<p><strong>S\u00e9ries (VOD)<\/strong>\u00a0: plus de 5 000 s\u00e9ries, dont des mises \u00e0 jour r\u00e9guli\u00e8res de toutes vos s\u00e9ries pr\u00e9f\u00e9r\u00e9es<\/p>\n<h2>Comment utiliser l\\&rsquo;abonnement IPTV sur iMplayer<\/h2>\n<h3>Pour installer l\\&rsquo;application iMplayer et configurer les abonnements iMplayer IPTV<\/h3>\n<p><strong>1.<\/strong>\u00a0T\u00e9l\u00e9chargez l\\&rsquo;application iMplayer sur Google Play sur votre box Android TV, votre t\u00e9l\u00e9phone ou votre tablette.<\/p>\n<p><strong>2.<\/strong>\u00a0Sur l\\&rsquo;\u00e9cran d\\&rsquo;accueil d\\&rsquo;iMPlayer, cliquez sur\u00a0<strong>Ajouter une liste de lecture<\/strong>\u00a0.<\/p>\n<p><strong>3.<\/strong>\u00a0Une fois sur cet \u00e9cran, vous pouvez soit vous connecter avec une URL M3U ou une API Xtreme Codes.<\/p>\n<p><img class=\"\\\"wp-image-900\" ls-is-cached lazyloaded \\\" title=\"\\\"abonnement\" implayer iptv 1\\\" src=\"\\\"https:><\/p>\n<p>\u00c9tant donn\u00e9 que ces URL M3U sont si longues \u00e0 taper, nous vous recommandons d\\&rsquo;utiliser une API ou\u00a0<strong>Xtream Code<\/strong>\u00a0.<\/p>\n<p><strong>4.<\/strong>\u00a0Entrez toutes les informations de votre compte et cliquez sur\u00a0<strong>\u00a0Ajouter et connecter.<\/strong><\/p>\n<p><strong>5.<\/strong>\u00a0\u00a0Attendez que la connexion \u00e0 votre service IPTV soit compl\u00e8tement charg\u00e9e.<\/p>\n<p><strong>6.<\/strong>\u00a0C\\&rsquo;est tout\u00a0!\u00a0Vous avez configur\u00e9 avec succ\u00e8s iMPlayer avec votre service IPTV.<\/p>\n<p><img class=\"\\\"wp-image-899\" ls-is-cached lazyloaded \\\" title=\"\\\"abonnement\" implayer iptv 3\\\" src=\"\\\"https:><\/p>\n<p>&nbsp;<\/p>\n<h2>FAQ<\/h2>\n<h3>O\u00f9 puis-je t\u00e9l\u00e9charger iMplayer\u00a0?<\/h3>\n<p>Vous pouvez t\u00e9l\u00e9charger l\\&rsquo;application iMplayer sur votre appareil \u00e0 partir de notre page d\\&rsquo;\u00a0<strong>application IPTV<\/strong>\u00a0, ou vous pouvez l\\&rsquo;installer directement \u00e0 partir de Google Play en recherchant iMplayer.<\/p>\n<h3>Puis-je essayer gratuitement l\\&rsquo;abonnement iMplayer IPTV ?<\/h3>\n<p>Discutez avec nous sur WhatsApp pour obtenir un essai gratuit d\\&rsquo;IPTV.<\/p>\n<h3>Quand mon abonnement iMplayer IPTV sera-t-il livr\u00e9 ?<\/h3>\n<ul>\n<li>Veuillez s\u00e9lectionner le forfait d\\&rsquo;abonnement dans la liste, apr\u00e8s avoir pay\u00e9, nous enverrons les informations sur les d\u00e9tails du compte d\\&rsquo;abonnement \u00e0 votre e-mail fourni ou \u00e0\u00a0<a href=\"\/en\/\"https:><strong>Whatsapp<\/strong><\/a>\u00a0\u00e0 la main.<\/li>\n<li>Les commandes seront g\u00e9n\u00e9ralement trait\u00e9es manuellement.<\/li>\n<li>Nous enverrons les d\u00e9tails du compte d\\&rsquo;abonnement dans les 5 minutes \u00e0 12 heures apr\u00e8s le paiement.\u00a0Temps de travail\u00a0: en 5\u00a0minutes\u00a0;\u00a0Temps d\\&rsquo;arr\u00eat : en 12 heures.<\/li>\n<li>S\\&rsquo;il n\\&rsquo;est pas re\u00e7u \u00e0 temps, veuillez \u00e9galement envoyer votre courrier ind\u00e9sirable.<\/li>\n<\/ul>","protected":false},"excerpt":{"rendered":"<ul>\n<li>Plans d\\&rsquo;abonnement iMplayer IPTV 1, 6, 12, 24 mois<\/li>\n<li>Plus de 9 000 cha\u00eenes 4K, Full HD, HD et SD.<\/li>\n<li>Plus de 50 000 films et s\u00e9ries.<\/li>\n<li>Appareils compatibles : t\u00e9l\u00e9phones Android, Android TV, tablettes Android, Android TV Box.<\/li>\n<li>Serveurs stables, haute disponibilit\u00e9, pas de mise en m\u00e9moire tampon.<\/li>\n<\/ul>\n<p><strong>Remarque\u00a0:<\/strong>\u00a0L\\&rsquo;abonnement est un paiement unique (non r\u00e9current ni pr\u00e9-approuv\u00e9).<\/p>\n<p>Lorsqu\\&rsquo;un abonnement a expir\u00e9, vous devez effectuer une nouvelle transaction pour le renouveler.<\/p>\n<p>Contactez-nous via\u00a0<strong><a href=\"\/en\/\"https:>WhatsApp<\/a><\/strong> avant l\\&rsquo;achat pour obtenir un essai gratuit de 1 jours.<\/p>","protected":false},"featured_media":873,"comment_status":"closed","ping_status":"closed","template":"","meta":{"_uag_custom_page_level_css":""},"product_brand":[],"product_cat":[167],"product_tag":[170],"class_list":{"0":"post-1054","1":"product","2":"type-product","3":"status-publish","4":"has-post-thumbnail","6":"product_cat-uncategorized","7":"product_tag-abonnement-implayer-iptv","9":"first","10":"instock","11":"virtual","12":"taxable","13":"purchasable","14":"product-type-simple"},"uagb_featured_image_src":{"full":["https:\/\/abonnementiptv.cc\/wp-content\/uploads\/2022\/12\/iMPlayer-1-1.webp",200,200,false],"thumbnail":["https:\/\/abonnementiptv.cc\/wp-content\/uploads\/2022\/12\/iMPlayer-1-1-150x150.webp",150,150,true],"medium":["https:\/\/abonnementiptv.cc\/wp-content\/uploads\/2022\/12\/iMPlayer-1-1.webp",200,200,false],"medium_large":["https:\/\/abonnementiptv.cc\/wp-content\/uploads\/2022\/12\/iMPlayer-1-1.webp",200,200,false],"large":["https:\/\/abonnementiptv.cc\/wp-content\/uploads\/2022\/12\/iMPlayer-1-1.webp",200,200,false],"1536x1536":["https:\/\/abonnementiptv.cc\/wp-content\/uploads\/2022\/12\/iMPlayer-1-1.webp",200,200,false],"2048x2048":["https:\/\/abonnementiptv.cc\/wp-content\/uploads\/2022\/12\/iMPlayer-1-1.webp",200,200,false],"trp-custom-language-flag":["https:\/\/abonnementiptv.cc\/wp-content\/uploads\/2022\/12\/iMPlayer-1-1.webp",12,12,false],"woocommerce_thumbnail":["https:\/\/abonnementiptv.cc\/wp-content\/uploads\/2022\/12\/iMPlayer-1-1.webp",200,200,false],"woocommerce_single":["https:\/\/abonnementiptv.cc\/wp-content\/uploads\/2022\/12\/iMPlayer-1-1.webp",200,200,false],"woocommerce_gallery_thumbnail":["https:\/\/abonnementiptv.cc\/wp-content\/uploads\/2022\/12\/iMPlayer-1-1.webp",100,100,false]},"uagb_author_info":{"display_name":"abonnementiptv","author_link":"https:\/\/abonnementiptv.cc\/en\/author\/"},"uagb_comment_info":0,"uagb_excerpt":"Plans d\\'abonnement iMplayer IPTV 1, 6, 12, 24 mois Plus de 9 000 cha\u00eenes 4K, Full HD, HD et SD. Plus de 50 000 films et s\u00e9ries. Appareils compatibles : t\u00e9l\u00e9phones Android, Android TV, tablettes Android, Android TV Box. Serveurs stables, haute disponibilit\u00e9, pas de mise en m\u00e9moire tampon. Remarque\u00a0:\u00a0L\\'abonnement est un paiement unique (non&hellip;","_links":{"self":[{"href":"https:\/\/abonnementiptv.cc\/en\/wp-json\/wp\/v2\/product\/1054","targetHints":{"allow":["GET"]}}],"collection":[{"href":"https:\/\/abonnementiptv.cc\/en\/wp-json\/wp\/v2\/product"}],"about":[{"href":"https:\/\/abonnementiptv.cc\/en\/wp-json\/wp\/v2\/types\/product"}],"replies":[{"embeddable":true,"href":"https:\/\/abonnementiptv.cc\/en\/wp-json\/wp\/v2\/comments?post=1054"}],"wp:featuredmedia":[{"embeddable":true,"href":"https:\/\/abonnementiptv.cc\/en\/wp-json\/wp\/v2\/media\/873"}],"wp:attachment":[{"href":"https:\/\/abonnementiptv.cc\/en\/wp-json\/wp\/v2\/media?parent=1054"}],"wp:term":[{"taxonomy":"product_brand","embeddable":true,"href":"https:\/\/abonnementiptv.cc\/en\/wp-json\/wp\/v2\/product_brand?post=1054"},{"taxonomy":"product_cat","embeddable":true,"href":"https:\/\/abonnementiptv.cc\/en\/wp-json\/wp\/v2\/product_cat?post=1054"},{"taxonomy":"product_tag","embeddable":true,"href":"https:\/\/abonnementiptv.cc\/en\/wp-json\/wp\/v2\/product_tag?post=1054"}],"curies":[{"name":"wp","href":"https:\/\/api.w.org\/{rel}","templated":true}]}}