{"id":1055,"date":"2023-01-07T13:57:13","date_gmt":"2023-01-07T13:57:13","guid":{"rendered":"https:\/\/abonnementiptv.cc\/produit\/abonnement-iptv-extreme\/"},"modified":"2023-01-07T13:57:13","modified_gmt":"2023-01-07T13:57:13","slug":"abonnement-iptv-extreme","status":"publish","type":"product","link":"https:\/\/abonnementiptv.cc\/en\/product\/abonnement-iptv-extreme\/","title":{"rendered":"Abonnement IPTV Extreme"},"content":{"rendered":"<h3><strong><b>Pourquoi choisir notre IPTV ?<\/b><\/strong><\/h3>\n<p>Nous sommes un fournisseur d\\&rsquo; abonnement IPTV\u00a0premium\u00a0avec de nombreuses ann\u00e9es d\\&rsquo;exp\u00e9rience.<\/p>\n<p>Notre service IPTV vous offre la meilleure qualit\u00e9 d\\&rsquo;image gr\u00e2ce \u00e0 nos serveurs puissants et stables sans interf\u00e9rence, qui vous garantiront la meilleure qualit\u00e9 de live TV et VOD.<\/p>\n<ul>\n<li>Serveurs fiables et rapides : IPTV est un serveur IPTV fiable et stable, qui prend en charge la technologie 24h\/24 et 7j\/7, maintient tous les codes ou panneaux revendeurs en \u00e9tat de marche et garantit un service ininterrompu.<\/li>\n<li>Haute compatibilit\u00e9 : compatible avec tous les appareils, y compris MAG, Android, XBMC, Enigma, IPTV Box, PC et Smart TV.<\/li>\n<li>Assistance de premier ordre\u00a0: nous sommes disponibles 24h\/24 et 7j\/7 pour le chat en direct sur Whatsapp\/WeChat\/Skype\/Telegram. N\\&rsquo;h\u00e9sitez pas \u00e0 nous contacter et \u00e0 demander un essai.<\/li>\n<li>\u00c9conomies de co\u00fbts\u00a0: le co\u00fbt moyen d\\&rsquo;un abonnement au c\u00e2ble est bien sup\u00e9rieur \u00e0 150\u00a0$.\u00a0Nous pouvons remettre plus de 80 % de cet argent dans votre poche.<\/li>\n<li>Diffusion FHD et 4K\u00a0: diffusion des cha\u00eenes FHD et 4K, sans gel ni mise en m\u00e9moire tampon.\u00a0Nous mettons \u00e9galement r\u00e9guli\u00e8rement \u00e0 jour de nouvelles cha\u00eenes, films et s\u00e9ries.<\/li>\n<li>Installation facile : Notre nouvelle application Apk est facile \u00e0 utiliser et \u00e0 installer.\u00a0M\u00eame les personnes les moins averties peuvent commencer \u00e0 utiliser l\\&rsquo;application en quelques minutes.<\/li>\n<\/ul>\n<h2><strong><b>Qu\\&rsquo;est-ce que l\\&rsquo;IPTV Extr\u00eame ?<\/b><\/strong><\/h2>\n<p><a href=\"\/en\/\"https:>IPTV Extreme Pro APK<\/a>\u00a0est un lecteur IPTV bien connu qui fonctionne avec presque tous les services IPTV proposant des URL M3U.<\/p>\n<p>L\\&rsquo;application offre \u00e9galement aux utilisateurs la possibilit\u00e9 d\\&rsquo;enregistrer, d\\&rsquo;ajouter des lecteurs externes, de personnaliser leurs cha\u00eenes pr\u00e9f\u00e9r\u00e9es, etc.<\/p>\n<p>Cependant, cette application n\\&rsquo;inclut aucune cha\u00eene et n\u00e9cessite des listes de lecture pour fonctionner, vous aurez donc besoin d\\&rsquo;un service d\\&rsquo;\u00a0abonnement IPTV\u00a0premium en plus de l\\&rsquo;utiliser comme lecteur IPTV.<\/p>\n<p>IPTV Extreme est \u00e9galement disponible en deux versions de l\\&rsquo;application, la version gratuite d\\&rsquo;IPTV Extreme et la version payante d\\&rsquo;IPTV Extreme Pro.<\/p>\n<h2><strong><b>Voici les fonctionnalit\u00e9s d\\&rsquo;IPTV Extreme<\/b><\/strong><\/h2>\n<ul>\n<li>L\\&rsquo;application IPTV Extreme est enti\u00e8rement gratuite mais doit \u00eatre install\u00e9e manuellement sur votre appareil Android.<\/li>\n<li>L\\&rsquo;application IPTV Extreme Pro peut \u00eatre t\u00e9l\u00e9charg\u00e9e sur Google Play pour 1 $.<\/li>\n<li>Prise en charge des listes de lecture M3U<\/li>\n<li>Prise en charge multi-EPG (guide TV)<\/li>\n<li>Possibilit\u00e9 d\\&rsquo;enregistrer des flux en direct limit\u00e9s dans le temps\u00a0!<\/li>\n<li>Controle parental<\/li>\n<li>Plus de 10 th\u00e8mes sont disponibles<\/li>\n<li>Suite<\/li>\n<\/ul>\n<h2 id=\"\\\"wp-block-themeisle-blocks-advanced-heading-c760441f\\\"\" class=\"\\\"wp-block-themeisle-blocks-advanced-heading\" wp-block-themeisle-blocks-advanced-heading-c760441f\\\">Comment configurer un abonnement IPTV dans IPTV Extreme App ?<\/h2>\n<p>Une fois l\\&rsquo;application IPTV Extreme install\u00e9e sur votre appareil, vous devrez ajouter une liste de lecture ou s\u00e9lectionner un fichier de liste de lecture pr\u00e9c\u00e9demment enregistr\u00e9 en ins\u00e9rant le lien m3u.\u00a0Si vous n\\&rsquo;avez pas encore de playlist,\u00a0\u00a0<strong>abonnez-vous ici<\/strong>\u00a0.<\/p>\n<p>La liste de lecture pour IPTV Extreme est configur\u00e9e de la mani\u00e8re suivante<\/p>\n<ul>\n<li><strong>Portail IPTV Extreme<\/strong>\u00a0: Pour ajouter une playlist depuis votre PC\/Tablette en utilisant votre adresse MAC.<\/li>\n<li><strong>Fichier ou lien vers la liste de lecture<\/strong>\u00a0: ajoutez le lien M3U que vous avez re\u00e7u de votre e-mail d\\&rsquo;abonnement.<\/li>\n<li><strong>Portail MAG<\/strong>\u00a0: Envoyez votre adresse MAC au fournisseur pour terminer l\\&rsquo;enregistrement.<\/li>\n<li><strong>Portail Xtream Codes<\/strong>\u00a0: Entrez l\\&rsquo;URL du serveur, le nom d\\&rsquo;utilisateur et le mot de passe que vous avez re\u00e7us de l\\&rsquo;e-mail d\\&rsquo;abonnement.<\/li>\n<\/ul>\n<p>Je recommande d\\&rsquo;utiliser la m\u00e9thode Xtream Codes Portal pour activer votre\u00a0abonnement IPTV\u00a0et les informations de configuration que vous obtiendrez \u00e0 partir de l\\&rsquo;e-mail d\\&rsquo;abonnement de votre fournisseur.<\/p>\n<p><strong>Voici les \u00e9tapes pour configurer IPTV sur IPTV Extreme.<\/strong><\/p>\n<p>1- Lancez l\\&rsquo;application et allez dans le menu en haut \u00e0 droite (trois points), puis cliquez sur\u00a0\u00a0<strong>PalyList<\/strong>\u00a0.<\/p>\n<figure class=\"\\\"wp-block-image\" size-full\\\"><img class=\"\\\"wp-image-845\" lazyloaded \\\" title=\"\\\"abonnement\" iptv extr\u00eame 1\\\" src=\"\\\"https:><\/figure>\n<p>2- Cliquez ensuite sur\u00a0\u00a0<strong>Ajouter une playlist<\/strong>\u00a0.<\/p>\n<figure class=\"\\\"wp-block-image\" size-full\\\"><img class=\"\\\"wp-image-846\" lazyloaded \\\" title=\"\\\"abonnement\" iptv extr\u00eame 3\\\" src=\"\\\"https:><\/figure>\n<p>3- S\u00e9lectionnez\u00a0\u00a0<strong>XTREAM CODE PORTAL<\/strong>\u00a0\u00a0et remplissez le formulaire avec vos informations de connexion.<\/p>\n<figure class=\"\\\"wp-block-image\" size-full\\\"><img class=\"\\\"wp-image-847\" lazyloaded \\\" title=\"\\\"abonnement\" iptv extr\u00eame 5\\\" src=\"\\\"https:><\/figure>\n<p><strong>Nom :\u00a0<\/strong>IPTV<br \/>\n<strong>Server\u00a0:\u00a0<\/strong>\u00a0http:\/\/xxxxx.tv:8080<br \/>\n<strong>Nom d\\&rsquo;utilisateur\u00a0:<\/strong>\u00a0\u00a0votre nom d\\&rsquo;utilisateur<br \/>\n<strong>Mot de passe\u00a0:<\/strong>\u00a0\u00a0votre mot de passe<\/p>\n<p>Remarque : Vous pouvez trouver votre mot de passe et votre identifiant sur le lien vers le fichier m3u.\u00a0Exemple\u00a0:<br \/>\n<strong>http:\/\/xxxxx.tv:8080<\/strong>\u00a0\/get.php?username=\u00a0<strong>votre-nom d\\&rsquo;utilisateur<\/strong>\u00a0&amp;password=\u00a0<strong>votre-mot de passe<\/strong>\u00a0&amp;type=m3u_plus&amp;output=ts<\/p>\n<p>4- Cliquez sur OK et attendez que votre cha\u00eene finisse de se charger.<\/p>\n<p>Vous allez maintenant profiter de l\\&rsquo;interface utilisateur conviviale et regarder des cha\u00eenes IPTV de haute qualit\u00e9.<\/p>","protected":false},"excerpt":{"rendered":"<h1 class=\"\\\"product_title\" entry-title\\\">Abonnement IPTV Extreme<\/h1>\n<div class=\"\\\"yotpo\" bottomline yotpo-small\\\" data-product-id=\"\\\"1276\\\"\" data-url=\"\\\"https:>\n<div class=\"\\\"yotpo-display-wrapper\\\"\">\n<div class=\"\\\"standalone-bottomline\\\"\" tabindex=\"\\\"-1\\\"\" data-source=\"\\\"default\\\"\">\n<div class=\"\\\"yotpo-bottomline\" pull-left star-clickable\\\" tabindex=\"\\\"0\\\"\">\n<ul>\n<li>Assistance 7\/24H\/365<\/li>\n<li>Qualit\u00e9 4K\/UHD, HD et SD<\/li>\n<li>Plus de 9000 cha\u00eenes en direct<\/li>\n<li>20 000 films + 15 000 s\u00e9ries<\/li>\n<li>C\u00e9l\u00e8bres \u00e9v\u00e9nements sportifs et PPV Premium<\/li>\n<li>D\u00e9calage horaire et EPG<\/li>\n<li>Disponibilit\u00e9 99,99\u00a0%<\/li>\n<li>Prend en charge tous les appareils<\/li>\n<li>M3U &amp; MAG &amp; Emigma &amp; IOS &amp; Android &amp; Windows &amp; Linux<\/li>\n<\/ul>\n<p><strong>Remarque\u00a0:<\/strong>\u00a0L\\&rsquo;abonnement est un paiement unique (non r\u00e9current ni pr\u00e9-approuv\u00e9).<\/p>\n<p>Lorsqu\\&rsquo;un abonnement a expir\u00e9, vous devez effectuer une nouvelle transaction pour le renouveler.<\/p>\n<p>Contactez-nous via\u00a0<strong><a href=\"\/en\/\"https:>WhatsApp<\/a><\/strong> avant l\\&rsquo;achat pour obtenir un essai gratuit de 1 jours.<\/p>\n<\/div>\n<\/div>\n<\/div>\n<\/div>","protected":false},"featured_media":864,"comment_status":"closed","ping_status":"closed","template":"","meta":{"_uag_custom_page_level_css":""},"product_brand":[],"product_cat":[145],"product_tag":[171,172],"class_list":{"0":"post-1055","1":"product","2":"type-product","3":"status-publish","4":"has-post-thumbnail","6":"product_cat-abonnement-iptv","7":"product_tag-abonnement-iptv-extreme","8":"product_tag-iptv-extreme","10":"first","11":"instock","12":"virtual","13":"taxable","14":"purchasable","15":"product-type-simple"},"uagb_featured_image_src":{"full":["https:\/\/abonnementiptv.cc\/wp-content\/uploads\/2022\/12\/IPTV-Extreme-Pro-1.webp",200,200,false],"thumbnail":["https:\/\/abonnementiptv.cc\/wp-content\/uploads\/2022\/12\/IPTV-Extreme-Pro-1-150x150.webp",150,150,true],"medium":["https:\/\/abonnementiptv.cc\/wp-content\/uploads\/2022\/12\/IPTV-Extreme-Pro-1.webp",200,200,false],"medium_large":["https:\/\/abonnementiptv.cc\/wp-content\/uploads\/2022\/12\/IPTV-Extreme-Pro-1.webp",200,200,false],"large":["https:\/\/abonnementiptv.cc\/wp-content\/uploads\/2022\/12\/IPTV-Extreme-Pro-1.webp",200,200,false],"1536x1536":["https:\/\/abonnementiptv.cc\/wp-content\/uploads\/2022\/12\/IPTV-Extreme-Pro-1.webp",200,200,false],"2048x2048":["https:\/\/abonnementiptv.cc\/wp-content\/uploads\/2022\/12\/IPTV-Extreme-Pro-1.webp",200,200,false],"trp-custom-language-flag":["https:\/\/abonnementiptv.cc\/wp-content\/uploads\/2022\/12\/IPTV-Extreme-Pro-1.webp",12,12,false],"woocommerce_thumbnail":["https:\/\/abonnementiptv.cc\/wp-content\/uploads\/2022\/12\/IPTV-Extreme-Pro-1.webp",200,200,false],"woocommerce_single":["https:\/\/abonnementiptv.cc\/wp-content\/uploads\/2022\/12\/IPTV-Extreme-Pro-1.webp",200,200,false],"woocommerce_gallery_thumbnail":["https:\/\/abonnementiptv.cc\/wp-content\/uploads\/2022\/12\/IPTV-Extreme-Pro-1.webp",100,100,false]},"uagb_author_info":{"display_name":"abonnementiptv","author_link":"https:\/\/abonnementiptv.cc\/en\/author\/"},"uagb_comment_info":0,"uagb_excerpt":"Abonnement IPTV Extreme Assistance 7\/24H\/365 Qualit\u00e9 4K\/UHD, HD et SD Plus de 9000 cha\u00eenes en direct 20 000 films + 15 000 s\u00e9ries C\u00e9l\u00e8bres \u00e9v\u00e9nements sportifs et PPV Premium D\u00e9calage horaire et EPG Disponibilit\u00e9 99,99\u00a0% Prend en charge tous les appareils M3U &amp; MAG &amp; Emigma &amp; IOS &amp; Android &amp; Windows &amp; Linux Remarque\u00a0:\u00a0L\\'abonnement&hellip;","_links":{"self":[{"href":"https:\/\/abonnementiptv.cc\/en\/wp-json\/wp\/v2\/product\/1055","targetHints":{"allow":["GET"]}}],"collection":[{"href":"https:\/\/abonnementiptv.cc\/en\/wp-json\/wp\/v2\/product"}],"about":[{"href":"https:\/\/abonnementiptv.cc\/en\/wp-json\/wp\/v2\/types\/product"}],"replies":[{"embeddable":true,"href":"https:\/\/abonnementiptv.cc\/en\/wp-json\/wp\/v2\/comments?post=1055"}],"wp:featuredmedia":[{"embeddable":true,"href":"https:\/\/abonnementiptv.cc\/en\/wp-json\/wp\/v2\/media\/864"}],"wp:attachment":[{"href":"https:\/\/abonnementiptv.cc\/en\/wp-json\/wp\/v2\/media?parent=1055"}],"wp:term":[{"taxonomy":"product_brand","embeddable":true,"href":"https:\/\/abonnementiptv.cc\/en\/wp-json\/wp\/v2\/product_brand?post=1055"},{"taxonomy":"product_cat","embeddable":true,"href":"https:\/\/abonnementiptv.cc\/en\/wp-json\/wp\/v2\/product_cat?post=1055"},{"taxonomy":"product_tag","embeddable":true,"href":"https:\/\/abonnementiptv.cc\/en\/wp-json\/wp\/v2\/product_tag?post=1055"}],"curies":[{"name":"wp","href":"https:\/\/api.w.org\/{rel}","templated":true}]}}