{"id":1057,"date":"2023-01-07T15:52:47","date_gmt":"2023-01-07T15:52:47","guid":{"rendered":"https:\/\/abonnementiptv.cc\/produit\/abonnement-iptv-smarters\/"},"modified":"2023-01-07T15:52:47","modified_gmt":"2023-01-07T15:52:47","slug":"abonnement-iptv-smarters","status":"publish","type":"product","link":"https:\/\/abonnementiptv.cc\/en\/product\/abonnement-iptv-smarters\/","title":{"rendered":"Abonnement IPTV Smarters"},"content":{"rendered":"<p>L\\&rsquo;abonnement IPTV\u00a0Smarters est un service qui vous donne acc\u00e8s \u00e0 plus de 9 000 cha\u00eenes, plus de 50 000 films et s\u00e9ries t\u00e9l\u00e9vis\u00e9es en qualit\u00e9 4K\/FHD\/HD\/SD sans d\u00e9calage.<br \/>\nVous pouvez \u00e9galement d\u00e9caler la t\u00e9l\u00e9vision en direct et regarder tout le contenu que vous avez manqu\u00e9.<br \/>\nLa stabilit\u00e9 des IPTV Smarters est toujours un gros plus.<br \/>\nSi vous aimez regarder des films, la biblioth\u00e8que de vid\u00e9os \u00e0 la demande fournira les films et s\u00e9ries t\u00e9l\u00e9vis\u00e9es les plus populaires.\u00a0Nous recommandons fortement aux amateurs de sport d\\&rsquo;utiliser le service d\\&rsquo;abonnement IPTV Smarters, nous proposons des \u00e9v\u00e9nements sportifs et des matchs importants du monde entier, tels que les sports britanniques \/ les sports arabes \/ les sports fran\u00e7ais \/ les sports allemands \/ les sports am\u00e9ricains \/ les sports canadiens.<br \/>\nNous sommes fiers de vous offrir IPTV SMARTERS.<\/p>\n<h2>Vous trouverez ci-dessous la liste compl\u00e8te des appareils pris en charge par IPTV Smarters Pro.<\/h2>\n<p>Android : Smartphones Android, Android TV, Android STB Box, Fire TV Stick, Nvidia Shields et autres joysticks ou appareils bas\u00e9s sur Android.<br \/>\niOS : iPhone, iPad, TVOS (Apple TV).<br \/>\nSmart TV : LG et Samsung (applications disponibles en t\u00e9l\u00e9chargement dans la boutique)<br \/>\nPC\/Laptop : Windows 8\/10 et toutes les versions de macOS, y compris les derni\u00e8res versions.<br \/>\nRemarque : Pour iOS : vous devez t\u00e9l\u00e9charger l\\&rsquo;application depuis l\\&rsquo;Apple Store et acheter Premium \u00e0 partir des achats<br \/>\nint\u00e9gr\u00e9s Smart TV : Il s\\&rsquo;agit d\\&rsquo;un lecteur IPTV gratuit pour les utilisateurs finaux.<\/p>\n<h2>Exigences Internet pour l\\&rsquo;abonnement IPTV SMARTERS<\/h2>\n<p>Profitez de la t\u00e9l\u00e9vision comme jamais auparavant avec un abonnement IPTV SMARTERS PRO.\u00a0Assurez-vous simplement que votre r\u00e9seau est suffisamment rapide pour la vitesse Internet requise : avec notre service de streaming \u00e0 100 %, vous devez disposer d\\&rsquo;au moins 8 connexions Super Internet pour profiter de l\\&rsquo;IPTV sans Freez.\u00a0Il est toujours pr\u00e9f\u00e9rable de connecter votre box Android ou Smart TV avec un c\u00e2ble Ethernet pour assurer la stabilit\u00e9 du d\u00e9bit Internet n\u00e9cessaire au fonctionnement des cha\u00eenes et de la VOD.\u00a0Vous pouvez tester votre connexion sur\u00a0<a href=\"\/en\/\"http:>http:\/\/www.speedtest.net<\/a><\/p>\n<h2 class=\"\\\"serp-title\\\"\">FAQ sur l\\&rsquo;abonnement IPTV Smarters<\/h2>\n<p><strong>Puis-je utiliser deux appareils dans un m\u00eame abonnement en m\u00eame temps\u00a0?<\/strong><\/p>\n<p>Non, vous ne pouvez pas.1 Plusieurs connexions pour un m\u00eame compte peuvent vous emp\u00eacher d\\&rsquo;avoir un nom d\\&rsquo;utilisateur et une adresse IP.\u00a0Cependant, vous pouvez payer des frais suppl\u00e9mentaires pour des connexions suppl\u00e9mentaires.<\/p>\n<p><strong>Proposez-vous des remboursements ?<\/strong><\/p>\n<p>Nous sommes convaincus que vous serez satisfait de votre\u00a0<a title=\"\\\"abonnement\" iptv\\\" href=\"\/en\/\"https:>abonnement IPTV<\/a>\u00a0chez nous.<br \/>\nSi n\u00e9cessaire, nous vous rembourserons vos frais\u00a0d\\&rsquo;abonnement IPTV\u00a0, mais vous devez nous en informer dans les 2 jours suivant l\\&rsquo;achat de notre service.\u00a0Nous offrons deux jours d\\&rsquo;utilisation gratuite.<\/p>\n<p><strong>Qu\\&rsquo;est-ce que l\\&rsquo;application IPTV Smarters Pro ?<\/strong><\/p>\n<p>IPTV Smarters Pro est une application pratique et facile \u00e0 utiliser pour regarder des programmes en d\u00e9placement.\u00a0Il prend en charge divers formats et offre de nombreuses fonctionnalit\u00e9s que de nombreux utilisateurs appr\u00e9cieront.\u00a0Vous aimerez particuli\u00e8rement le contr\u00f4le parental, que de nombreux parents trouveront tr\u00e8s utile.<\/p>\n<p><strong>IPTV Smarters pro co\u00fbte-t-il de l\\&rsquo;argent?<\/strong><\/p>\n<p>Il s\\&rsquo;agit en quelque sorte d\\&rsquo;un service de gestion IPTV, un peu comme Smart IPTV.\u00a0Cependant, contrairement \u00e0 Smart IPTV qui n\u00e9cessite des frais d\\&rsquo;activation uniques, IPTV Smarters est gratuit (il existe \u00e9galement une version payante avec des fonctionnalit\u00e9s suppl\u00e9mentaires, mais tous les services de base sont gratuits).\u00a0Veuillez noter que IPTV Smarters Pro ne fournit aucun service IPTV.<\/p>","protected":false},"excerpt":{"rendered":"<p>&nbsp;<\/p>\n<h5 class=\"\\\"serp-title\\\"\">L\\&rsquo;abonnement IPTV Smarters donne acc\u00e8s aux \u00e9l\u00e9ments suivants\u00a0:<\/h5>\n<ol>\n<li>Le bouquet complet de cha\u00eenes inclus arabe\/asie\/Europe\/am\u00e9rique latine\/am\u00e9rique du nord<\/li>\n<li>Diff\u00e9rents types de programmes : Films \/ S\u00e9ries VIP \/ Dessins anim\u00e9s \/ Musique \/ Actualit\u00e9s \/ D\u00e9couverte \/ Vie<\/li>\n<li>Cha\u00eenes KIDS Premium : Carton Films \/ Musique \/ Disney+ Action<\/li>\n<li>Cha\u00eenes sportives premium\u00a0: Sports britanniques\/Sports arabes\/Sports fran\u00e7ais\/Sports allemands\/Sports am\u00e9ricains\/Sports canadiens<\/li>\n<\/ol>\n<p><strong>Remarque\u00a0:<\/strong>\u00a0L\\&rsquo;abonnement est un paiement unique (non r\u00e9current ni pr\u00e9-approuv\u00e9).<\/p>\n<p>Lorsqu\\&rsquo;un abonnement a expir\u00e9, vous devez effectuer une nouvelle transaction pour le renouveler.<\/p>\n<p>Contactez-nous via\u00a0<strong><a href=\"\/en\/\"https:>WhatsApp<\/a><\/strong> avant l\\&rsquo;achat pour obtenir un essai gratuit de 1 jours.<\/p>","protected":false},"featured_media":866,"comment_status":"closed","ping_status":"closed","template":"","meta":{"_uag_custom_page_level_css":""},"product_brand":[],"product_cat":[167],"product_tag":[173],"class_list":{"0":"post-1057","1":"product","2":"type-product","3":"status-publish","4":"has-post-thumbnail","6":"product_cat-uncategorized","7":"product_tag-abonnement-iptv-smarters","9":"first","10":"instock","11":"virtual","12":"taxable","13":"purchasable","14":"product-type-simple"},"uagb_featured_image_src":{"full":["https:\/\/abonnementiptv.cc\/wp-content\/uploads\/2022\/12\/IPTV-Smarters-Pro-1.webp",200,200,false],"thumbnail":["https:\/\/abonnementiptv.cc\/wp-content\/uploads\/2022\/12\/IPTV-Smarters-Pro-1-150x150.webp",150,150,true],"medium":["https:\/\/abonnementiptv.cc\/wp-content\/uploads\/2022\/12\/IPTV-Smarters-Pro-1.webp",200,200,false],"medium_large":["https:\/\/abonnementiptv.cc\/wp-content\/uploads\/2022\/12\/IPTV-Smarters-Pro-1.webp",200,200,false],"large":["https:\/\/abonnementiptv.cc\/wp-content\/uploads\/2022\/12\/IPTV-Smarters-Pro-1.webp",200,200,false],"1536x1536":["https:\/\/abonnementiptv.cc\/wp-content\/uploads\/2022\/12\/IPTV-Smarters-Pro-1.webp",200,200,false],"2048x2048":["https:\/\/abonnementiptv.cc\/wp-content\/uploads\/2022\/12\/IPTV-Smarters-Pro-1.webp",200,200,false],"trp-custom-language-flag":["https:\/\/abonnementiptv.cc\/wp-content\/uploads\/2022\/12\/IPTV-Smarters-Pro-1.webp",12,12,false],"woocommerce_thumbnail":["https:\/\/abonnementiptv.cc\/wp-content\/uploads\/2022\/12\/IPTV-Smarters-Pro-1.webp",200,200,false],"woocommerce_single":["https:\/\/abonnementiptv.cc\/wp-content\/uploads\/2022\/12\/IPTV-Smarters-Pro-1.webp",200,200,false],"woocommerce_gallery_thumbnail":["https:\/\/abonnementiptv.cc\/wp-content\/uploads\/2022\/12\/IPTV-Smarters-Pro-1.webp",100,100,false]},"uagb_author_info":{"display_name":"abonnementiptv","author_link":"https:\/\/abonnementiptv.cc\/en\/author\/"},"uagb_comment_info":0,"uagb_excerpt":"&nbsp; L\\'abonnement IPTV Smarters donne acc\u00e8s aux \u00e9l\u00e9ments suivants\u00a0: Le bouquet complet de cha\u00eenes inclus arabe\/asie\/Europe\/am\u00e9rique latine\/am\u00e9rique du nord Diff\u00e9rents types de programmes : Films \/ S\u00e9ries VIP \/ Dessins anim\u00e9s \/ Musique \/ Actualit\u00e9s \/ D\u00e9couverte \/ Vie Cha\u00eenes KIDS Premium : Carton Films \/ Musique \/ Disney+ Action Cha\u00eenes sportives premium\u00a0: Sports britanniques\/Sports&hellip;","_links":{"self":[{"href":"https:\/\/abonnementiptv.cc\/en\/wp-json\/wp\/v2\/product\/1057","targetHints":{"allow":["GET"]}}],"collection":[{"href":"https:\/\/abonnementiptv.cc\/en\/wp-json\/wp\/v2\/product"}],"about":[{"href":"https:\/\/abonnementiptv.cc\/en\/wp-json\/wp\/v2\/types\/product"}],"replies":[{"embeddable":true,"href":"https:\/\/abonnementiptv.cc\/en\/wp-json\/wp\/v2\/comments?post=1057"}],"wp:featuredmedia":[{"embeddable":true,"href":"https:\/\/abonnementiptv.cc\/en\/wp-json\/wp\/v2\/media\/866"}],"wp:attachment":[{"href":"https:\/\/abonnementiptv.cc\/en\/wp-json\/wp\/v2\/media?parent=1057"}],"wp:term":[{"taxonomy":"product_brand","embeddable":true,"href":"https:\/\/abonnementiptv.cc\/en\/wp-json\/wp\/v2\/product_brand?post=1057"},{"taxonomy":"product_cat","embeddable":true,"href":"https:\/\/abonnementiptv.cc\/en\/wp-json\/wp\/v2\/product_cat?post=1057"},{"taxonomy":"product_tag","embeddable":true,"href":"https:\/\/abonnementiptv.cc\/en\/wp-json\/wp\/v2\/product_tag?post=1057"}],"curies":[{"name":"wp","href":"https:\/\/api.w.org\/{rel}","templated":true}]}}