{"id":1066,"date":"2023-01-08T15:09:43","date_gmt":"2023-01-08T15:09:43","guid":{"rendered":"https:\/\/abonnementiptv.cc\/produit\/abonnement-iptv-stream-player\/"},"modified":"2023-01-08T15:09:43","modified_gmt":"2023-01-08T15:09:43","slug":"abonnement-iptv-stream-player","status":"publish","type":"product","link":"https:\/\/abonnementiptv.cc\/en\/product\/abonnement-iptv-stream-player\/","title":{"rendered":"Abonnement IPTV Stream Player"},"content":{"rendered":"<p>Nous sommes un fournisseur d\\&rsquo;abonnement IPTV premium\u00a0avec de nombreuses ann\u00e9es d\\&rsquo;exp\u00e9rience.<\/p>\n<p>Notre service\u00a0IPTV\u00a0vous offre la meilleure qualit\u00e9 d\\&rsquo;image gr\u00e2ce \u00e0 nos serveurs puissants et stables sans interf\u00e9rence, qui vous garantiront la meilleure qualit\u00e9 de live TV et VOD.<\/p>\n<ul>\n<li>Assistance 7\/24H\/365<\/li>\n<li>Qualit\u00e9 4K\/UHD, HD et SD<\/li>\n<li>Plus de 9000 cha\u00eenes en direct<\/li>\n<li>20 000 films + 15 000 s\u00e9ries<\/li>\n<li>C\u00e9l\u00e8bres \u00e9v\u00e9nements sportifs et PPV Premium<\/li>\n<li>D\u00e9calage horaire et EPG<\/li>\n<li>Disponibilit\u00e9 99,99\u00a0%<\/li>\n<li>Prend en charge tous les appareils<\/li>\n<li>M3U &amp; MAG &amp; Emigma &amp; IOS &amp; Android &amp; Windows &amp; Linux<\/li>\n<\/ul>\n<h2><strong><b>Qu\\&rsquo;est-ce que le lecteur de flux IPTV\u00a0?<\/b><\/strong><\/h2>\n<p><a href=\"\/en\/\"https:>IPTV Stream Player<\/a>\u00a0est con\u00e7u par les d\u00e9veloppeurs d\\&rsquo;AR Technologies qui ont fait un excellent travail.<\/p>\n<p>Un lecteur facile \u00e0 utiliser pour Android TV, t\u00e9l\u00e9phone Android, Android Tab et Fire TV.\u00a0L\\&rsquo;application peut \u00e9galement fonctionner sur Windows ainsi que sur Mac OS.<\/p>\n<p>Mais je recommande fortement de l\\&rsquo;utiliser sur Android, Firestick et Nvidia Shield, car sur Android, vous pourrez d\u00e9verrouiller toutes les fonctionnalit\u00e9s.<\/p>\n<h2><strong><b>Caract\u00e9ristiques du lecteur de flux IPTV<\/b><\/strong><\/h2>\n<ul>\n<li>Prise en charge de l\\&rsquo;API Xtream Code\/Xtream UI<\/li>\n<li>Prise en charge des URL M3U<\/li>\n<li>T\u00e9l\u00e9vision en direct, films, s\u00e9ries et streaming de rattrapage<\/li>\n<li>Prise en charge\u00a0: enregistrement<\/li>\n<li>Prise en charge\u00a0: EPG (guide TV)<\/li>\n<li>Contr\u00f4le parental<\/li>\n<li>Puissant lecteur IPTV int\u00e9gr\u00e9<\/li>\n<li>Support : lecteur externe<\/li>\n<li>Mise en page attrayante et impressionnante et plus conviviale<\/li>\n<li>Prise en charge\u00a0: changement de langue dynamique<\/li>\n<li>Multi \u00e9cran<\/li>\n<li>Test de vitesse int\u00e9gr\u00e9<\/li>\n<li>Suite<\/li>\n<\/ul>\n<h2 id=\"\\\"wp-block-themeisle-blocks-advanced-heading-9d20c9d3\\\"\" class=\"\\\"wp-block-themeisle-blocks-advanced-heading\" wp-block-themeisle-blocks-advanced-heading-9d20c9d3\\\">Comment configurer un abonnement IPTV dans IPTV Stream Player ?<\/h2>\n<p>1- Apr\u00e8s avoir ouvert l\\&rsquo;application IPTV Stream Player sur votre appareil, vous verrez trois options sur l\\&rsquo;image, \u00e0 savoir :\u00a0\u00a0<strong>Se connecter avec un nouveau compte d\\&rsquo;utilisateur<\/strong>\u00a0\u00a0(c\\&rsquo;est la m\u00e9thode de connexion pour\u00a0\u00a0<strong>les codes Xtream<\/strong>\u00a0), se connecter avec\u00a0 l\\&rsquo;\u00a0<strong>URL M3U<\/strong>\u00a0, la liste des utilisateurs (vous peut ajouter plusieurs services IPTV)<\/p>\n<figure class=\"\\\"wp-block-image\" size-full\\\"><img class=\"\\\"wp-image-827\" lazyloaded \\\" title=\"\\\"abonnement\" lecteur de flux iptv 1\\\" src=\"\\\"https:><\/figure>\n<p>2- Choisissez la m\u00e9thode de connexion Xtream Codes (fortement recommand\u00e9e), puis remplissez le nom d\\&rsquo;utilisateur, le mot de passe et l\\&rsquo;URL du serveur que vous avez re\u00e7us dans l\\&rsquo;e-mail d\\&rsquo;abonnement.\u00a0Cliquez sur S\\&rsquo;inscrire.<\/p>\n<figure class=\"\\\"wp-block-image\" size-full\\\"><img class=\"\\\"wp-image-823\" lazyloaded \\\" title=\"\\\"abonnement\" au lecteur de flux iptv 3\\\" src=\"\\\"https:><\/figure>\n<p>3- Attendez que les cha\u00eenes se chargent, puis vous pourrez regarder vos cha\u00eenes en direct pr\u00e9f\u00e9r\u00e9es, les derniers films et s\u00e9ries.<\/p>\n<figure class=\"\\\"wp-block-image\" size-full\\\"><img class=\"\\\"wp-image-825\" lazyloaded \\\" title=\"\\\"abonnement\" au lecteur de flux iptv 5\\\" src=\"\\\"https:><\/figure>","protected":false},"excerpt":{"rendered":"<p>IPTV Stream Player est une application IPTV gratuite qui peut \u00eatre utilis\u00e9e pour le streaming, mais elle ne fournit aucun type de service IPTV tel que l\\&rsquo;abonnement IPTV, le streaming.\u00a0Les utilisateurs doivent contacter le fournisseur IPTV pour obtenir un nom d\\&rsquo;utilisateur, un mot de passe, une URL de serveur ou une liste de lecture M3U pour l\\&rsquo;utiliser.<\/p>\n<p><strong>Remarque\u00a0:<\/strong>\u00a0L\\&rsquo;abonnement est un paiement unique (non r\u00e9current ni pr\u00e9-approuv\u00e9).<\/p>\n<p>Lorsqu\\&rsquo;un abonnement a expir\u00e9, vous devez effectuer une nouvelle transaction pour le renouveler.<\/p>\n<p>Contactez-nous via\u00a0<strong><a href=\"\/en\/\"https:>WhatsApp<\/a><\/strong> avant l\\&rsquo;achat pour obtenir un essai gratuit de 1 jours.<\/p>","protected":false},"featured_media":1032,"comment_status":"closed","ping_status":"closed","template":"","meta":{"_uag_custom_page_level_css":""},"product_brand":[],"product_cat":[167],"product_tag":[174],"class_list":{"0":"post-1066","1":"product","2":"type-product","3":"status-publish","4":"has-post-thumbnail","6":"product_cat-uncategorized","7":"product_tag-abonnement-iptv-stream-player","9":"first","10":"instock","11":"virtual","12":"taxable","13":"purchasable","14":"product-type-simple"},"uagb_featured_image_src":{"full":false,"thumbnail":false,"medium":false,"medium_large":false,"large":false,"1536x1536":false,"2048x2048":false,"trp-custom-language-flag":false,"woocommerce_thumbnail":false,"woocommerce_single":false,"woocommerce_gallery_thumbnail":false},"uagb_author_info":{"display_name":"abonnementiptv","author_link":"https:\/\/abonnementiptv.cc\/en\/author\/"},"uagb_comment_info":0,"uagb_excerpt":"IPTV Stream Player est une application IPTV gratuite qui peut \u00eatre utilis\u00e9e pour le streaming, mais elle ne fournit aucun type de service IPTV tel que l\\'abonnement IPTV, le streaming.\u00a0Les utilisateurs doivent contacter le fournisseur IPTV pour obtenir un nom d\\'utilisateur, un mot de passe, une URL de serveur ou une liste de lecture M3U&hellip;","_links":{"self":[{"href":"https:\/\/abonnementiptv.cc\/en\/wp-json\/wp\/v2\/product\/1066","targetHints":{"allow":["GET"]}}],"collection":[{"href":"https:\/\/abonnementiptv.cc\/en\/wp-json\/wp\/v2\/product"}],"about":[{"href":"https:\/\/abonnementiptv.cc\/en\/wp-json\/wp\/v2\/types\/product"}],"replies":[{"embeddable":true,"href":"https:\/\/abonnementiptv.cc\/en\/wp-json\/wp\/v2\/comments?post=1066"}],"wp:featuredmedia":[{"embeddable":true,"href":"https:\/\/abonnementiptv.cc\/en\/wp-json\/"}],"wp:attachment":[{"href":"https:\/\/abonnementiptv.cc\/en\/wp-json\/wp\/v2\/media?parent=1066"}],"wp:term":[{"taxonomy":"product_brand","embeddable":true,"href":"https:\/\/abonnementiptv.cc\/en\/wp-json\/wp\/v2\/product_brand?post=1066"},{"taxonomy":"product_cat","embeddable":true,"href":"https:\/\/abonnementiptv.cc\/en\/wp-json\/wp\/v2\/product_cat?post=1066"},{"taxonomy":"product_tag","embeddable":true,"href":"https:\/\/abonnementiptv.cc\/en\/wp-json\/wp\/v2\/product_tag?post=1066"}],"curies":[{"name":"wp","href":"https:\/\/api.w.org\/{rel}","templated":true}]}}