{"id":1067,"date":"2023-01-08T15:13:54","date_gmt":"2023-01-08T15:13:54","guid":{"rendered":"https:\/\/abonnementiptv.cc\/produit\/abonnement-net-iptv\/"},"modified":"2023-01-08T15:13:54","modified_gmt":"2023-01-08T15:13:54","slug":"abonnement-net-iptv","status":"publish","type":"product","link":"https:\/\/abonnementiptv.cc\/en\/product\/abonnement-net-iptv\/","title":{"rendered":"abonnement NET IPTV"},"content":{"rendered":"<h2><strong><b><span>abonnement NET IPTV<\/span><\/b><\/strong><\/h2>\n<p><strong><span>Cha\u00eenes en direct<\/span><\/strong><span>\u00a0: abonnement NET IPTV avec plus de 9 000 cha\u00eenes anglaises et \u00e9trang\u00e8res : arabe, saoudien, \u00e9mirati, turc, kurde, kowe\u00eftien, USA, Canada, Mexique, UK, Australie, Nouvelle-Z\u00e9lande, France, Allemagne, informatique, espagnol, Argentine, Colombie, P\u00e9rou, Portugal, Br\u00e9sil, Afrique, Afrique du Sud, Kenya, Malaisie, Indon\u00e9sie Tha\u00eflande, Philippines, Cor\u00e9e, Japon\u2026<\/span><\/p>\n<p><strong><span>Films (VOD)<\/span><\/strong><span>\u00a0: Plus de 45 000 films de tous genres, y compris des mises \u00e0 jour hebdomadaires des films r\u00e9cents au box-office<\/span><\/p>\n<p><strong><span>S\u00e9ries (VOD)<\/span><\/strong><span>\u00a0: Plus de 5 000 s\u00e9ries, dont des mises \u00e0 jour r\u00e9guli\u00e8res de toutes vos s\u00e9ries pr\u00e9f\u00e9r\u00e9es<\/span><\/p>\n<p><strong><b><span>Pas de gel de qualit\u00e9 4K \/ FHD \/ HD \/ SD<\/span><\/b><\/strong><\/p>\n<p><span>Nous sommes un fournisseur d\\&rsquo; abonnement IPTV<\/span><span>\u00a0premium\u00a0avec des ann\u00e9es d\\&rsquo;exp\u00e9rience.\u00a0Notre\u00a0<\/span><span>Abonnement NET IPTV<\/span><span>\u00a0vous offre la meilleure qualit\u00e9 d\\&rsquo;image gr\u00e2ce \u00e0 nos serveurs puissants et stables sans interf\u00e9rences, qui vous garantiront la meilleure qualit\u00e9 de TV en direct et de VOD.<\/span><\/p>\n<h2><strong><b><span>Compatibilit\u00e9 des abonnements NET IPTV<\/span><\/b><\/strong><\/h2>\n<p><span>Cette application IPTV est disponible pour les versions de lecteur Web WebOS 3.5 et 4.5.\u00a0L\\&rsquo;application peut \u00eatre install\u00e9e sur tous les appareils Android (smartphones et appareils de streaming tels que Android Box TV), Amazon Fire TV, Fire TV Stick, etc. Net IPTV est \u00e9galement compatible avec tous les Samsung TV et LG web OS V1, 2 et 3 .<\/span><\/p>\n<p><strong><b><span>N\\&rsquo;h\u00e9sitez pas \u00e0 nous contacter pour\u00a0<\/span><span>un\u00a0<\/span><\/b><span>essai de test de 48H<\/span><span><b>\u00a0avant de choisir un plan d\\&rsquo; abonnement\u00a0<\/b><\/span><b><span>NET\u00a0<\/span><span>IPTV<\/span><\/b><\/strong><\/p>\n<h2><strong><b><span>FAQ sur l\\&rsquo;abonnement Net IPTV<\/span><\/b><\/strong><\/h2>\n<h3><strong><b>\u00a0<\/b><\/strong><strong><b><span>Qu\\&rsquo;est-ce que Net IPTV ?<\/span><\/b><\/strong><\/h3>\n<p><span>La t\u00e9l\u00e9vision sur protocole Internet est un contenu t\u00e9l\u00e9visuel diffus\u00e9 sur un r\u00e9seau de protocole Internet.\u00a0Cela contraste avec la diffusion via les formats terrestres, satellites et c\u00e2bl\u00e9s traditionnels.\u00a0Contrairement aux m\u00e9dias t\u00e9l\u00e9charg\u00e9s, net IPTV offre la possibilit\u00e9 de diffuser en continu des flux multim\u00e9dias.<\/span><\/p>\n<h3><strong><b><span>Est-ce que Net IPTV est gratuit ?<\/span><\/b><\/strong><\/h3>\n<p><span>Au d\u00e9but, l\\&rsquo;application vous propose un essai gratuit de 7 jours.\u00a0apr\u00e8s l\\&rsquo;expiration de l\\&rsquo;application, elle est \u00e0 nouveau disponible via le portail (5,29 \u20ac) et elle ne contient aucune cha\u00eene, si vous regardez du contenu IPTV, vous devez demander au fournisseur IPTV de vous fournir l\\&rsquo;adresse URL de votre abonnement ou playlist m3u.<\/span><\/p>","protected":false},"excerpt":{"rendered":"<p><strong><b><span>L\\&rsquo;abonnement NET\u00a0<\/span><\/b><\/strong><strong><b><span>\u00a0IPTV offre :<\/span><\/b><\/strong><\/p>\n<p><span>Assistance 7\/24H\/365<\/span><\/p>\n<p><span>Qualit\u00e9 4K\/UHD, HD et SD<\/span><\/p>\n<p><span>Plus de 9000 cha\u00eenes en direct<\/span><\/p>\n<p><span>20 000 films + 15 000 s\u00e9ries<\/span><\/p>\n<p><span>C\u00e9l\u00e8bres \u00e9v\u00e9nements sportifs et PPV Premium<\/span><\/p>\n<p><span>D\u00e9calage horaire et EPG<\/span><\/p>\n<p><span>Disponibilit\u00e9 99,99\u00a0%<\/span><\/p>\n<p><span>Prend en charge tous les appareils<\/span><\/p>\n<p><span>M3U &amp; MAG &amp; Emigma &amp; IOS &amp; Android &amp; Windows &amp; Linux<\/span><\/p>\n<p><strong><span>Remarque\u00a0:<\/span><\/strong><span>\u00a0L\\&rsquo;abonnement est un paiement unique (non r\u00e9current ni pr\u00e9-approuv\u00e9).<\/span><\/p>\n<p><span>Lorsqu\\&rsquo;un abonnement a expir\u00e9, vous devez effectuer une nouvelle transaction pour le renouveler.<\/span><\/p>\n<p><span>Contactez-nous via\u00a0<\/span><strong><a href=\"\/en\/\"https:><span>WhatsApp<\/span><\/a><\/strong><span>\u00a0avant l\\&rsquo;achat pour obtenir un essai gratuit de 2 jours.<\/span><\/p>","protected":false},"featured_media":629,"comment_status":"closed","ping_status":"closed","template":"","meta":{"_uag_custom_page_level_css":""},"product_brand":[],"product_cat":[167],"product_tag":[175],"class_list":{"0":"post-1067","1":"product","2":"type-product","3":"status-publish","4":"has-post-thumbnail","6":"product_cat-uncategorized","7":"product_tag-abonnement-net-iptv","9":"first","10":"instock","11":"virtual","12":"taxable","13":"purchasable","14":"product-type-simple"},"uagb_featured_image_src":{"full":["https:\/\/abonnementiptv.cc\/wp-content\/uploads\/2022\/12\/Comment-reparer-la-mise-en-memoire-tampon-et-le-gel-IPTV-Guide-ultime-scaled-1.webp",2560,1484,false],"thumbnail":["https:\/\/abonnementiptv.cc\/wp-content\/uploads\/2022\/12\/Comment-reparer-la-mise-en-memoire-tampon-et-le-gel-IPTV-Guide-ultime-scaled-1.webp",150,87,false],"medium":["https:\/\/abonnementiptv.cc\/wp-content\/uploads\/2022\/12\/Comment-reparer-la-mise-en-memoire-tampon-et-le-gel-IPTV-Guide-ultime-scaled-1.webp",300,174,false],"medium_large":["https:\/\/abonnementiptv.cc\/wp-content\/uploads\/2022\/12\/Comment-reparer-la-mise-en-memoire-tampon-et-le-gel-IPTV-Guide-ultime-scaled-1.webp",768,445,false],"large":["https:\/\/abonnementiptv.cc\/wp-content\/uploads\/2022\/12\/Comment-reparer-la-mise-en-memoire-tampon-et-le-gel-IPTV-Guide-ultime-scaled-1.webp",1024,594,false],"1536x1536":["https:\/\/abonnementiptv.cc\/wp-content\/uploads\/2022\/12\/Comment-reparer-la-mise-en-memoire-tampon-et-le-gel-IPTV-Guide-ultime-scaled-1.webp",1536,890,false],"2048x2048":["https:\/\/abonnementiptv.cc\/wp-content\/uploads\/2022\/12\/Comment-reparer-la-mise-en-memoire-tampon-et-le-gel-IPTV-Guide-ultime-scaled-1.webp",2048,1187,false],"trp-custom-language-flag":["https:\/\/abonnementiptv.cc\/wp-content\/uploads\/2022\/12\/Comment-reparer-la-mise-en-memoire-tampon-et-le-gel-IPTV-Guide-ultime-scaled-1.webp",18,10,false],"woocommerce_thumbnail":["https:\/\/abonnementiptv.cc\/wp-content\/uploads\/2022\/12\/Comment-reparer-la-mise-en-memoire-tampon-et-le-gel-IPTV-Guide-ultime-scaled-1-300x300.webp",300,300,true],"woocommerce_single":["https:\/\/abonnementiptv.cc\/wp-content\/uploads\/2022\/12\/Comment-reparer-la-mise-en-memoire-tampon-et-le-gel-IPTV-Guide-ultime-scaled-1.webp",600,348,false],"woocommerce_gallery_thumbnail":["https:\/\/abonnementiptv.cc\/wp-content\/uploads\/2022\/12\/Comment-reparer-la-mise-en-memoire-tampon-et-le-gel-IPTV-Guide-ultime-scaled-1-100x100.webp",100,100,true]},"uagb_author_info":{"display_name":"abonnementiptv","author_link":"https:\/\/abonnementiptv.cc\/en\/author\/"},"uagb_comment_info":0,"uagb_excerpt":"L\\'abonnement NET\u00a0\u00a0IPTV offre : Assistance 7\/24H\/365 Qualit\u00e9 4K\/UHD, HD et SD Plus de 9000 cha\u00eenes en direct 20 000 films + 15 000 s\u00e9ries C\u00e9l\u00e8bres \u00e9v\u00e9nements sportifs et PPV Premium D\u00e9calage horaire et EPG Disponibilit\u00e9 99,99\u00a0% Prend en charge tous les appareils M3U &amp; MAG &amp; Emigma &amp; IOS &amp; Android &amp; Windows &amp; Linux&hellip;","_links":{"self":[{"href":"https:\/\/abonnementiptv.cc\/en\/wp-json\/wp\/v2\/product\/1067","targetHints":{"allow":["GET"]}}],"collection":[{"href":"https:\/\/abonnementiptv.cc\/en\/wp-json\/wp\/v2\/product"}],"about":[{"href":"https:\/\/abonnementiptv.cc\/en\/wp-json\/wp\/v2\/types\/product"}],"replies":[{"embeddable":true,"href":"https:\/\/abonnementiptv.cc\/en\/wp-json\/wp\/v2\/comments?post=1067"}],"wp:featuredmedia":[{"embeddable":true,"href":"https:\/\/abonnementiptv.cc\/en\/wp-json\/wp\/v2\/media\/629"}],"wp:attachment":[{"href":"https:\/\/abonnementiptv.cc\/en\/wp-json\/wp\/v2\/media?parent=1067"}],"wp:term":[{"taxonomy":"product_brand","embeddable":true,"href":"https:\/\/abonnementiptv.cc\/en\/wp-json\/wp\/v2\/product_brand?post=1067"},{"taxonomy":"product_cat","embeddable":true,"href":"https:\/\/abonnementiptv.cc\/en\/wp-json\/wp\/v2\/product_cat?post=1067"},{"taxonomy":"product_tag","embeddable":true,"href":"https:\/\/abonnementiptv.cc\/en\/wp-json\/wp\/v2\/product_tag?post=1067"}],"curies":[{"name":"wp","href":"https:\/\/api.w.org\/{rel}","templated":true}]}}