{"id":1068,"date":"2023-01-08T15:20:35","date_gmt":"2023-01-08T15:20:35","guid":{"rendered":"https:\/\/abonnementiptv.cc\/produit\/abonnement-iptv-navigator-ott\/"},"modified":"2023-01-08T15:20:35","modified_gmt":"2023-01-08T15:20:35","slug":"abonnement-iptv-navigator-ott","status":"publish","type":"product","link":"https:\/\/abonnementiptv.cc\/en\/product\/abonnement-iptv-navigator-ott\/","title":{"rendered":"Abonnement IPTV Navigator OTT"},"content":{"rendered":"<p><strong><span>Nous sommes un fournisseur d\\&rsquo;abonnement IPTV premium<\/span><\/strong><span>\u00a0avec de nombreuses ann\u00e9es d\\&rsquo;exp\u00e9rience.<\/span><\/p>\n<p><span>Notre service\u00a0<\/span><span>IPTV<\/span><span>\u00a0vous offre la meilleure qualit\u00e9 d\\&rsquo;image gr\u00e2ce \u00e0 nos serveurs puissants et stables sans interf\u00e9rence, qui vous garantiront la meilleure qualit\u00e9 de live TV et VOD.<\/span><\/p>\n<ul>\n<li><span>Serveurs fiables et rapides : IPTV est un serveur IPTV fiable et stable, qui prend en charge la technologie 24h\/24 et 7j\/7, maintient tous les codes ou panneaux revendeurs en \u00e9tat de marche et garantit un service ininterrompu.<\/span><\/li>\n<li><span>Haute compatibilit\u00e9 : compatible avec tous les appareils, y compris MAG, Android, XBMC, Enigma, IPTV Box, PC et Smart TV.<\/span><\/li>\n<li><span>Assistance de premier ordre\u00a0: nous sommes disponibles 24h\/24 et 7j\/7 pour le chat en direct sur Whatsapp\/WeChat\/Skype\/Telegram. N\\&rsquo;h\u00e9sitez pas \u00e0 nous contacter et \u00e0 demander un essai.<\/span><\/li>\n<li><span>\u00c9conomies de co\u00fbts\u00a0: le co\u00fbt moyen d\\&rsquo;un abonnement au c\u00e2ble est bien sup\u00e9rieur \u00e0 150\u00a0$.\u00a0Nous pouvons remettre plus de 80 % de cet argent dans votre poche.<\/span><\/li>\n<li><span>Diffusion FHD et 4K\u00a0: diffusion des cha\u00eenes FHD et 4K, sans gel ni mise en m\u00e9moire tampon.\u00a0Nous mettons \u00e9galement r\u00e9guli\u00e8rement \u00e0 jour de nouvelles cha\u00eenes, films et s\u00e9ries.<\/span><\/li>\n<li><span>Installation facile : Notre nouvelle application Apk est facile \u00e0 utiliser et \u00e0 installer.\u00a0M\u00eame les personnes les moins averties peuvent commencer \u00e0 utiliser l\\&rsquo;application en quelques minutes.<\/span><\/li>\n<\/ul>\n<h2><strong><span>Qu\\&rsquo;est-ce qu\\&rsquo;OTT Navigator IPTV ?<\/span><\/strong><\/h2>\n<p><strong><span>OTT Navigator IPTV<\/span><\/strong><span>\u00a0\u00a0est un lecteur IPTV gratuit qui facilite le streaming vid\u00e9o \u00e0 partir de M3U, XML et XSPF.<\/span><\/p>\n<p><span>\u00c0 l\\&rsquo;aide de cette application, vous pouvez regarder vos cha\u00eenes de t\u00e9l\u00e9vision premium pr\u00e9f\u00e9r\u00e9es, y compris des fonctionnalit\u00e9s int\u00e9ressantes telles que la personnalisation de vos cha\u00eenes pr\u00e9f\u00e9r\u00e9es \u00e0 l\\&rsquo;avant pour offrir la meilleure exp\u00e9rience utilisateur.\u00a0En m\u00eame temps, vous pouvez enregistrer votre cha\u00eene et la lire \u00e0 tout moment.<\/span><\/p>\n<p><span>L\\&rsquo;application IPTV \u00e9tant gratuite, aucun abonnement avanc\u00e9 ne doit utiliser le fichier APK OTT Navigator IPTV.<\/span><\/p>\n<h2><strong><span>Principales caract\u00e9ristiques d\\&rsquo;OTT Navigator IPTV<\/span><\/strong><\/h2>\n<p><span>Ce lecteur de liste IPTV comprend toutes les options dont vous avez besoin pour charger et regarder la t\u00e9l\u00e9vision sur Internet\u00a0:<\/span><\/p>\n<ul>\n<li><span>Il peut \u00eatre diffus\u00e9 en direct ;<\/span><\/li>\n<li><span>Fonction image dans l\\&rsquo;image\u00a0;<\/span><\/li>\n<li><span>Trier les cha\u00eenes selon les crit\u00e8res s\u00e9lectionn\u00e9s\u00a0;<\/span><\/li>\n<li><span>Les cha\u00eenes et cat\u00e9gories pr\u00e9f\u00e9r\u00e9es sont en haut de la liste\u00a0;<\/span><\/li>\n<li><span>Mode Studio \u2013 regarder jusqu\\&rsquo;\u00e0 neuf \u00e9missions simultan\u00e9ment sur un seul \u00e9cran ;<\/span><\/li>\n<li><span>Soutien aux archives\u00a0;<\/span><\/li>\n<li><span>Contr\u00f4le parental;<\/span><\/li>\n<li><span>Lancez automatiquement la derni\u00e8re cha\u00eene \u00e0 regarder lors de l\\&rsquo;ouverture de l\\&rsquo;application\u00a0;<\/span><\/li>\n<li><span>Regroup\u00e9s par cat\u00e9gorie, genre, saison, ann\u00e9e et pays de sortie\u00a0;<\/span><\/li>\n<li><span>Syst\u00e8me de rappel de programme pour \u00e9viter de manquer des \u00e9missions importantes\u00a0;<\/span><\/li>\n<li><span>Recevez des donn\u00e9es de plusieurs sources EPG, y compris des sources externes.<\/span><\/li>\n<\/ul>\n<h2><strong><span>Comment configurer OTT Navigator IPTV sur les appareils Android ?<\/span><\/strong><\/h2>\n<p><strong><span>\u00c9tape\u00a01\u00a0:\u00a0<\/span><\/strong><span>\u00a0Ouvrez votre appareil Android et acc\u00e9dez au\u00a0\u00a0<\/span><a href=\"\/en\/\"https:><strong><span>Google Play\u00a0Store<\/span><\/strong>\u00a0<\/a><\/p>\n<p><strong><span>\u00c9tape 2 :<\/span><\/strong><span>\u00a0\u00a0Entrez OTT Navigator IPTV dans la\u00a0\u00a0\u00a0barre de\u00a0<\/span><strong><span>recherche<\/span><\/strong><\/p>\n<p><strong><span>\u00c9tape 3 :<\/span><\/strong><span>\u00a0\u00a0S\u00e9lectionnez l\\&rsquo;application appropri\u00e9e<\/span><\/p>\n<p><strong><span>\u00c9tape 4 :<\/span><\/strong><span>\u00a0\u00a0Cliquez sur\u00a0\u00a0<\/span><strong><span>T\u00e9l\u00e9charger<\/span><\/strong><span>\u00a0\u00a0et\u00a0\u00a0<\/span><strong><span>installer<\/span><\/strong><\/p>\n<p><strong><span>\u00c9tape 5 :\u00a0<\/span><\/strong><span>\u00a0Enfin, entrez le\u00a0\u00a0<\/span><strong><span>lien de la playlist M3U<\/span><\/strong><span>\u00a0\u00a0pour ajouter le contenu vid\u00e9o correspondant<\/span><\/p>\n<h2><strong><span>Comment configurer Abonnement IPTV Navigator OTT sur Firestick ?<\/span><\/strong><\/h2>\n<p><span>OTT Navigator IPTV ne peut pas \u00eatre t\u00e9l\u00e9charg\u00e9 directement depuis l\\&rsquo;Amazon App Store, vous devrez donc installer OTT Navigator IPTV sur Firestick et utiliser\u00a0\u00a0<\/span><strong><span>Downloader<\/span><\/strong><span>\u00a0\u00a0pour le chargement lat\u00e9ral.<\/span><\/p>\n<p><strong><span>\u00c9tape\u00a01\u00a0:\u00a0<\/span><\/strong><span>\u00a0Allumez le t\u00e9l\u00e9viseur et configurez une connexion Internet sur votre Firestick<\/span><\/p>\n<p><strong><span>\u00c9tape 2\u00a0:\u00a0<\/span><\/strong><span>\u00a0Appuyez sur le bouton \u00ab<\/span><strong><span>\u00a0Accueil<\/span><\/strong><span>\u00a0\u00bb de la t\u00e9l\u00e9commande Firestick<\/span><\/p>\n<p><strong><span>\u00c9tape 3 :\u00a0<\/span><\/strong><span>\u00a0S\u00e9lectionnez l\\&rsquo;\u00a0option \u00ab<\/span><strong><span>\u00a0Rechercher\u00a0\u00bb et s\u00e9lectionnez Rechercher<\/span><\/strong><\/p>\n<p><strong><span>\u00c9tape 4 :<\/span><\/strong><span>\u00a0\u00a0Recherchez ensuite \u00ab\u00a0<\/span><strong><span>Downloader<\/span><\/strong><span>\u00a0\u00bb<\/span><\/p>\n<figure class=\"\\\"wp-block-image\" size-full\\\"><img class=\"\\\"wp-image-717\" ls-is-cached lazyloaded \\\" title=\"\\\"ott\" navigator abonnement iptv 1\\\" src=\"\\\"https:><\/figure>\n<p><strong><span>\u00c9tape 5 :<\/span><\/strong><span>\u00a0\u00a0Cliquez sur le\u00a0bouton \u00ab\u00a0<\/span><strong><span>T\u00e9l\u00e9charger \u00bb<\/span><\/strong><\/p>\n<figure class=\"\\\"wp-block-image\" size-full\\\"><img class=\"\\\"wp-image-718\" ls-is-cached lazyloaded \\\" title=\"\\\"ott\" navigator abonnement iptv 3\\\" src=\"\\\"https:><\/figure>\n<p><strong><span>\u00c9tape 6\u00a0:<\/span><\/strong><span>\u00a0\u00a0Ensuite, ouvrez\u00a0\u00a0<\/span><strong><span>My Fire TV<\/span><\/strong><span>\u00a0\u00a0dans Param\u00e8tres &gt;&gt;\u00a0<\/span><strong><span>Options pour les d\u00e9veloppeurs<\/span><\/strong><span>\u00a0\u00a0&gt;&gt;\u00a0<\/span><strong><span>Applications de sources inconnues<\/span><\/strong><span>\u00a0&gt;&gt;\u00a0<\/span><strong><span>Ouvrir le t\u00e9l\u00e9chargeur<\/span><\/strong><\/p>\n<figure class=\"\\\"wp-block-image\" size-full\\\"><img class=\"\\\"wp-image-756\" lazyloaded \\\" title=\"\\\"ott\" navigator abonnement iptv 5\\\" src=\"\\\"https:><\/figure>\n<p><strong><span>\u00c9tape 7 :\u00a0<\/span><\/strong><span>\u00a0Entrez ensuite le\u00a0\u00a0<strong>lien de\u00a0<\/strong><\/span><strong><span>t\u00e9l\u00e9chargement OTT Navigator IPTV<\/span><\/strong>\u00a0<span>\u00a0\u00a0dans le t\u00e9l\u00e9chargeur<\/span><\/p>\n<figure class=\"\\\"wp-block-image\" size-full\\\"><img class=\"\\\"wp-image-719\" ls-is-cached lazyloaded \\\" title=\"\\\"ott\" navigator abonnement iptv 7\\\" src=\"\\\"https:><\/figure>\n<p><strong><span>\u00c9tape 8 :\u00a0<\/span><\/strong><span>\u00a0Cliquez sur\u00a0\u00a0<\/span><strong><span>Installer<\/span><\/strong><span>\u00a0l\\&rsquo; \u00a0application\u00a0\u00a0<\/span><strong><span>\u00c9tape 9 :<\/span><\/strong><span>\u00a0\u00a0Une fois l\\&rsquo;installation termin\u00e9e, \u00e9coutez vos cha\u00eenes pr\u00e9f\u00e9r\u00e9es en ajoutant une liste de lecture.<\/span><\/p>\n<p><span>OTT Navigator IPTV est principalement gratuit et facile \u00e0 utiliser.\u00a0Tout ce que vous avez \u00e0 faire est de rechercher sur Internet des fournisseurs IPTV avec des liens M3U contenant les vid\u00e9os TV qui vous int\u00e9ressent. Si vous n\\&rsquo;avez pas encore trouv\u00e9 de bon fournisseur IPTV, essayez notre service d\\&rsquo;abonnement, qui offre\u00a0<\/span><strong><span>\u00a048 heures de test gratuit<\/span><\/strong><span>\u00a0\u00a0avant vous vous abonnez.<\/span><\/p>","protected":false},"excerpt":{"rendered":"<ul>\n<li><span>Assistance 7\/24H\/365<\/span><\/li>\n<li><span>Qualit\u00e9 4K\/UHD, HD et SD<\/span><\/li>\n<li><span>Plus de 9000 cha\u00eenes en direct<\/span><\/li>\n<li><span>20 000 films + 15 000 s\u00e9ries<\/span><\/li>\n<li><span>C\u00e9l\u00e8bres \u00e9v\u00e9nements sportifs et PPV Premium<\/span><\/li>\n<li><span>D\u00e9calage horaire et EPG<\/span><\/li>\n<li><span>Disponibilit\u00e9 99,99\u00a0%<\/span><\/li>\n<li><span>Prend en charge tous les appareils<\/span><\/li>\n<li><span>M3U &amp; MAG &amp; Emigma &amp; IOS &amp; Android &amp; Windows &amp; Linux<\/span><\/li>\n<\/ul>\n<p><strong><span>Remarque\u00a0:<\/span><\/strong><span>\u00a0L\\&rsquo;abonnement est un paiement unique (non r\u00e9current ni pr\u00e9-approuv\u00e9).<\/span><\/p>\n<p><span>Lorsqu\\&rsquo;un abonnement a expir\u00e9, vous devez effectuer une nouvelle transaction pour le renouveler.<\/span><\/p>\n<p><span>Contactez-nous via\u00a0<\/span><strong><a href=\"\/en\/\"https:><span>WhatsApp<\/span><\/a><\/strong><span>\u00a0avant l\\&rsquo;achat pour obtenir un essai gratuit de 2 jours.<\/span><\/p>\n<div class=\"\\\"yotpo\" bottomline yotpo-small\\\" data-product-id=\"\\\"1323\\\"\" data-url=\"\\\"https:>\n<div class=\"\\\"yotpo-display-wrapper\\\"\">\n<div class=\"\\\"standalone-bottomline\\\"\" tabindex=\"\\\"-1\\\"\" data-source=\"\\\"default\\\"\">\n<div class=\"\\\"yotpo-bottomline\" pull-left star-clickable\\\" tabindex=\"\\\"0\\\"\"><\/div>\n<\/div>\n<\/div>\n<\/div>","protected":false},"featured_media":872,"comment_status":"closed","ping_status":"closed","template":"","meta":{"_uag_custom_page_level_css":""},"product_brand":[],"product_cat":[167],"product_tag":[176],"class_list":{"0":"post-1068","1":"product","2":"type-product","3":"status-publish","4":"has-post-thumbnail","6":"product_cat-uncategorized","7":"product_tag-abonnement-iptv-navigator-ott","9":"first","10":"instock","11":"virtual","12":"taxable","13":"purchasable","14":"product-type-simple"},"uagb_featured_image_src":{"full":["https:\/\/abonnementiptv.cc\/wp-content\/uploads\/2022\/12\/OTT-Navigator-IPTV-1.webp",200,200,false],"thumbnail":["https:\/\/abonnementiptv.cc\/wp-content\/uploads\/2022\/12\/OTT-Navigator-IPTV-1-150x150.webp",150,150,true],"medium":["https:\/\/abonnementiptv.cc\/wp-content\/uploads\/2022\/12\/OTT-Navigator-IPTV-1.webp",200,200,false],"medium_large":["https:\/\/abonnementiptv.cc\/wp-content\/uploads\/2022\/12\/OTT-Navigator-IPTV-1.webp",200,200,false],"large":["https:\/\/abonnementiptv.cc\/wp-content\/uploads\/2022\/12\/OTT-Navigator-IPTV-1.webp",200,200,false],"1536x1536":["https:\/\/abonnementiptv.cc\/wp-content\/uploads\/2022\/12\/OTT-Navigator-IPTV-1.webp",200,200,false],"2048x2048":["https:\/\/abonnementiptv.cc\/wp-content\/uploads\/2022\/12\/OTT-Navigator-IPTV-1.webp",200,200,false],"trp-custom-language-flag":["https:\/\/abonnementiptv.cc\/wp-content\/uploads\/2022\/12\/OTT-Navigator-IPTV-1.webp",12,12,false],"woocommerce_thumbnail":["https:\/\/abonnementiptv.cc\/wp-content\/uploads\/2022\/12\/OTT-Navigator-IPTV-1.webp",200,200,false],"woocommerce_single":["https:\/\/abonnementiptv.cc\/wp-content\/uploads\/2022\/12\/OTT-Navigator-IPTV-1.webp",200,200,false],"woocommerce_gallery_thumbnail":["https:\/\/abonnementiptv.cc\/wp-content\/uploads\/2022\/12\/OTT-Navigator-IPTV-1.webp",100,100,false]},"uagb_author_info":{"display_name":"abonnementiptv","author_link":"https:\/\/abonnementiptv.cc\/en\/author\/"},"uagb_comment_info":0,"uagb_excerpt":"Assistance 7\/24H\/365 Qualit\u00e9 4K\/UHD, HD et SD Plus de 9000 cha\u00eenes en direct 20 000 films + 15 000 s\u00e9ries C\u00e9l\u00e8bres \u00e9v\u00e9nements sportifs et PPV Premium D\u00e9calage horaire et EPG Disponibilit\u00e9 99,99\u00a0% Prend en charge tous les appareils M3U &amp; MAG &amp; Emigma &amp; IOS &amp; Android &amp; Windows &amp; Linux Remarque\u00a0:\u00a0L\\'abonnement est un paiement&hellip;","_links":{"self":[{"href":"https:\/\/abonnementiptv.cc\/en\/wp-json\/wp\/v2\/product\/1068","targetHints":{"allow":["GET"]}}],"collection":[{"href":"https:\/\/abonnementiptv.cc\/en\/wp-json\/wp\/v2\/product"}],"about":[{"href":"https:\/\/abonnementiptv.cc\/en\/wp-json\/wp\/v2\/types\/product"}],"replies":[{"embeddable":true,"href":"https:\/\/abonnementiptv.cc\/en\/wp-json\/wp\/v2\/comments?post=1068"}],"wp:featuredmedia":[{"embeddable":true,"href":"https:\/\/abonnementiptv.cc\/en\/wp-json\/wp\/v2\/media\/872"}],"wp:attachment":[{"href":"https:\/\/abonnementiptv.cc\/en\/wp-json\/wp\/v2\/media?parent=1068"}],"wp:term":[{"taxonomy":"product_brand","embeddable":true,"href":"https:\/\/abonnementiptv.cc\/en\/wp-json\/wp\/v2\/product_brand?post=1068"},{"taxonomy":"product_cat","embeddable":true,"href":"https:\/\/abonnementiptv.cc\/en\/wp-json\/wp\/v2\/product_cat?post=1068"},{"taxonomy":"product_tag","embeddable":true,"href":"https:\/\/abonnementiptv.cc\/en\/wp-json\/wp\/v2\/product_tag?post=1068"}],"curies":[{"name":"wp","href":"https:\/\/api.w.org\/{rel}","templated":true}]}}