{"id":1069,"date":"2023-01-08T15:43:29","date_gmt":"2023-01-08T15:43:29","guid":{"rendered":"https:\/\/abonnementiptv.cc\/produit\/abonnement-iptv-perfect-player\/"},"modified":"2023-01-08T15:43:29","modified_gmt":"2023-01-08T15:43:29","slug":"abonnement-iptv-perfect-player","status":"publish","type":"product","link":"https:\/\/abonnementiptv.cc\/en\/product\/abonnement-iptv-perfect-player\/","title":{"rendered":"Abonnement IPTV Perfect Player"},"content":{"rendered":"<h2>Abonnement IPTV Perfect Player<\/h2>\n<p><span>Perfect Player est un d\u00e9codeur\u00a0<\/span><span>IPTV<\/span><span>\u00a0\/ lecteur multim\u00e9dia pour regarder des vid\u00e9os sur des t\u00e9l\u00e9viseurs, des tablettes et des smartphones.\u00a0Le lecteur dispose d\\&rsquo;une interface simple et conviviale qui vous permet de diffuser facilement des m\u00e9dias via votre service IPTV pr\u00e9f\u00e9r\u00e9.\u00a0L\\&rsquo;application prend en charge plusieurs formats d\\&rsquo;URL (M3U, XC, XSPF) et formats EPG (XMLTV, JTV).<\/span><\/p>\n<h2><span>Caract\u00e9ristiques Abonnement IPTV Perfect Player<\/span><\/h2>\n<ol>\n<li><span>Installation facile.<\/span><\/li>\n<li><span>Il fonctionne avec tous les fournisseurs IPTV qui prennent en charge les listes de lecture M3U et EPG.<\/span><\/li>\n<li><span>Prise en charge multilingue.\u00a0Anglais, grec, portugais, russe, espagnol, ukrainien.<\/span><\/li>\n<li><span>Affichage IPTV\u00a0: lecteur vid\u00e9o interne avec groupes de cha\u00eenes, logos et EPG (formats XMLTV et JTV pris en charge) pour une lecture rapide des cha\u00eenes IPTV et des flux vid\u00e9o.<\/span><\/li>\n<li><span>Il est gratuit \u00e0 t\u00e9l\u00e9charger et \u00e0 utiliser.<\/span><\/li>\n<li><span>Vous permet \u00e9galement de lire des vid\u00e9os stock\u00e9es localement.<\/span><\/li>\n<li><span>Disponible sur les appareils Android et les appareils Firestick.<\/span><br \/>\n<strong><span>Remarque<\/span><\/strong><span>\u00a0: Pour une meilleure exp\u00e9rience de lecture, veuillez essayer diff\u00e9rentes options de codec dans les param\u00e8tres.<\/span><\/li>\n<\/ol>\n<p><span>Nous recommandons fortement aux amateurs de sport d\\&rsquo;utiliser l\\&rsquo;\u00a0<\/span><span>abonnement Perfect Player IPTV<\/span><span>\u00a0, nous proposons des \u00e9v\u00e9nements sportifs et des matchs importants du monde entier, tels que les sports britanniques\/arabes\/fran\u00e7ais\/allemands\/am\u00e9ricains\/canadiens.<\/span><\/p>\n<h2><strong><b><span>Agissez et vous l\\&rsquo;aurez!<\/span><\/b><\/strong><\/h2>\n<ul>\n<li><span>Qualit\u00e9 de canal 720p\/1080p\/4K<\/span><\/li>\n<li><span>Assistance technique et assistance 24h\/24 et 7j\/7<\/span><\/li>\n<li><span>Mises \u00e0 jour gratuites<\/span><\/li>\n<li><span>Pas de cha\u00eenes pour adultes<\/span><\/li>\n<li><span>Pas de frais de d\u00e9marrage<\/span><\/li>\n<li><span>VOD multilingue mise \u00e0 jour<\/span><\/li>\n<li><span>D\u00e9calage horaire et EPG<\/span><\/li>\n<li><span>Disponibilit\u00e9 99,99\u00a0%<\/span><\/li>\n<\/ul>","protected":false},"excerpt":{"rendered":"<p><strong><b><span>Meilleurs forfaits d\\&rsquo;abonnement IPTV Perfect Player<\/span><\/b><\/strong><\/p>\n<ul>\n<li><strong><b>\u00a0<\/b><\/strong><span>Assistance 7\/24H\/365<\/span><\/li>\n<li><span>Qualit\u00e9 4K\/UHD, HD et SD<\/span><\/li>\n<li><span>Plus de 9000 cha\u00eenes en direct<\/span><\/li>\n<li><span>20 000 films + 15 000 s\u00e9ries<\/span><\/li>\n<li><span>C\u00e9l\u00e8bres \u00e9v\u00e9nements sportifs et PPV Premium<\/span><\/li>\n<li><span>D\u00e9calage horaire et EPG<\/span><\/li>\n<li><span>Disponibilit\u00e9 99,99\u00a0%<\/span><\/li>\n<li><span>Prend en charge tous les appareils<\/span><\/li>\n<li><span>M3U &amp; MAG &amp; Emigma &amp; IOS &amp; Android &amp; Windows &amp; Linux<\/span><\/li>\n<\/ul>\n<p><strong><span>Remarque\u00a0:<\/span><\/strong><span>\u00a0L\\&rsquo;abonnement est un paiement unique (non r\u00e9current ni pr\u00e9-approuv\u00e9).<\/span><\/p>\n<p><span>Lorsqu\\&rsquo;un abonnement a expir\u00e9, vous devez effectuer une nouvelle transaction pour le renouveler.<\/span><\/p>\n<p><span>Contactez-nous via\u00a0<\/span><a href=\"\/en\/\"https:><strong><span>WhatsApp<\/span><\/strong><\/a><span>\u00a0avant l\\&rsquo;achat pour obtenir un essai gratuit de 2 jours.<\/span><\/p>","protected":false},"featured_media":868,"comment_status":"closed","ping_status":"closed","template":"","meta":{"_uag_custom_page_level_css":""},"product_brand":[],"product_cat":[167],"product_tag":[177],"class_list":{"0":"post-1069","1":"product","2":"type-product","3":"status-publish","4":"has-post-thumbnail","6":"product_cat-uncategorized","7":"product_tag-abonnement-iptv-perfect-player","9":"first","10":"instock","11":"virtual","12":"taxable","13":"purchasable","14":"product-type-simple"},"uagb_featured_image_src":{"full":["https:\/\/abonnementiptv.cc\/wp-content\/uploads\/2022\/12\/Perfect-Player-1.webp",200,200,false],"thumbnail":["https:\/\/abonnementiptv.cc\/wp-content\/uploads\/2022\/12\/Perfect-Player-1-150x150.webp",150,150,true],"medium":["https:\/\/abonnementiptv.cc\/wp-content\/uploads\/2022\/12\/Perfect-Player-1.webp",200,200,false],"medium_large":["https:\/\/abonnementiptv.cc\/wp-content\/uploads\/2022\/12\/Perfect-Player-1.webp",200,200,false],"large":["https:\/\/abonnementiptv.cc\/wp-content\/uploads\/2022\/12\/Perfect-Player-1.webp",200,200,false],"1536x1536":["https:\/\/abonnementiptv.cc\/wp-content\/uploads\/2022\/12\/Perfect-Player-1.webp",200,200,false],"2048x2048":["https:\/\/abonnementiptv.cc\/wp-content\/uploads\/2022\/12\/Perfect-Player-1.webp",200,200,false],"trp-custom-language-flag":["https:\/\/abonnementiptv.cc\/wp-content\/uploads\/2022\/12\/Perfect-Player-1.webp",12,12,false],"woocommerce_thumbnail":["https:\/\/abonnementiptv.cc\/wp-content\/uploads\/2022\/12\/Perfect-Player-1.webp",200,200,false],"woocommerce_single":["https:\/\/abonnementiptv.cc\/wp-content\/uploads\/2022\/12\/Perfect-Player-1.webp",200,200,false],"woocommerce_gallery_thumbnail":["https:\/\/abonnementiptv.cc\/wp-content\/uploads\/2022\/12\/Perfect-Player-1.webp",100,100,false]},"uagb_author_info":{"display_name":"abonnementiptv","author_link":"https:\/\/abonnementiptv.cc\/en\/author\/"},"uagb_comment_info":0,"uagb_excerpt":"Meilleurs forfaits d\\'abonnement IPTV Perfect Player \u00a0Assistance 7\/24H\/365 Qualit\u00e9 4K\/UHD, HD et SD Plus de 9000 cha\u00eenes en direct 20 000 films + 15 000 s\u00e9ries C\u00e9l\u00e8bres \u00e9v\u00e9nements sportifs et PPV Premium D\u00e9calage horaire et EPG Disponibilit\u00e9 99,99\u00a0% Prend en charge tous les appareils M3U &amp; MAG &amp; Emigma &amp; IOS &amp; Android &amp; Windows&hellip;","_links":{"self":[{"href":"https:\/\/abonnementiptv.cc\/en\/wp-json\/wp\/v2\/product\/1069","targetHints":{"allow":["GET"]}}],"collection":[{"href":"https:\/\/abonnementiptv.cc\/en\/wp-json\/wp\/v2\/product"}],"about":[{"href":"https:\/\/abonnementiptv.cc\/en\/wp-json\/wp\/v2\/types\/product"}],"replies":[{"embeddable":true,"href":"https:\/\/abonnementiptv.cc\/en\/wp-json\/wp\/v2\/comments?post=1069"}],"wp:featuredmedia":[{"embeddable":true,"href":"https:\/\/abonnementiptv.cc\/en\/wp-json\/wp\/v2\/media\/868"}],"wp:attachment":[{"href":"https:\/\/abonnementiptv.cc\/en\/wp-json\/wp\/v2\/media?parent=1069"}],"wp:term":[{"taxonomy":"product_brand","embeddable":true,"href":"https:\/\/abonnementiptv.cc\/en\/wp-json\/wp\/v2\/product_brand?post=1069"},{"taxonomy":"product_cat","embeddable":true,"href":"https:\/\/abonnementiptv.cc\/en\/wp-json\/wp\/v2\/product_cat?post=1069"},{"taxonomy":"product_tag","embeddable":true,"href":"https:\/\/abonnementiptv.cc\/en\/wp-json\/wp\/v2\/product_tag?post=1069"}],"curies":[{"name":"wp","href":"https:\/\/api.w.org\/{rel}","templated":true}]}}