{"id":1070,"date":"2023-01-08T15:48:20","date_gmt":"2023-01-08T15:48:20","guid":{"rendered":"https:\/\/abonnementiptv.cc\/produit\/abonnement-iptv-room\/"},"modified":"2023-01-08T15:48:20","modified_gmt":"2023-01-08T15:48:20","slug":"abonnement-iptv-room","status":"publish","type":"product","link":"https:\/\/abonnementiptv.cc\/en\/product\/abonnement-iptv-room\/","title":{"rendered":"Abonnement IPTV Room"},"content":{"rendered":"<h2>Abonnement IPTV Room<\/h2>\n<p>Nous sommes un fournisseur d\\&rsquo; abonnement IPTV\u00a0premium\u00a0avec de nombreuses ann\u00e9es d\\&rsquo;exp\u00e9rience.<\/p>\n<p>Notre service IPTV\u00a0vous offre la meilleure qualit\u00e9 d\\&rsquo;image gr\u00e2ce \u00e0 nos serveurs puissants et stables sans interf\u00e9rence, qui vous garantiront la meilleure qualit\u00e9 de live TV et VOD.<\/p>\n<ul>\n<li>Serveurs rapides et fiables<\/li>\n<li>Haute compatibilit\u00e9<\/li>\n<li>Assistance de premier ordre<\/li>\n<li>\u00c9conomies de co\u00fbts<\/li>\n<li>Streaming FHD et 4K<\/li>\n<li>Installation facile<\/li>\n<\/ul>\n<h2><strong>Qu\\&rsquo;est-ce que Room IPTV\u00a0<\/strong><strong><b>?<\/b><\/strong><\/h2>\n<p>Room IPTV est une application IPTV sp\u00e9cialement con\u00e7ue comme une application de lecteur compl\u00e8te.<\/p>\n<p>Est un lecteur M3U qui combine des fonctionnalit\u00e9s avanc\u00e9es, des performances, une ergonomie et un design pour les t\u00e9l\u00e9phones et t\u00e9l\u00e9viseurs Android.<\/p>\n<p>Room IPTV ne contient aucune cha\u00eene, aucun film ou aucune \u00e9mission de t\u00e9l\u00e9vision.\u00a0\u2013 Vous devez ajouter des listes de lecture et rechercher des contenus pertinents\u00a0: cha\u00eenes, films ou \u00e9missions de t\u00e9l\u00e9vision en ajoutant un service IPTV distinct\u00a0!\u00a0&#8211; Ajoute et g\u00e8re les favoris des cha\u00eenes, des films ou des \u00e9missions de t\u00e9l\u00e9vision.<\/p>\n<h2><strong>Principales caract\u00e9ristiques<\/strong><\/h2>\n<ul>\n<li>Plusieurs listes de lecture.<\/li>\n<li>Sous-titres et s\u00e9lection audio pour les m\u00e9dias.<\/li>\n<li>Ajoutez et g\u00e9rez les favoris des cha\u00eenes, des films ou des \u00e9missions de t\u00e9l\u00e9vision.<\/li>\n<li>Lecteur IPTV intelligent et rapide pour t\u00e9l\u00e9viseurs, bo\u00eetiers et appareils mobiles<\/li>\n<li><strong>Room IPTV<\/strong>\u00a0\u00a0est une excellente alternative \u00e0\u00a0\u00a0<strong>Smart IPTV Xtream Player<\/strong>\u00a0.<\/li>\n<li>T\u00e9l\u00e9chargement gratuit de Room IPTV APK pour Android.<\/li>\n<\/ul>\n<h2><strong>Comment configurer la liste Abonnement IPTV Room ?<\/strong><\/h2>\n<p><strong>\u00c9tape 1 :\u00a0<\/strong>\u00a0Activez Room IPTV sur votre appareil.<\/p>\n<p><strong>\u00c9tape 2 :<\/strong>\u00a0\u00a0M\u00e9morisez l\\&rsquo;\u00a0\u00a0<strong>adresse MAC<\/strong>\u00a0\u00a0qui appara\u00eet \u00e0 l\\&rsquo;\u00e9cran.<\/p>\n<p><strong>\u00c9tape 3 :\u00a0<\/strong>\u00a0Ouvrez votre navigateur et tapez \u00ab\u00a0<strong><a href=\"\/en\/\"https:>\u00a0https:\/\/roomiptv.com\/<\/a><\/strong>\u00a0\u00bb<\/p>\n<p><strong>\u00c9tape 4 :<\/strong>\u00a0\u00a0Faites d\u00e9filer jusqu\\&rsquo;\u00e0 \u00ab<strong>\u00a0Ajouter une liste de lecture<\/strong>\u00a0\u00bb \u200b\u200bet cliquez sur \u00ab<strong>\u00a0Ajouter un lien MultiPlayList<\/strong>\u00a0\u00bb.<\/p>\n<figure class=\"\\\"wp-block-image\" size-full\\\"><img class=\"\\\"wp-image-684\" lazyloaded \\\" title=\"\\\"abonnement\" iptv salle 1\\\" src=\"\\\"https:><\/figure>\n<p><strong>\u00c9tape 5 :<\/strong>\u00a0\u00a0Saisissez l\\&rsquo;identifiant de l\\&rsquo;appareil de connexion et cliquez sur \u00ab\u00a0<strong>Commencer<\/strong>\u00a0\u00bb.<\/p>\n<figure class=\"\\\"wp-block-image\" size-full\\\"><img class=\"\\\"wp-image-686\" lazyloaded \\\" title=\"\\\"abonnement\" iptv chambre 3\\\" src=\"\\\"https:><\/figure>\n<p><strong>\u00c9tape 6 :<\/strong>\u00a0\u00a0Cliquez sur \u00ab<strong>\u00a0Ajouter une liste de lecture<\/strong>\u00a0\u00bb \u200b\u200bet entrez le\u00a0\u00a0<strong>lien M3U<\/strong>\u00a0.\u00a0Cliquez ici pour obtenir un\u00a0\u00a0<strong>abonnement IPTV<\/strong>\u00a0, obtenir un lien M3U, ajouter une liste de services IPTV<\/p>\n<p><img class=\"\\\"wp-image-687\" lazyloaded aligncenter\\\" title=\"\\\"abonnement\" iptv salle 5\\\" src=\"\\\"https:><\/p>\n<p><strong>\u00c9tape 7 :<\/strong>\u00a0\u00a0Profitez\u00a0des cha\u00eenes \u00e0 la demande du\u00a0service IPTV .<\/p>\n<figure class=\"\\\"wp-block-image\" size-full\\\"><img class=\"\\\"wp-image-685\" lazyloaded \\\" title=\"\\\"abonnement\" iptv chambre 7\\\" src=\"\\\"https:><\/figure>","protected":false},"excerpt":{"rendered":"<ul>\n<li>Assistance 7\/24H\/365<\/li>\n<li>Qualit\u00e9 4K\/UHD, HD et SD<\/li>\n<li>Plus de 9000 cha\u00eenes en direct<\/li>\n<li>20 000 films + 15 000 s\u00e9ries<\/li>\n<li>C\u00e9l\u00e8bres \u00e9v\u00e9nements sportifs et PPV Premium<\/li>\n<li>D\u00e9calage horaire et EPG<\/li>\n<li>Disponibilit\u00e9 99,99\u00a0%<\/li>\n<li>Prend en charge tous les appareils<\/li>\n<li>M3U &amp; MAG &amp; Emigma &amp; IOS &amp; Android &amp; Windows &amp; Linux<\/li>\n<\/ul>\n<p><strong>Remarque\u00a0:<\/strong>\u00a0L\\&rsquo;abonnement est un paiement unique (non r\u00e9current ni pr\u00e9-approuv\u00e9).<\/p>\n<p>Lorsqu\\&rsquo;un abonnement a expir\u00e9, vous devez effectuer une nouvelle transaction pour le renouveler.<\/p>\n<p>Contactez-nous via\u00a0<strong><a href=\"\/en\/\"https:>WhatsApp<\/a><\/strong> avant l\\&rsquo;achat pour obtenir un essai gratuit de 1 jours.<\/p>","protected":false},"featured_media":951,"comment_status":"closed","ping_status":"closed","template":"","meta":{"_uag_custom_page_level_css":""},"product_brand":[],"product_cat":[167],"product_tag":[178],"class_list":{"0":"post-1070","1":"product","2":"type-product","3":"status-publish","4":"has-post-thumbnail","6":"product_cat-uncategorized","7":"product_tag-abonnement-iptv-room","9":"first","10":"instock","11":"virtual","12":"taxable","13":"purchasable","14":"product-type-simple"},"uagb_featured_image_src":{"full":["https:\/\/abonnementiptv.cc\/wp-content\/uploads\/2022\/12\/Room-IPTV-600x338-1-1.webp",600,338,false],"thumbnail":["https:\/\/abonnementiptv.cc\/wp-content\/uploads\/2022\/12\/Room-IPTV-600x338-1-1-150x150.webp",150,150,true],"medium":["https:\/\/abonnementiptv.cc\/wp-content\/uploads\/2022\/12\/Room-IPTV-600x338-1-1-300x169.webp",300,169,true],"medium_large":["https:\/\/abonnementiptv.cc\/wp-content\/uploads\/2022\/12\/Room-IPTV-600x338-1-1.webp",600,338,false],"large":["https:\/\/abonnementiptv.cc\/wp-content\/uploads\/2022\/12\/Room-IPTV-600x338-1-1.webp",600,338,false],"1536x1536":["https:\/\/abonnementiptv.cc\/wp-content\/uploads\/2022\/12\/Room-IPTV-600x338-1-1.webp",600,338,false],"2048x2048":["https:\/\/abonnementiptv.cc\/wp-content\/uploads\/2022\/12\/Room-IPTV-600x338-1-1.webp",600,338,false],"trp-custom-language-flag":["https:\/\/abonnementiptv.cc\/wp-content\/uploads\/2022\/12\/Room-IPTV-600x338-1-1.webp",18,10,false],"woocommerce_thumbnail":["https:\/\/abonnementiptv.cc\/wp-content\/uploads\/2022\/12\/Room-IPTV-600x338-1-1-300x300.webp",300,300,true],"woocommerce_single":["https:\/\/abonnementiptv.cc\/wp-content\/uploads\/2022\/12\/Room-IPTV-600x338-1-1.webp",600,338,false],"woocommerce_gallery_thumbnail":["https:\/\/abonnementiptv.cc\/wp-content\/uploads\/2022\/12\/Room-IPTV-600x338-1-1-100x100.webp",100,100,true]},"uagb_author_info":{"display_name":"abonnementiptv","author_link":"https:\/\/abonnementiptv.cc\/en\/author\/"},"uagb_comment_info":0,"uagb_excerpt":"Assistance 7\/24H\/365 Qualit\u00e9 4K\/UHD, HD et SD Plus de 9000 cha\u00eenes en direct 20 000 films + 15 000 s\u00e9ries C\u00e9l\u00e8bres \u00e9v\u00e9nements sportifs et PPV Premium D\u00e9calage horaire et EPG Disponibilit\u00e9 99,99\u00a0% Prend en charge tous les appareils M3U &amp; MAG &amp; Emigma &amp; IOS &amp; Android &amp; Windows &amp; Linux Remarque\u00a0:\u00a0L\\'abonnement est un paiement&hellip;","_links":{"self":[{"href":"https:\/\/abonnementiptv.cc\/en\/wp-json\/wp\/v2\/product\/1070","targetHints":{"allow":["GET"]}}],"collection":[{"href":"https:\/\/abonnementiptv.cc\/en\/wp-json\/wp\/v2\/product"}],"about":[{"href":"https:\/\/abonnementiptv.cc\/en\/wp-json\/wp\/v2\/types\/product"}],"replies":[{"embeddable":true,"href":"https:\/\/abonnementiptv.cc\/en\/wp-json\/wp\/v2\/comments?post=1070"}],"wp:featuredmedia":[{"embeddable":true,"href":"https:\/\/abonnementiptv.cc\/en\/wp-json\/wp\/v2\/media\/951"}],"wp:attachment":[{"href":"https:\/\/abonnementiptv.cc\/en\/wp-json\/wp\/v2\/media?parent=1070"}],"wp:term":[{"taxonomy":"product_brand","embeddable":true,"href":"https:\/\/abonnementiptv.cc\/en\/wp-json\/wp\/v2\/product_brand?post=1070"},{"taxonomy":"product_cat","embeddable":true,"href":"https:\/\/abonnementiptv.cc\/en\/wp-json\/wp\/v2\/product_cat?post=1070"},{"taxonomy":"product_tag","embeddable":true,"href":"https:\/\/abonnementiptv.cc\/en\/wp-json\/wp\/v2\/product_tag?post=1070"}],"curies":[{"name":"wp","href":"https:\/\/api.w.org\/{rel}","templated":true}]}}