{"id":1071,"date":"2023-01-08T15:57:03","date_gmt":"2023-01-08T15:57:03","guid":{"rendered":"https:\/\/abonnementiptv.cc\/produit\/abonnement-smart-iptv\/"},"modified":"2023-01-08T15:57:03","modified_gmt":"2023-01-08T15:57:03","slug":"abonnement-smart-iptv","status":"publish","type":"product","link":"https:\/\/abonnementiptv.cc\/en\/product\/abonnement-smart-iptv\/","title":{"rendered":"Abonnement Smart IPTV"},"content":{"rendered":"<div class=\"\\\"woocommerce-tabs\" wc-tabs-wrapper\\\">\n<div id=\"\\\"tab-description\\\"\" class=\"\\\"woocommerce-tabs-panel\" woocommerce-tabs-panel--description panel entry-content wc-tab\\\" role=\"\\\"tabpanel\\\"\" aria-labelledby=\"\\\"tab-title-description\\\"\">\n<p><strong>Abonnement Smart IPTV <\/strong>est l\\&rsquo;application la plus couramment utilis\u00e9e pour diffuser des cha\u00eenes IPTV sur des t\u00e9l\u00e9viseurs intelligents, avec des mises \u00e0 jour fr\u00e9quentes et une interface conviviale.\u00a0Tout ce dont vous avez besoin est une Smart TV et une connexion Internet.\u00a0Cette application prend \u00e9galement en charge l\\&rsquo;EPG ainsi que les Picons et le regroupement.\u00a0Pour avoir des EPG, des Picons et des groupes de cha\u00eenes, le fichier ou l\\&rsquo;URL M3U que vous t\u00e9l\u00e9chargez sur cette application doit \u00eatre un m3u avec des options.<\/p>\n<h2>Abonnement Smart IPTV donne acc\u00e8s aux \u00e9l\u00e9ments suivants :<\/h2>\n<p>Le bouquet complet de cha\u00eenes inclus arabe\/asie\/Europe\/am\u00e9rique latine\/am\u00e9rique du nord<\/p>\n<p>Diff\u00e9rents types de programmes : Films \/ S\u00e9ries VIP \/ Dessins anim\u00e9s \/ Musique \/ Actualit\u00e9s \/ D\u00e9couverte \/ Vie<\/p>\n<p>Cha\u00eenes KIDS Premium : Carton Films \/ Musique \/ Disney+ Action<\/p>\n<p>Cha\u00eenes sportives premium\u00a0: Sports britanniques\/Sports arabes\/Sports fran\u00e7ais\/Sports allemands\/Sports am\u00e9ricains\/Sports canadiens<\/p>\n<h2>Abonnement Smart IPTV, vous attend pour en \u00eatre t\u00e9moin!<\/h2>\n<ol>\n<li>Assistance 7\/24H\/365<\/li>\n<li>Qualit\u00e9 4K\/UHD, HD et SD<\/li>\n<li>Plus de 9000 cha\u00eenes en direct<\/li>\n<li>20 000 films + 15 000 s\u00e9ries<\/li>\n<li>C\u00e9l\u00e8bres \u00e9v\u00e9nements sportifs et PPV Premium<\/li>\n<li>D\u00e9calage horaire et EPG<\/li>\n<li>Disponibilit\u00e9 99,99\u00a0%<\/li>\n<li>Prend en charge tous les appareils<\/li>\n<li>M3U &amp; MAG &amp; Emigma &amp; IOS &amp; Android &amp; Windows &amp; Linux<\/li>\n<\/ol>\n<h2><strong><b>Quels appareils sont pris en charge par Smart IPTV ?<\/b><\/strong><\/h2>\n<p>SMART IPTV n\\&rsquo;est pas seulement une application Android, mais elle est \u00e9galement disponible sur un grand nombre de plateformes Smart TV.\u00a0Cependant, sur certaines plateformes, vous ne pourrez peut-\u00eatre pas le trouver dans l\\&rsquo;App Store officiel, vous devrez donc le t\u00e9l\u00e9charger \u00e0 partir de son site officiel.<\/p>\n<h2>FAQ<\/h2>\n<h3><strong><b>Combien co\u00fbte l\\&rsquo;activation de Smart IPTV ?<\/b><\/strong><\/h3>\n<p>Les t\u00e9l\u00e9viseurs intelligents et les appareils pris en charge peuvent \u00eatre activ\u00e9s moyennant des frais uniques de 5,49 EUR pour chaque t\u00e9l\u00e9viseur\/appareil.\u00a0Pour \u00e9viter les retards d\\&rsquo;activation, il n\\&rsquo;est pas n\u00e9cessaire d\\&rsquo;attendre l\\&rsquo;expiration de la version d\\&rsquo;essai si tout fonctionne correctement pour vous.<\/p>\n<h3><strong><b>Comment installer l\\&rsquo;application Smart IPTV sur mon t\u00e9l\u00e9viseur ?<\/b><\/strong><\/h3>\n<p>Google a suspendu l\\&rsquo;application du Google Play Store.\u00a0Vous pouvez installer l\\&rsquo;application sur votre appareil Android TV en saisissant apk.\u00a0siptv.\u00a0app dans l\\&rsquo;application Downloader, en mettant apk.<\/p>\n<\/div>\n<\/div>","protected":false},"excerpt":{"rendered":"<h2>Abonnement Smart IPTV<\/h2>\n<ul>\n<li>Cha\u00eenes en direct : avec plus de 9 000 cha\u00eenes anglaises et \u00e9trang\u00e8res : Arabe, Arabie Saoudite, \u00c9mirats Arabes Unis, Turquie, Kurde, Kowe\u00eft, \u00c9tats-Unis, Canada, Mexique, Royaume-Uni, Australie, Nouvelle-Z\u00e9lande, FR, DE, IT, Espagnol, Argentine, Colombie, P\u00e9rou, Portugal, Br\u00e9sil, Afrique, Afrique du Sud, Kenya, Malaisie, Indon\u00e9sie, Tha\u00eflande, Philippines, Cor\u00e9e, Japon \u2026\u2026<\/li>\n<li>Films (VOD)\u00a0: plus de 20\u00a0000\u00a0films de tous genres, y compris des mises \u00e0 jour hebdomadaires des films r\u00e9cents au box-office<\/li>\n<li>S\u00e9ries (VOD)\u00a0: plus de 15\u00a0000\u00a0s\u00e9ries, y compris des mises \u00e0 jour r\u00e9guli\u00e8res sur toutes vos s\u00e9ries pr\u00e9f\u00e9r\u00e9es<\/li>\n<\/ul>\n<p><strong>Remarque\u00a0:<\/strong>\u00a0L\\&rsquo;abonnement est un paiement unique (non r\u00e9current ni pr\u00e9-approuv\u00e9).<\/p>\n<p>Lorsqu\\&rsquo;un abonnement a expir\u00e9, vous devez effectuer une nouvelle transaction pour le renouveler.<\/p>\n<p>Contactez-nous via\u00a0<strong><a href=\"\/en\/\"https:>WhatsApp<\/a><\/strong>\u00a0avant l\\&rsquo;achat pour obtenir un essai gratuit de 2 jours.<\/p>","protected":false},"featured_media":702,"comment_status":"closed","ping_status":"closed","template":"","meta":{"_uag_custom_page_level_css":""},"product_brand":[],"product_cat":[167],"product_tag":[179],"class_list":{"0":"post-1071","1":"product","2":"type-product","3":"status-publish","4":"has-post-thumbnail","6":"product_cat-uncategorized","7":"product_tag-abonnement-smart-iptv","9":"first","10":"instock","11":"virtual","12":"taxable","13":"purchasable","14":"product-type-simple"},"uagb_featured_image_src":{"full":["https:\/\/abonnementiptv.cc\/wp-content\/uploads\/2022\/12\/Smart-IPTV-Comment-utiliser-IPTV-abonnement-1.jpeg",1024,583,false],"thumbnail":["https:\/\/abonnementiptv.cc\/wp-content\/uploads\/2022\/12\/Smart-IPTV-Comment-utiliser-IPTV-abonnement-1-150x150.jpeg",150,150,true],"medium":["https:\/\/abonnementiptv.cc\/wp-content\/uploads\/2022\/12\/Smart-IPTV-Comment-utiliser-IPTV-abonnement-1-300x171.jpeg",300,171,true],"medium_large":["https:\/\/abonnementiptv.cc\/wp-content\/uploads\/2022\/12\/Smart-IPTV-Comment-utiliser-IPTV-abonnement-1-768x437.jpeg",768,437,true],"large":["https:\/\/abonnementiptv.cc\/wp-content\/uploads\/2022\/12\/Smart-IPTV-Comment-utiliser-IPTV-abonnement-1.jpeg",1024,583,false],"1536x1536":["https:\/\/abonnementiptv.cc\/wp-content\/uploads\/2022\/12\/Smart-IPTV-Comment-utiliser-IPTV-abonnement-1.jpeg",1024,583,false],"2048x2048":["https:\/\/abonnementiptv.cc\/wp-content\/uploads\/2022\/12\/Smart-IPTV-Comment-utiliser-IPTV-abonnement-1.jpeg",1024,583,false],"trp-custom-language-flag":["https:\/\/abonnementiptv.cc\/wp-content\/uploads\/2022\/12\/Smart-IPTV-Comment-utiliser-IPTV-abonnement-1.jpeg",18,10,false],"woocommerce_thumbnail":["https:\/\/abonnementiptv.cc\/wp-content\/uploads\/2022\/12\/Smart-IPTV-Comment-utiliser-IPTV-abonnement-1-300x300.jpeg",300,300,true],"woocommerce_single":["https:\/\/abonnementiptv.cc\/wp-content\/uploads\/2022\/12\/Smart-IPTV-Comment-utiliser-IPTV-abonnement-1.jpeg",600,342,false],"woocommerce_gallery_thumbnail":["https:\/\/abonnementiptv.cc\/wp-content\/uploads\/2022\/12\/Smart-IPTV-Comment-utiliser-IPTV-abonnement-1-100x100.jpeg",100,100,true]},"uagb_author_info":{"display_name":"abonnementiptv","author_link":"https:\/\/abonnementiptv.cc\/en\/author\/"},"uagb_comment_info":0,"uagb_excerpt":"Abonnement Smart IPTV Cha\u00eenes en direct : avec plus de 9 000 cha\u00eenes anglaises et \u00e9trang\u00e8res : Arabe, Arabie Saoudite, \u00c9mirats Arabes Unis, Turquie, Kurde, Kowe\u00eft, \u00c9tats-Unis, Canada, Mexique, Royaume-Uni, Australie, Nouvelle-Z\u00e9lande, FR, DE, IT, Espagnol, Argentine, Colombie, P\u00e9rou, Portugal, Br\u00e9sil, Afrique, Afrique du Sud, Kenya, Malaisie, Indon\u00e9sie, Tha\u00eflande, Philippines, Cor\u00e9e, Japon \u2026\u2026 Films (VOD)\u00a0:&hellip;","_links":{"self":[{"href":"https:\/\/abonnementiptv.cc\/en\/wp-json\/wp\/v2\/product\/1071","targetHints":{"allow":["GET"]}}],"collection":[{"href":"https:\/\/abonnementiptv.cc\/en\/wp-json\/wp\/v2\/product"}],"about":[{"href":"https:\/\/abonnementiptv.cc\/en\/wp-json\/wp\/v2\/types\/product"}],"replies":[{"embeddable":true,"href":"https:\/\/abonnementiptv.cc\/en\/wp-json\/wp\/v2\/comments?post=1071"}],"wp:featuredmedia":[{"embeddable":true,"href":"https:\/\/abonnementiptv.cc\/en\/wp-json\/wp\/v2\/media\/702"}],"wp:attachment":[{"href":"https:\/\/abonnementiptv.cc\/en\/wp-json\/wp\/v2\/media?parent=1071"}],"wp:term":[{"taxonomy":"product_brand","embeddable":true,"href":"https:\/\/abonnementiptv.cc\/en\/wp-json\/wp\/v2\/product_brand?post=1071"},{"taxonomy":"product_cat","embeddable":true,"href":"https:\/\/abonnementiptv.cc\/en\/wp-json\/wp\/v2\/product_cat?post=1071"},{"taxonomy":"product_tag","embeddable":true,"href":"https:\/\/abonnementiptv.cc\/en\/wp-json\/wp\/v2\/product_tag?post=1071"}],"curies":[{"name":"wp","href":"https:\/\/api.w.org\/{rel}","templated":true}]}}