{"id":2817,"date":"2023-03-18T14:47:05","date_gmt":"2023-03-18T14:47:05","guid":{"rendered":"https:\/\/abonnementiptv.cc\/produit\/dino\/"},"modified":"2024-11-29T20:26:47","modified_gmt":"2024-11-29T19:26:47","slug":"dino","status":"publish","type":"product","link":"https:\/\/abonnementiptv.cc\/en\/product\/dino\/","title":{"rendered":"DINO"},"content":{"rendered":"<p><strong>DINO<\/strong> fonctionne sur diff\u00e9rents types d\\&rsquo;appareils : bo\u00eetiers de t\u00e9l\u00e9vision\/t\u00e9l\u00e9phone\/pad Android, appareils iOS, Smart TV, bo\u00eetiers Mag Linux, PC&#8230;<br \/>\n1 connexion max.<\/p>\n<p>L\\&rsquo;<strong>abonnement IPTV<\/strong> est le nouvel engouement international, car ses fonctionnalit\u00e9s exceptionnelles r\u00e9pondent aux besoins individuels et \u00e0 la commodit\u00e9. Maintenant, notre service <strong>DINO<\/strong> propose \u00e0 la fois des forfaits d\\&rsquo;abonnement Standard et Plus pour les choix de nos clients. De plus, nous offrons un mois, 3 mois, 6 mois, 12 mois pour votre meilleur achat. Et plus encore, <strong>DINO\u00a0IPTV<\/strong> prend en charge les 24h d\\&rsquo;essai <strong>gratuit iptv<\/strong> avant de gagner de l\\&rsquo;argent pour un abonnement r\u00e9el. Nous sommes s\u00fbrs que vous serez convaincu que <strong>DINO\u00a0active code<\/strong> est votre meilleure solution IPTV.<\/p>\n<p><strong>DINO IPTV<\/strong> est le meilleur <strong>abonnement IPTV<\/strong> Full HD | Haut Serveur IPTV +60 000 Cha\u00eenes et VOD (Films &amp; S\u00e9ries).<\/p>\n<p>+9000 cha\u00eenes internationales 4K \/ FullHD \/ HEVC \/ HD \/ SD.<\/p>\n<p>+30 000 films et s\u00e9ries en plusieurs langues et pays.<\/p>\n<p>PORSCHE TV est actuellement le plus grand fournisseur de cha\u00eenes IPTV et VOD fran\u00e7aises et internationales sur le march\u00e9. plus de 10 000 cha\u00eenes HD\/SD\/3D\/4K pour tous vos appareils (IPTV sur PC, IPTV tablette, IPTV smartphone, IPTV Smart TV, MAG IPTV, IPTV ENIGMA2, IPTV SPARK&#8230;)<\/p>\n<p>1 JOURS D\\&rsquo;ESSAI<br \/>\nDemandez un <strong>test IPTV<\/strong> de 1 Jours pour seulement gratuit pour tester notre serveur iptv pour r\u00e9aliser votre propre stabilit\u00e9 !<\/p>\n<p>SANS PAUSE<br \/>\nNotre INFRASTRUCTURE assure la s\u00e9curit\u00e9 des donn\u00e9es AU PLUS HAUT NIVEAU. Vous pouvez regarder vos cha\u00eenes sans interruption 24h\/24 !<\/p>\n<p>Serveur IPTV avanc\u00e9<br \/>\nDes connexions r\u00e9seau redondantes avec une bande passante de 10 Gbps permettent une transmission rapide des donn\u00e9es\u00a0!<\/p>\n<p>Nos cha\u00eenes IPTV :<br \/>\nFrance, Belgique, Suisse, Espagne, Portugal, Italie, Allemagne, Pays-Bas, UK, Latino, Br\u00e9sil, Turquie, USA, Canada, Afrique, Inde, Pakistan, ARABE&#8230;<\/p>\n<p>******************************************<br \/>\nTags: FRANCE IPTV, IPTV FRANCE, IPTV BELGIQUE, IPTV Suisse, IPTV Espagnol \\\u00a0\u00bbTV ISPANIA\\\u00a0\u00bb, IPTV Italien, IPTV Allemand, IPTV Arabe, IPTV Maroc, IPTV SKY ANGLETERRE, IPTV UK, IPTV CANAL HOLANDA, IPTV PORTUGAL, IPTV TURC, IPTV USA, IPTV CANADA, IPTV Afrique, IPTV, abonnement iptv, abonnement iptv maroc, acheter iptv, acheter iptv, iptv gratuit 48, iptv 48h, iptv moins cher, iptv pro, iptv maroc, test iptv 48h, test iptv, test iptv 48 , test iptv premium<br \/>\nMaroc iptv : Test 48h Smart IPTV Maroc, IPTV France.<\/p>\n<p>abonnementiptv.cc &#8211; <strong>IPTV subscription<\/strong> moins cher.<br \/>\n*** Inclut tous les bouquets internationaux.<br \/>\n*** Inclut des milliers de Films et S\u00e9ries en VOD.<\/p>\n<p>Appareils compatibles\u00a0:<\/p>\n<p>&#8211; Smart TV (Samsung, LG, Sony, Philips, Sharp, Haier, Visio&#8230;)<br \/>\n&#8211; Tout type d\\&rsquo;appareil Android (Android Box, Android TV, etc.)<br \/>\n&#8211; MAG (MAG200, MAG245, MAG245D, MAG250, MAG254, MAG255, MAG256, MAG257, MAG260, MAG270, MAG275, MAG322, MAG323, MAG324, MAG325, MAG349, MAG350, MAG351, MAG352, MAG420 WR &#8230; tout autre type de 32 GAM)<br \/>\n&#8211; PC (VLC, Kodi&#8230;)<br \/>\n&#8211; IOS (MAC, Iphone, Ipad&#8230;)<br \/>\n&#8211; R\u00e9cepteurs Moresat (Samsat, Echolink, Starsat, Pinacle &#8230;)<br \/>\n&#8211; R\u00e9cepteurs avec Enigma 2 (Dreambox, Vu+&#8230;)<br \/>\nEt autres \u00e9quipements&#8230;<br \/>\n******************************************<\/p>","protected":false},"excerpt":{"rendered":"<p><strong>DINO<\/strong> est le <strong>meilleur abonnement IPTV<\/strong> Full HD | Haut <strong>Serveur IPTV<\/strong> +60 000 Cha\u00eenes et VOD (Films &amp; S\u00e9ries).<\/p>\n<p>+9000 cha\u00eenes internationales 4K \/ FullHD \/ HEVC \/ HD \/ SD.<\/p>\n<p>+30 000 films et s\u00e9ries en plusieurs langues et pays.<\/p>\n<p>DINO est un syst\u00e8me IPTV avec plus de stabilit\u00e9.<br \/>\nDINO a con\u00e7u le panneau 4K en fonction des besoins des revendeurs.<br \/>\nDINO a con\u00e7u la liste des cha\u00eenes en fonction des besoins des clients finaux.<br \/>\nDINO offre diff\u00e9rentes qualit\u00e9s telles que HD, 4K.<br \/>\nDINO fournit un support disponible 24\/24.<\/p>","protected":false},"featured_media":7809,"comment_status":"closed","ping_status":"closed","template":"","meta":{"_uag_custom_page_level_css":""},"product_brand":[],"product_cat":[145],"product_tag":[183],"class_list":{"0":"post-2817","1":"product","2":"type-product","3":"status-publish","4":"has-post-thumbnail","6":"product_cat-abonnement-iptv","7":"product_tag-dino","9":"first","10":"instock","11":"taxable","12":"shipping-taxable","13":"purchasable","14":"product-type-variable"},"uagb_featured_image_src":{"full":["https:\/\/abonnementiptv.cc\/wp-content\/uploads\/2023\/03\/dino-iptv.png",140,65,false],"thumbnail":["https:\/\/abonnementiptv.cc\/wp-content\/uploads\/2023\/03\/dino-iptv.png",140,65,false],"medium":["https:\/\/abonnementiptv.cc\/wp-content\/uploads\/2023\/03\/dino-iptv.png",140,65,false],"medium_large":["https:\/\/abonnementiptv.cc\/wp-content\/uploads\/2023\/03\/dino-iptv.png",140,65,false],"large":["https:\/\/abonnementiptv.cc\/wp-content\/uploads\/2023\/03\/dino-iptv.png",140,65,false],"1536x1536":["https:\/\/abonnementiptv.cc\/wp-content\/uploads\/2023\/03\/dino-iptv.png",140,65,false],"2048x2048":["https:\/\/abonnementiptv.cc\/wp-content\/uploads\/2023\/03\/dino-iptv.png",140,65,false],"trp-custom-language-flag":["https:\/\/abonnementiptv.cc\/wp-content\/uploads\/2023\/03\/dino-iptv.png",18,8,false],"woocommerce_thumbnail":["https:\/\/abonnementiptv.cc\/wp-content\/uploads\/2023\/03\/dino-iptv.png",140,65,false],"woocommerce_single":["https:\/\/abonnementiptv.cc\/wp-content\/uploads\/2023\/03\/dino-iptv.png",140,65,false],"woocommerce_gallery_thumbnail":["https:\/\/abonnementiptv.cc\/wp-content\/uploads\/2023\/03\/dino-iptv-100x65.png",100,65,true]},"uagb_author_info":{"display_name":"abonnementiptv","author_link":"https:\/\/abonnementiptv.cc\/en\/author\/"},"uagb_comment_info":0,"uagb_excerpt":"DINO est le meilleur abonnement IPTV Full HD | Haut Serveur IPTV +60 000 Cha\u00eenes et VOD (Films &amp; S\u00e9ries). +9000 cha\u00eenes internationales 4K \/ FullHD \/ HEVC \/ HD \/ SD. +30 000 films et s\u00e9ries en plusieurs langues et pays. DINO est un syst\u00e8me IPTV avec plus de stabilit\u00e9. DINO a con\u00e7u le&hellip;","_links":{"self":[{"href":"https:\/\/abonnementiptv.cc\/en\/wp-json\/wp\/v2\/product\/2817","targetHints":{"allow":["GET"]}}],"collection":[{"href":"https:\/\/abonnementiptv.cc\/en\/wp-json\/wp\/v2\/product"}],"about":[{"href":"https:\/\/abonnementiptv.cc\/en\/wp-json\/wp\/v2\/types\/product"}],"replies":[{"embeddable":true,"href":"https:\/\/abonnementiptv.cc\/en\/wp-json\/wp\/v2\/comments?post=2817"}],"wp:featuredmedia":[{"embeddable":true,"href":"https:\/\/abonnementiptv.cc\/en\/wp-json\/wp\/v2\/media\/7809"}],"wp:attachment":[{"href":"https:\/\/abonnementiptv.cc\/en\/wp-json\/wp\/v2\/media?parent=2817"}],"wp:term":[{"taxonomy":"product_brand","embeddable":true,"href":"https:\/\/abonnementiptv.cc\/en\/wp-json\/wp\/v2\/product_brand?post=2817"},{"taxonomy":"product_cat","embeddable":true,"href":"https:\/\/abonnementiptv.cc\/en\/wp-json\/wp\/v2\/product_cat?post=2817"},{"taxonomy":"product_tag","embeddable":true,"href":"https:\/\/abonnementiptv.cc\/en\/wp-json\/wp\/v2\/product_tag?post=2817"}],"curies":[{"name":"wp","href":"https:\/\/api.w.org\/{rel}","templated":true}]}}