{"id":397,"date":"2023-01-10T13:14:55","date_gmt":"2023-01-10T13:14:55","guid":{"rendered":"https:\/\/abonnementiptv.cc\/produit\/4kott-reseller\/"},"modified":"2023-01-10T13:14:55","modified_gmt":"2023-01-10T13:14:55","slug":"4kott-reseller","status":"publish","type":"product","link":"https:\/\/abonnementiptv.cc\/en\/product\/4kott-reseller\/","title":{"rendered":"4kOTT Reseller"},"content":{"rendered":"<div class=\"\\\"woocommerce-tabs\" wc-tabs-wrapper\\\">\n<div id=\"\\\"tab-description\\\"\" class=\"\\\"woocommerce-tabs-panel\" woocommerce-tabs-panel--description panel entry-content wc-tab\\\" role=\"\\\"tabpanel\\\"\" aria-labelledby=\"\\\"tab-title-description\\\"\">\n<p>Devenez revendeur d\u2019<strong>abonnements IPTV<\/strong> et gagnez des revenus suppl\u00e9mentaires avec notre service IPTV <strong>4kOTT<\/strong>. Nos offres sont excellentes et vos clients ne seront jamais d\u00e9\u00e7us, notre serveur de streaming est g\u00e9r\u00e9 par le syst\u00e8me de streaming de gestion de m\u00e9dias le plus puissant \u201cXtream-Codes\u201d. Nous vous fournirons un panel pour pouvoir facilement ajouter, g\u00e9rer, activer et prolonger les\u00a0<strong>abonnements IPTV<\/strong>\u00a0de vos clients, une fois que vous aurez re\u00e7u une commande\u00a0<strong>revendeur IPTV<\/strong>, nous communiquerons avec vous par Email, Whatsapp pour vous former \u00e0 l\u2019utilisation de notre gestion interface si vous n\u2019\u00eates pas revendeur, vous pouvez voir comment devenir revendeur IPTV OK si oui restez ici avec moi. Je vais vous pr\u00e9senter un tutoriel sur le panneau\u00a0<strong>revendeur IPTV<\/strong>.<\/p>\n<\/div>\n<\/div>","protected":false},"excerpt":{"rendered":"<p>4K OTT est un syst\u00e8me IPTV avec plus de stabilit\u00e9.<br \/>\n4K OTT a con\u00e7u le panneau 4K en fonction des besoins des revendeurs.<br \/>\n4k OTT a con\u00e7u la liste des cha\u00eenes en fonction des besoins des clients finaux.<br \/>\n4K OTT offre diff\u00e9rentes qualit\u00e9s telles que HD, 4K, 8K.<br \/>\n4K OTT fournit un support disponible 24\/24.<\/p>","protected":false},"featured_media":367,"comment_status":"closed","ping_status":"closed","template":"","meta":{"_uag_custom_page_level_css":""},"product_brand":[],"product_cat":[163],"product_tag":[155,157,158,159,160,161,156,162],"class_list":{"0":"post-397","1":"product","2":"type-product","3":"status-publish","4":"has-post-thumbnail","6":"product_cat-revendeur-iptv","7":"product_tag-4kott","8":"product_tag-4kott-active-code","9":"product_tag-4kott-app","10":"product_tag-4kott-code","11":"product_tag-4kott-player","12":"product_tag-4kott-reseller","13":"product_tag-abonnement-4kott","14":"product_tag-iptv-4kott","16":"first","17":"instock","18":"taxable","19":"shipping-taxable","20":"purchasable","21":"product-type-variable"},"uagb_featured_image_src":{"full":["https:\/\/abonnementiptv.cc\/wp-content\/uploads\/2022\/12\/4k-ott-1.png",512,512,false],"thumbnail":["https:\/\/abonnementiptv.cc\/wp-content\/uploads\/2022\/12\/4k-ott-1-150x150.png",150,150,true],"medium":["https:\/\/abonnementiptv.cc\/wp-content\/uploads\/2022\/12\/4k-ott-1-300x300.png",300,300,true],"medium_large":["https:\/\/abonnementiptv.cc\/wp-content\/uploads\/2022\/12\/4k-ott-1.png",512,512,false],"large":["https:\/\/abonnementiptv.cc\/wp-content\/uploads\/2022\/12\/4k-ott-1.png",512,512,false],"1536x1536":["https:\/\/abonnementiptv.cc\/wp-content\/uploads\/2022\/12\/4k-ott-1.png",512,512,false],"2048x2048":["https:\/\/abonnementiptv.cc\/wp-content\/uploads\/2022\/12\/4k-ott-1.png",512,512,false],"trp-custom-language-flag":["https:\/\/abonnementiptv.cc\/wp-content\/uploads\/2022\/12\/4k-ott-1.png",12,12,false],"woocommerce_thumbnail":["https:\/\/abonnementiptv.cc\/wp-content\/uploads\/2022\/12\/4k-ott-1.png",300,300,false],"woocommerce_single":["https:\/\/abonnementiptv.cc\/wp-content\/uploads\/2022\/12\/4k-ott-1.png",512,512,false],"woocommerce_gallery_thumbnail":["https:\/\/abonnementiptv.cc\/wp-content\/uploads\/2022\/12\/4k-ott-1.png",100,100,false]},"uagb_author_info":{"display_name":"abonnementiptv","author_link":"https:\/\/abonnementiptv.cc\/en\/author\/"},"uagb_comment_info":0,"uagb_excerpt":"4K OTT est un syst\u00e8me IPTV avec plus de stabilit\u00e9. 4K OTT a con\u00e7u le panneau 4K en fonction des besoins des revendeurs. 4k OTT a con\u00e7u la liste des cha\u00eenes en fonction des besoins des clients finaux. 4K OTT offre diff\u00e9rentes qualit\u00e9s telles que HD, 4K, 8K. 4K OTT fournit un support disponible 24\/24.","_links":{"self":[{"href":"https:\/\/abonnementiptv.cc\/en\/wp-json\/wp\/v2\/product\/397","targetHints":{"allow":["GET"]}}],"collection":[{"href":"https:\/\/abonnementiptv.cc\/en\/wp-json\/wp\/v2\/product"}],"about":[{"href":"https:\/\/abonnementiptv.cc\/en\/wp-json\/wp\/v2\/types\/product"}],"replies":[{"embeddable":true,"href":"https:\/\/abonnementiptv.cc\/en\/wp-json\/wp\/v2\/comments?post=397"}],"wp:featuredmedia":[{"embeddable":true,"href":"https:\/\/abonnementiptv.cc\/en\/wp-json\/wp\/v2\/media\/367"}],"wp:attachment":[{"href":"https:\/\/abonnementiptv.cc\/en\/wp-json\/wp\/v2\/media?parent=397"}],"wp:term":[{"taxonomy":"product_brand","embeddable":true,"href":"https:\/\/abonnementiptv.cc\/en\/wp-json\/wp\/v2\/product_brand?post=397"},{"taxonomy":"product_cat","embeddable":true,"href":"https:\/\/abonnementiptv.cc\/en\/wp-json\/wp\/v2\/product_cat?post=397"},{"taxonomy":"product_tag","embeddable":true,"href":"https:\/\/abonnementiptv.cc\/en\/wp-json\/wp\/v2\/product_tag?post=397"}],"curies":[{"name":"wp","href":"https:\/\/api.w.org\/{rel}","templated":true}]}}