{"id":398,"date":"2023-01-10T13:18:26","date_gmt":"2023-01-10T13:18:26","guid":{"rendered":"https:\/\/abonnementiptv.cc\/produit\/trex-iptv-reseller\/"},"modified":"2023-01-10T13:18:26","modified_gmt":"2023-01-10T13:18:26","slug":"trex-iptv-reseller","status":"publish","type":"product","link":"https:\/\/abonnementiptv.cc\/en\/product\/trex-iptv-reseller\/","title":{"rendered":"TREX IPTV Reseller"},"content":{"rendered":"<p>Devenez revendeur d\\&rsquo;<strong>abonnements IPTV<\/strong> et gagnez des revenus suppl\u00e9mentaires avec notre service <strong>IPTV TREX<\/strong> . Nos offres sont excellentes et vos clients ne seront jamais d\u00e9\u00e7us, notre serveur de streaming est g\u00e9r\u00e9 par le syst\u00e8me de streaming de gestion de m\u00e9dias le plus puissant \\\u00a0\u00bbXtream-Codes\\\u00a0\u00bb. Nous vous fournirons un panel pour pouvoir facilement ajouter, g\u00e9rer, activer et prolonger les <strong>abonnements IPTV<\/strong> de vos clients, une fois que vous aurez re\u00e7u une commande <strong>revendeur IPTV<\/strong>, nous communiquerons avec vous par Email, Whatsapp pour vous former \u00e0 l\\&rsquo;utilisation de notre gestion interface si vous n\\&rsquo;\u00eates pas revendeur, vous pouvez voir comment devenir revendeur IPTV OK si oui restez ici avec moi. Je vais vous pr\u00e9senter un tutoriel sur le panneau <strong>revendeur IPTV<\/strong>.<\/p>","protected":false},"excerpt":{"rendered":"<p>TREX IPTV est un syst\u00e8me IPTV avec plus de stabilit\u00e9.<br \/>\nTREX IPTV a con\u00e7u le panneau 4K en fonction des besoins des revendeurs.<br \/>\nTREX IPTV a con\u00e7u la liste des cha\u00eenes en fonction des besoins des clients finaux.<br \/>\nTREX IPTV offre diff\u00e9rentes qualit\u00e9s telles que HD, 4K, 8K.<br \/>\nTREX IPTV fournit un support disponible 24\/24.<\/p>","protected":false},"featured_media":369,"comment_status":"closed","ping_status":"closed","template":"","meta":{"_uag_custom_page_level_css":""},"product_brand":[],"product_cat":[163],"product_tag":[152,153,154,164],"class_list":{"0":"post-398","1":"product","2":"type-product","3":"status-publish","4":"has-post-thumbnail","6":"product_cat-revendeur-iptv","7":"product_tag-abonnement-trex","8":"product_tag-trex","9":"product_tag-trex-iptv","10":"product_tag-trex-iptv-reseller","12":"first","13":"instock","14":"taxable","15":"shipping-taxable","16":"purchasable","17":"product-type-variable"},"uagb_featured_image_src":{"full":false,"thumbnail":false,"medium":false,"medium_large":false,"large":false,"1536x1536":false,"2048x2048":false,"trp-custom-language-flag":false,"woocommerce_thumbnail":false,"woocommerce_single":false,"woocommerce_gallery_thumbnail":false},"uagb_author_info":{"display_name":"abonnementiptv","author_link":"https:\/\/abonnementiptv.cc\/en\/author\/"},"uagb_comment_info":0,"uagb_excerpt":"TREX IPTV est un syst\u00e8me IPTV avec plus de stabilit\u00e9. TREX IPTV a con\u00e7u le panneau 4K en fonction des besoins des revendeurs. TREX IPTV a con\u00e7u la liste des cha\u00eenes en fonction des besoins des clients finaux. TREX IPTV offre diff\u00e9rentes qualit\u00e9s telles que HD, 4K, 8K. TREX IPTV fournit un support disponible 24\/24.","_links":{"self":[{"href":"https:\/\/abonnementiptv.cc\/en\/wp-json\/wp\/v2\/product\/398","targetHints":{"allow":["GET"]}}],"collection":[{"href":"https:\/\/abonnementiptv.cc\/en\/wp-json\/wp\/v2\/product"}],"about":[{"href":"https:\/\/abonnementiptv.cc\/en\/wp-json\/wp\/v2\/types\/product"}],"replies":[{"embeddable":true,"href":"https:\/\/abonnementiptv.cc\/en\/wp-json\/wp\/v2\/comments?post=398"}],"wp:featuredmedia":[{"embeddable":true,"href":"https:\/\/abonnementiptv.cc\/en\/wp-json\/"}],"wp:attachment":[{"href":"https:\/\/abonnementiptv.cc\/en\/wp-json\/wp\/v2\/media?parent=398"}],"wp:term":[{"taxonomy":"product_brand","embeddable":true,"href":"https:\/\/abonnementiptv.cc\/en\/wp-json\/wp\/v2\/product_brand?post=398"},{"taxonomy":"product_cat","embeddable":true,"href":"https:\/\/abonnementiptv.cc\/en\/wp-json\/wp\/v2\/product_cat?post=398"},{"taxonomy":"product_tag","embeddable":true,"href":"https:\/\/abonnementiptv.cc\/en\/wp-json\/wp\/v2\/product_tag?post=398"}],"curies":[{"name":"wp","href":"https:\/\/api.w.org\/{rel}","templated":true}]}}