{"id":399,"date":"2023-01-10T13:19:19","date_gmt":"2023-01-10T13:19:19","guid":{"rendered":"https:\/\/abonnementiptv.cc\/produit\/extraott-reseller\/"},"modified":"2023-01-10T13:19:19","modified_gmt":"2023-01-10T13:19:19","slug":"extraott-reseller","status":"publish","type":"product","link":"https:\/\/abonnementiptv.cc\/en\/product\/extraott-reseller\/","title":{"rendered":"EXTRAOTT Reseller"},"content":{"rendered":"<p>Devenez revendeur d\\&rsquo;<strong>abonnements IPTV<\/strong> et gagnez des revenus suppl\u00e9mentaires avec notre service IPTV <strong>EXTRAOTT<\/strong>. Nos offres sont excellentes et vos clients ne seront jamais d\u00e9\u00e7us, notre serveur de streaming est g\u00e9r\u00e9 par le syst\u00e8me de streaming de gestion de m\u00e9dias le plus puissant \\\u00a0\u00bbXtream-Codes\\\u00a0\u00bb. Nous vous fournirons un panel pour pouvoir facilement ajouter, g\u00e9rer, activer et prolonger les <strong>abonnements IPTV<\/strong> de vos clients, une fois que vous aurez re\u00e7u une commande EXTRAOTT Reseller, nous communiquerons avec vous par Email, Whatsapp pour vous former \u00e0 l\\&rsquo;utilisation de notre gestion interface si vous n\\&rsquo;\u00eates pas revendeur, vous pouvez voir comment devenir <strong>revendeur IPTV<\/strong> OK si oui restez ici avec moi. Je vais vous pr\u00e9senter un tutoriel sur le panneau <strong>revendeur IPTV<\/strong>.<\/p>","protected":false},"excerpt":{"rendered":"<p>EXTRAOTT est un syst\u00e8me IPTV avec plus de stabilit\u00e9.<br \/>\nEXTRAOTT a con\u00e7u le panneau 4K en fonction des besoins des revendeurs.<br \/>\nEXTRAOTT a con\u00e7u la liste des cha\u00eenes en fonction des besoins des clients finaux.<br \/>\nEXTRAOTT offre diff\u00e9rentes qualit\u00e9s telles que HD, 4K, 8K.<br \/>\nEXTRAOTT fournit un support disponible 24\/24.<\/p>","protected":false},"featured_media":387,"comment_status":"closed","ping_status":"closed","template":"","meta":{"_uag_custom_page_level_css":""},"product_brand":[],"product_cat":[163],"product_tag":[144,147],"class_list":{"0":"post-399","1":"product","2":"type-product","3":"status-publish","4":"has-post-thumbnail","6":"product_cat-revendeur-iptv","7":"product_tag-abonnement-extraott","8":"product_tag-extraott","10":"first","11":"instock","12":"taxable","13":"shipping-taxable","14":"purchasable","15":"product-type-variable"},"uagb_featured_image_src":{"full":false,"thumbnail":false,"medium":false,"medium_large":false,"large":false,"1536x1536":false,"2048x2048":false,"trp-custom-language-flag":false,"woocommerce_thumbnail":false,"woocommerce_single":false,"woocommerce_gallery_thumbnail":false},"uagb_author_info":{"display_name":"abonnementiptv","author_link":"https:\/\/abonnementiptv.cc\/en\/author\/"},"uagb_comment_info":0,"uagb_excerpt":"EXTRAOTT est un syst\u00e8me IPTV avec plus de stabilit\u00e9. EXTRAOTT a con\u00e7u le panneau 4K en fonction des besoins des revendeurs. EXTRAOTT a con\u00e7u la liste des cha\u00eenes en fonction des besoins des clients finaux. EXTRAOTT offre diff\u00e9rentes qualit\u00e9s telles que HD, 4K, 8K. EXTRAOTT fournit un support disponible 24\/24.","_links":{"self":[{"href":"https:\/\/abonnementiptv.cc\/en\/wp-json\/wp\/v2\/product\/399","targetHints":{"allow":["GET"]}}],"collection":[{"href":"https:\/\/abonnementiptv.cc\/en\/wp-json\/wp\/v2\/product"}],"about":[{"href":"https:\/\/abonnementiptv.cc\/en\/wp-json\/wp\/v2\/types\/product"}],"replies":[{"embeddable":true,"href":"https:\/\/abonnementiptv.cc\/en\/wp-json\/wp\/v2\/comments?post=399"}],"wp:featuredmedia":[{"embeddable":true,"href":"https:\/\/abonnementiptv.cc\/en\/wp-json\/"}],"wp:attachment":[{"href":"https:\/\/abonnementiptv.cc\/en\/wp-json\/wp\/v2\/media?parent=399"}],"wp:term":[{"taxonomy":"product_brand","embeddable":true,"href":"https:\/\/abonnementiptv.cc\/en\/wp-json\/wp\/v2\/product_brand?post=399"},{"taxonomy":"product_cat","embeddable":true,"href":"https:\/\/abonnementiptv.cc\/en\/wp-json\/wp\/v2\/product_cat?post=399"},{"taxonomy":"product_tag","embeddable":true,"href":"https:\/\/abonnementiptv.cc\/en\/wp-json\/wp\/v2\/product_tag?post=399"}],"curies":[{"name":"wp","href":"https:\/\/api.w.org\/{rel}","templated":true}]}}