{"id":4438,"date":"2023-07-29T08:17:29","date_gmt":"2023-07-29T08:17:29","guid":{"rendered":"https:\/\/abonnementiptv.cc\/produit\/pure-iptv-test-24h-abonnement-iptv\/"},"modified":"2025-02-05T12:44:33","modified_gmt":"2025-02-05T11:44:33","slug":"pure-iptv-test-24h-abonnement-iptv","status":"publish","type":"product","link":"https:\/\/abonnementiptv.cc\/en\/product\/pure-iptv-test-24h-abonnement-iptv\/","title":{"rendered":"PURE IPTV TEST 24H &#8211; abonnement IPTV"},"content":{"rendered":"<p><strong>Pure IPTV abonnement <\/strong>fonctionne sur diff\u00e9rents types d\\&rsquo;appareils : bo\u00eetiers de t\u00e9l\u00e9vision\/t\u00e9l\u00e9phone\/pad Android, appareils iOS, Smart TV, bo\u00eetiers Mag Linux, PC&#8230;<br \/>\n1 connexion max.<\/p>\n<p>L\\&rsquo;<strong>Pure IPTV <\/strong>abonnement IPTV est le nouvel engouement international, car ses fonctionnalit\u00e9s exceptionnelles r\u00e9pondent aux besoins individuels et \u00e0 la commodit\u00e9. Maintenant, notre service <strong>Pure IPTV <\/strong>propose \u00e0 la fois des forfaits d\\&rsquo;abonnement Standard et Plus pour les choix de nos clients. De plus, nous offrons un mois, 3 mois, 6 mois, 12 mois pour votre meilleur achat. Et plus encore, <strong>Pure IPTV <\/strong>prend en charge les 24h d\\&rsquo;essai <strong>gratuit iptv<\/strong> avant de gagner de l\\&rsquo;argent pour un abonnement r\u00e9el. Nous sommes s\u00fbrs que vous serez convaincu que <strong>Pure IPTV <\/strong><strong>active code<\/strong> est votre meilleure solution IPTV.<\/p>\n<p><strong>Pure IPTV <\/strong> est le meilleur <strong>abonnement IPTV<\/strong>\u00a0Full HD | Haut Serveur IPTV +60 000 Cha\u00eenes et VOD (Films &amp; S\u00e9ries).<\/p>\n<p>+18000 cha\u00eenes internationales 4K \/ FullHD \/ HEVC \/ HD \/ SD.<\/p>\n<p>+120000 films et s\u00e9ries en plusieurs langues et pays.<\/p>\n<p><strong>Pure IPTV <\/strong>\u00a0est actuellement le plus grand fournisseur de cha\u00eenes IPTV et VOD fran\u00e7aises et internationales sur le march\u00e9. plus de 10 000 cha\u00eenes HD\/SD\/3D\/4K pour tous vos appareils (IPTV sur PC, IPTV tablette, IPTV smartphone, IPTV Smart TV, MAG IPTV, IPTV ENIGMA2, IPTV SPARK\u2026)<\/p>\n<p>1 JOURS D\u2019ESSAI<br \/>\nDemandez un\u00a0<strong>test IPTV<\/strong>\u00a0de 1 Jours pour seulement gratuit pour tester notre serveur iptv pour r\u00e9aliser votre propre stabilit\u00e9 !<\/p>\n<p>SANS PAUSE<br \/>\nNotre INFRASTRUCTURE assure la s\u00e9curit\u00e9 des donn\u00e9es AU PLUS HAUT NIVEAU. Vous pouvez regarder vos cha\u00eenes sans interruption 24h\/24 !<\/p>\n<p>Serveur IPTV avanc\u00e9<br \/>\nDes connexions r\u00e9seau redondantes avec une bande passante de 10 Gbps permettent une transmission rapide des donn\u00e9es\u00a0!<\/p>\n<p>Nos cha\u00eenes IPTV :<br \/>\nFrance, Belgique, Suisse, Espagne, Portugal, Italie, Allemagne, Pays-Bas, UK, Latino, Br\u00e9sil, Turquie, USA, Canada, Afrique, Inde, Pakistan, ARABE\u2026<\/p>\n<p>******************************************<br \/>\nTags: FRANCE IPTV, IPTV FRANCE, IPTV BELGIQUE, IPTV Suisse, IPTV Espagnol \u201cTV ISPANIA\u201d, IPTV Italien, IPTV Allemand, IPTV Arabe, IPTV Maroc, IPTV SKY ANGLETERRE, IPTV UK, IPTV CANAL HOLANDA, IPTV PORTUGAL, IPTV TURC, IPTV USA, IPTV CANADA, IPTV Afrique, IPTV, abonnement iptv, abonnement iptv maroc, acheter iptv, acheter iptv, iptv gratuit 48, iptv 48h, iptv moins cher, iptv pro, iptv maroc, test iptv 48h, test iptv, test iptv 48 , test iptv premium<br \/>\nMaroc iptv : Test 48h Smart IPTV Maroc, IPTV France.<\/p>\n<p>abonnementiptv.cc \u2013\u00a0<strong>IPTV subscription<\/strong>\u00a0moins cher.<br \/>\n*** Inclut tous les bouquets internationaux.<br \/>\n*** Inclut des milliers de Films et S\u00e9ries en VOD.<\/p>\n<p>Appareils compatibles\u00a0:<\/p>\n<p>\u2013 Smart TV (Samsung, LG, Sony, Philips, Sharp, Haier, Visio\u2026)<br \/>\n\u2013 Tout type d\u2019appareil Android (Android Box, Android TV, etc.)<br \/>\n\u2013 MAG (MAG200, MAG245, MAG245D, MAG250, MAG254, MAG255, MAG256, MAG257, MAG260, MAG270, MAG275, MAG322, MAG323, MAG324, MAG325, MAG349, MAG350, MAG351, MAG352, MAG420 WR \u2026 tout autre type de 32 GAM)<br \/>\n\u2013 PC (VLC, Kodi\u2026)<br \/>\n\u2013 IOS (MAC, Iphone, Ipad\u2026)<br \/>\n\u2013 R\u00e9cepteurs Moresat (Samsat, Echolink, Starsat, Pinacle \u2026)<br \/>\n\u2013 R\u00e9cepteurs avec Enigma 2 (Dreambox, Vu+\u2026)<br \/>\nEt autres \u00e9quipements\u2026<br \/>\n******************************************<\/p>","protected":false},"excerpt":{"rendered":"<p><strong>Pure IPTV <\/strong> est le <strong>meilleur abonnement IPTV<\/strong>\u00a0Full HD | Haut\u00a0<strong>Serveur IPTV<\/strong>\u00a0+60 000 Cha\u00eenes et VOD (Films &amp; S\u00e9ries).<\/p>\n<p>+18000 cha\u00eenes internationales 4K \/ FullHD \/ HEVC \/ HD \/ SD.<\/p>\n<p>+120 000 films et s\u00e9ries en plusieurs langues et pays.<\/p>\n<p><strong>Pure IPTV <\/strong> est un syst\u00e8me IPTV avec plus de stabilit\u00e9.<br \/>\n<strong>Pure IPTV <\/strong> a con\u00e7u le panneau 4K en fonction des besoins des revendeurs.<br \/>\n<strong>Pure IPTV <\/strong> a con\u00e7u la liste des cha\u00eenes en fonction des besoins des clients finaux.<br \/>\n<strong>Pure IPTV <\/strong> offre diff\u00e9rentes qualit\u00e9s telles que HD, 4K, 8K.<br \/>\n<strong>Pure IPTV <\/strong> fournit un support disponible 24\/24.<\/p>","protected":false},"featured_media":8693,"comment_status":"closed","ping_status":"closed","template":"","meta":{"_uag_custom_page_level_css":""},"product_brand":[],"product_cat":[145],"product_tag":[193,148,194],"class_list":{"0":"post-4438","1":"product","2":"type-product","3":"status-publish","4":"has-post-thumbnail","6":"product_cat-abonnement-iptv","7":"product_tag-abonnement-pure-iptv","8":"product_tag-meilleur-abonnement-iptv","9":"product_tag-pure-iptv","11":"first","12":"outofstock","13":"virtual","14":"product-type-simple"},"uagb_featured_image_src":{"full":["https:\/\/abonnementiptv.cc\/wp-content\/uploads\/2023\/07\/pure-iptv.jpg",1920,1080,false],"thumbnail":["https:\/\/abonnementiptv.cc\/wp-content\/uploads\/2023\/07\/pure-iptv-150x150.jpg",150,150,true],"medium":["https:\/\/abonnementiptv.cc\/wp-content\/uploads\/2023\/07\/pure-iptv-300x169.jpg",300,169,true],"medium_large":["https:\/\/abonnementiptv.cc\/wp-content\/uploads\/2023\/07\/pure-iptv-768x432.jpg",768,432,true],"large":["https:\/\/abonnementiptv.cc\/wp-content\/uploads\/2023\/07\/pure-iptv-1024x576.jpg",1024,576,true],"1536x1536":["https:\/\/abonnementiptv.cc\/wp-content\/uploads\/2023\/07\/pure-iptv-1536x864.jpg",1536,864,true],"2048x2048":["https:\/\/abonnementiptv.cc\/wp-content\/uploads\/2023\/07\/pure-iptv.jpg",1920,1080,false],"trp-custom-language-flag":["https:\/\/abonnementiptv.cc\/wp-content\/uploads\/2023\/07\/pure-iptv.jpg",18,10,false],"woocommerce_thumbnail":["https:\/\/abonnementiptv.cc\/wp-content\/uploads\/2023\/07\/pure-iptv-300x300.jpg",300,300,true],"woocommerce_single":["https:\/\/abonnementiptv.cc\/wp-content\/uploads\/2023\/07\/pure-iptv-600x338.jpg",600,338,true],"woocommerce_gallery_thumbnail":["https:\/\/abonnementiptv.cc\/wp-content\/uploads\/2023\/07\/pure-iptv-100x100.jpg",100,100,true]},"uagb_author_info":{"display_name":"abonnementiptv","author_link":"https:\/\/abonnementiptv.cc\/en\/author\/"},"uagb_comment_info":0,"uagb_excerpt":"Pure IPTV est le meilleur abonnement IPTV\u00a0Full HD | Haut\u00a0Serveur IPTV\u00a0+60 000 Cha\u00eenes et VOD (Films &amp; S\u00e9ries). +18000 cha\u00eenes internationales 4K \/ FullHD \/ HEVC \/ HD \/ SD. +120 000 films et s\u00e9ries en plusieurs langues et pays. Pure IPTV est un syst\u00e8me IPTV avec plus de stabilit\u00e9. Pure IPTV a con\u00e7u le&hellip;","_links":{"self":[{"href":"https:\/\/abonnementiptv.cc\/en\/wp-json\/wp\/v2\/product\/4438","targetHints":{"allow":["GET"]}}],"collection":[{"href":"https:\/\/abonnementiptv.cc\/en\/wp-json\/wp\/v2\/product"}],"about":[{"href":"https:\/\/abonnementiptv.cc\/en\/wp-json\/wp\/v2\/types\/product"}],"replies":[{"embeddable":true,"href":"https:\/\/abonnementiptv.cc\/en\/wp-json\/wp\/v2\/comments?post=4438"}],"wp:featuredmedia":[{"embeddable":true,"href":"https:\/\/abonnementiptv.cc\/en\/wp-json\/wp\/v2\/media\/8693"}],"wp:attachment":[{"href":"https:\/\/abonnementiptv.cc\/en\/wp-json\/wp\/v2\/media?parent=4438"}],"wp:term":[{"taxonomy":"product_brand","embeddable":true,"href":"https:\/\/abonnementiptv.cc\/en\/wp-json\/wp\/v2\/product_brand?post=4438"},{"taxonomy":"product_cat","embeddable":true,"href":"https:\/\/abonnementiptv.cc\/en\/wp-json\/wp\/v2\/product_cat?post=4438"},{"taxonomy":"product_tag","embeddable":true,"href":"https:\/\/abonnementiptv.cc\/en\/wp-json\/wp\/v2\/product_tag?post=4438"}],"curies":[{"name":"wp","href":"https:\/\/api.w.org\/{rel}","templated":true}]}}