{"id":6465,"date":"2024-11-12T23:54:45","date_gmt":"2024-11-12T23:54:45","guid":{"rendered":"https:\/\/abonnementiptv.cc\/produit\/activation-du-serveur-forever-f-share-pack-vip-abonnement-af-vip\/"},"modified":"2024-11-29T21:13:56","modified_gmt":"2024-11-29T20:13:56","slug":"activation-du-serveur-forever-f-share-pack-vip-abonnement-af-vip","status":"publish","type":"product","link":"https:\/\/abonnementiptv.cc\/en\/product\/activation-du-serveur-forever-f-share-pack-vip-abonnement-af-vip\/","title":{"rendered":"Activation du serveur Forever | F-share | PACK VIP | Abonnement AF-VIP"},"content":{"rendered":"<p>Activation du serveur FOREVER | Part F | FORFAIT VIP | Abonnement AF-VIP<br \/>\nActivation de serveur Forever, package vip, af- vip<\/p>\n<p>Aucune garantie sur la disponibilit\u00e9 des services ou forfaits pendant la p\u00e9riode d\\&rsquo;abonnement.<\/p>\n<p>. Il n\\&rsquo;y a aucune garantie quant \u00e0 la disponibilit\u00e9 des services ou des forfaits ou \u00e0 l\\&rsquo;indisponibilit\u00e9 du serveur pendant toute la dur\u00e9e de l\\&rsquo;abonnement. Nous n\\&rsquo;en sommes pas responsables et nous n\\&rsquo;avons aucune autorit\u00e9 pour le faire<br \/>\n.<br \/>\nserveur uniquement : Avec l\\&rsquo;activation standard, il ouvre les cha\u00eenes normales telles que : ZAP 36\u00b0E et Canal Sat 16\u00b0E<br \/>\nPackage VIP ouvrez tout sur le serveur : sur Nilsat 7\u00b0W : BE-I -N SPORTS +(SP+ SERVER+apollo tv)<br \/>\nLe package VIP ouvre tout sur le serveur : sur Badr 26\u00b0E : BE-I -N SPORTS+(SP+ SERVER+apollotv)<br \/>\nLe forfait VIP ouvre tout sur le serveur : sur Eutelsat 36\u00b0E : DSTV +(SP+ SERVER+apollotv)<br \/>\nAF-VIP (Africa VIP) : c\\&rsquo;est pour l\\&rsquo;Afrique subsaharienne, c\\&rsquo;est ouvert uniquement sur certains forfaits africains comme DSTV<br \/>\nSP1 et SP2 sont destin\u00e9s aux utilisateurs r\u00e9sidant en EUROPE uniquement, sp1= serveur uniquement, sp2 = serveur+apollo IPTV.<br \/>\nSP1 et SP2 : La r\u00e9gion EUROPE ne peut pas \u00eatre activ\u00e9e avec SP1 ou SP2. SP1 signifie serveur uniquement, SP2 signifie serveur + Apollo IPTV.<br \/>\nSP1 Espa\u00f1a : c\\&rsquo;est pour l\\&rsquo;Espagne uniquement (dispositivos espa\u00f1oles)<\/p>\n<p>Liste des cha\u00eenes de travail du forfait VIP et fr\u00e9quences<\/p>\n<p>&nbsp;<\/p>\n<p>activation du serveur et d\\&rsquo;Apollo IPTV<br \/>\nL\\&rsquo;activation officielle de serveur Forever fonctionne sur n\\&rsquo;importe quel d\u00e9codeur satellite sur lequel un service Forever est install\u00e9.<\/p>\n<p>Fonctionne sur les serveurs suivants : Forever, Forever Se, Forever Pro, F-share, Apollo to Apollo 5<\/p>\n<p>Activation du package VIP : le package VIP peut ouvrir BeN sports 7w et dstv 36e et bien plus encore<\/p>\n<p>Activation Apollo iptv : il active Apollo iptv sans serveur<\/p>\n<p>Liste de certains d\u00e9codeurs de r\u00e9cepteur satellite :<br \/>\n(Starsat, Geant, mediastar, Bware, Magnum, Pinnacle, YTiger, Qmax, Tiger, Vizyon, Class, TigerStar, T-Link, SKYSAT, GiGaBlue, Next Ye, StarMax, Megasat, truman, JYNXBOX, \u2026\u2026\u2026\u2026.)<\/p>\n<p>Exigence:<br \/>\n*D\u00e9codeur satellite connect\u00e9 \u00e0 internet et un serveur Forever \u00e0 l\\&rsquo;int\u00e9rieur.<\/p>\n<p>Comment commander :<br \/>\n1-Assurez-vous que le syst\u00e8me de r\u00e9ception est \u00e0 jour<\/p>\n<p>2-Entrez le num\u00e9ro de s\u00e9rie du r\u00e9cepteur (SN),<\/p>\n<p>3-O\u00f9 trouver SN, allez dans Param\u00e8tres\/\u00c0 propos ou informations sur le serveur ou STB\/SN<\/p>\n<p>4-Entrez SN dans le champ ci-dessus.<\/p>\n<p>5-Le processus de commande prendra 1 \u00e0 60 minutes seulement pendant les heures de bureau.<\/p>\n<p>6-Une fois la commande termin\u00e9e, red\u00e9marrez simplement le r\u00e9cepteur.<\/p>\n<p>&nbsp;<\/p>\n<p>Important avant de commander :<br \/>\n1- Le fournisseur reste seul responsable du contenu de ses forfaits et de la disponibilit\u00e9 des cha\u00eenes incluses dans son offre.<\/p>\n<p>2- Certaines cha\u00eenes ou bouquets peuvent \u00eatre temporairement indisponibles, cela \u00e9chappe totalement \u00e0 notre contr\u00f4le<\/p>\n<p>3- Aucune garantie sur la disponibilit\u00e9 des services ou forfaits pendant la p\u00e9riode d\\&rsquo;abonnement.<\/p>","protected":false},"excerpt":{"rendered":"<p>Avant Commander demande le test sur:<\/p>\n<p>WHATSAPP: +212706797762<\/p>\n<p>TELEGRAM: SAIDSD19<\/p>\n<p>\u2013 D\u00e9lai de livraison : 1 \u00e0 60 minutes (heures ouvrables)<br \/>\n\u2013 (Forever Se, Forever Pro, F-share)<br \/>\n-aucun remboursement sous aucune condition<br \/>\n-nous ne sommes pas responsables si le serveur cesse de fonctionner avant la date d\\&rsquo;expiration.<\/p>","protected":false},"featured_media":7836,"comment_status":"open","ping_status":"closed","template":"","meta":{"_uag_custom_page_level_css":""},"product_brand":[],"product_cat":[195],"product_tag":[],"class_list":{"0":"post-6465","1":"product","2":"type-product","3":"status-publish","4":"has-post-thumbnail","6":"product_cat-sharing","8":"first","9":"instock","10":"virtual","11":"taxable","12":"purchasable","13":"product-type-simple"},"uagb_featured_image_src":{"full":["https:\/\/abonnementiptv.cc\/wp-content\/uploads\/2024\/11\/Activation-du-serveur-Forever-1.webp",200,273,false],"thumbnail":["https:\/\/abonnementiptv.cc\/wp-content\/uploads\/2024\/11\/Activation-du-serveur-Forever-1-150x150.webp",150,150,true],"medium":["https:\/\/abonnementiptv.cc\/wp-content\/uploads\/2024\/11\/Activation-du-serveur-Forever-1.webp",200,273,false],"medium_large":["https:\/\/abonnementiptv.cc\/wp-content\/uploads\/2024\/11\/Activation-du-serveur-Forever-1.webp",200,273,false],"large":["https:\/\/abonnementiptv.cc\/wp-content\/uploads\/2024\/11\/Activation-du-serveur-Forever-1.webp",200,273,false],"1536x1536":["https:\/\/abonnementiptv.cc\/wp-content\/uploads\/2024\/11\/Activation-du-serveur-Forever-1.webp",200,273,false],"2048x2048":["https:\/\/abonnementiptv.cc\/wp-content\/uploads\/2024\/11\/Activation-du-serveur-Forever-1.webp",200,273,false],"trp-custom-language-flag":["https:\/\/abonnementiptv.cc\/wp-content\/uploads\/2024\/11\/Activation-du-serveur-Forever-1.webp",9,12,false],"woocommerce_thumbnail":["https:\/\/abonnementiptv.cc\/wp-content\/uploads\/2024\/11\/Activation-du-serveur-Forever-1.webp",200,273,false],"woocommerce_single":["https:\/\/abonnementiptv.cc\/wp-content\/uploads\/2024\/11\/Activation-du-serveur-Forever-1.webp",200,273,false],"woocommerce_gallery_thumbnail":["https:\/\/abonnementiptv.cc\/wp-content\/uploads\/2024\/11\/Activation-du-serveur-Forever-1-100x100.webp",100,100,true]},"uagb_author_info":{"display_name":"abonnementiptv","author_link":"https:\/\/abonnementiptv.cc\/en\/author\/"},"uagb_comment_info":0,"uagb_excerpt":"Avant Commander demande le test sur: WHATSAPP: +212706797762 TELEGRAM: SAIDSD19 \u2013 D\u00e9lai de livraison : 1 \u00e0 60 minutes (heures ouvrables) \u2013 (Forever Se, Forever Pro, F-share) -aucun remboursement sous aucune condition -nous ne sommes pas responsables si le serveur cesse de fonctionner avant la date d\\'expiration.","_links":{"self":[{"href":"https:\/\/abonnementiptv.cc\/en\/wp-json\/wp\/v2\/product\/6465","targetHints":{"allow":["GET"]}}],"collection":[{"href":"https:\/\/abonnementiptv.cc\/en\/wp-json\/wp\/v2\/product"}],"about":[{"href":"https:\/\/abonnementiptv.cc\/en\/wp-json\/wp\/v2\/types\/product"}],"replies":[{"embeddable":true,"href":"https:\/\/abonnementiptv.cc\/en\/wp-json\/wp\/v2\/comments?post=6465"}],"wp:featuredmedia":[{"embeddable":true,"href":"https:\/\/abonnementiptv.cc\/en\/wp-json\/wp\/v2\/media\/7836"}],"wp:attachment":[{"href":"https:\/\/abonnementiptv.cc\/en\/wp-json\/wp\/v2\/media?parent=6465"}],"wp:term":[{"taxonomy":"product_brand","embeddable":true,"href":"https:\/\/abonnementiptv.cc\/en\/wp-json\/wp\/v2\/product_brand?post=6465"},{"taxonomy":"product_cat","embeddable":true,"href":"https:\/\/abonnementiptv.cc\/en\/wp-json\/wp\/v2\/product_cat?post=6465"},{"taxonomy":"product_tag","embeddable":true,"href":"https:\/\/abonnementiptv.cc\/en\/wp-json\/wp\/v2\/product_tag?post=6465"}],"curies":[{"name":"wp","href":"https:\/\/api.w.org\/{rel}","templated":true}]}}