{"id":6474,"date":"2024-11-13T01:00:44","date_gmt":"2024-11-13T01:00:44","guid":{"rendered":"https:\/\/abonnementiptv.cc\/produit\/abonnement-6-mois-au-forfait-vip\/"},"modified":"2024-11-29T20:58:17","modified_gmt":"2024-11-29T19:58:17","slug":"abonnement-6-mois-au-forfait-vip","status":"publish","type":"product","link":"https:\/\/abonnementiptv.cc\/en\/product\/abonnement-6-mois-au-forfait-vip\/","title":{"rendered":"Abonnement 6 mois au FORFAIT VIP"},"content":{"rendered":"<p>Abonnement 6 mois au FORFAIT VIP (BeIN et DSTV)<br \/>\nActivation du serveur FUNCAM, forfait VIP, AF-VIP, activation permanente, f-share, g-sh<\/p>\n<p>Qu\\&rsquo;est-ce que l\\&rsquo;Abonnement 6 mois au FORFAIT VIP :<br \/>\nLe forfait VIP est l\\&rsquo;abonnement ultime. Il active tout sur le d\u00e9codeur, comme\u00a0: serveur normal + DSTV + BeINsports + apollo iptv + donn\u00e9es (BISS Auto, traduction des sous-titres, EPGPro, CHMax, Net Audio).<\/p>\n<p>Le forfait VIP ouvre tout sur le serveur : sur Nilsat 7\u00b0W : BE-I -N SPORTS +( SP+ SERVER+apollo tv)<br \/>\nLe forfait VIP ouvre tout sur le serveur : sur Badr 26\u00b0E : BE-I -N SPORTS+( SP+ SERVER+apollotv)<br \/>\nLe forfait VIP ouvre tout sur le serveur : sur Eutelsat 36\u00b0E : DSTV +( SP+ SERVER+apollotv)<br \/>\nAF-VIP (Africa VIP) : il est destin\u00e9 \u00e0 l\\&rsquo;Afrique subsaharienne et n\\&rsquo;ouvre que certains forfaits africains comme DSTV<br \/>\nserveur : c\\&rsquo;est l\\&rsquo;activation standard qui ouvre les cha\u00eenes normales telles que : ZAP 36\u00b0E et Canal Sat 16\u00b0 E<br \/>\nSP1 et SP2 sont r\u00e9serv\u00e9s aux utilisateurs r\u00e9sidant en EUROPE uniquement, sp1= serveur uniquement, sp2 = serveur+apollo IPTV.<br \/>\nSP1 et SP2 : La r\u00e9gion EUROPE ne peut \u00eatre activ\u00e9e qu\\&rsquo;avec SP1 ou SP2. SP1 signifie serveur uniquement, SP2 signifie serveur + apollo IPTV.<br \/>\nSP1 Espa\u00f1a : c\\&rsquo;est pour l\\&rsquo;Espagne uniquement (dispositivos espa\u00f1oles)<br \/>\nComment v\u00e9rifier votre abonnement :<br \/>\npour v\u00e9rifier votre abonnement et le type de serveur, rendez-vous sur cette page &gt; : v\u00e9rification de l\\&rsquo;abonnement<\/p>\n<p>Quelles cha\u00eenes et fr\u00e9quences le forfait VIP peut-il ouvrir dessus :<br \/>\nconsultez cette page &gt; Liste des cha\u00eenes et fr\u00e9quences de travail du forfait VIP<\/p>\n<p>Quelques appareils pris en charge pour l\\&rsquo;Abonnement 6 mois au FORFAIT VIP :<br \/>\n-Renouvellement et activation de l\\&rsquo;abonnement VIP Package 1 mois. Activation sur tous les r\u00e9cepteurs qui fonctionnent avec goosat tels que Starsat, Geant, mediastar, Bware, Magnum, Pinnacle, YTiger, Qmax, Tiger, Vizyon, Class, TigerStar, T-Link, SKYSAT, GiGaBlue, Next Ye, StarMax, Megasat, truman, JYNXBOX, \u2026\u2026\u2026\u2026.)<\/p>\n<p>-Renouvellement et activation de l\u2019abonnement VIP Package 1 mois. Activation instantan\u00e9e sur tous les r\u00e9cepteurs qui marchent avec le serveur Goosat.<\/p>\n<p>Avant de commander, il est pr\u00e9f\u00e9rable de v\u00e9rifier votre appareil en envoyant le num\u00e9ro de s\u00e9rie de votre appareil \u00e0 notre<\/p>\n<p>Comment commander un Abonnement 6 mois au FORFAIT VIP :<br \/>\nAssurez-vous que le logiciel syst\u00e8me de votre r\u00e9cepteur est \u00e0 jour, que la qualit\u00e9 du signal est bonne et que l\\&rsquo;appareil est connect\u00e9 \u00e0 Internet.<br \/>\nEntrez le num\u00e9ro de s\u00e9rie (SN) du r\u00e9cepteur de votre appareil.<br \/>\nO\u00f9 trouver le num\u00e9ro de s\u00e9rie (SN)\u00a0: (Menu\u00a0&gt;\u00a0param\u00e8tres syst\u00e8me\u00a0&gt;\u00a0\u00c0 propos du STB)<br \/>\nEntrez le SN dans le champ ci-dessus.<br \/>\nLe processus de commande prendra 1 \u00e0 60 minutes uniquement pendant les heures ouvrables.<br \/>\nUne fois la commande termin\u00e9e, red\u00e9marrez le r\u00e9cepteur.<br \/>\nsi vous ne connaissez pas le nom du serveur sur votre appareil.. vous pouvez nous envoyer le num\u00e9ro de s\u00e9rie via WhatsApp pour v\u00e9rification et nous vous aiderons<\/p>\n<p>Important avant la commande\u00a0:<br \/>\nLe temps de traitement peut parfois prendre jusqu\\&rsquo;\u00e0 6 heures.<br \/>\nLe fournisseur reste seul responsable du contenu de ses forfaits et de la disponibilit\u00e9 des cha\u00eenes incluses dans son offre.<br \/>\nCertaines cha\u00eenes ou bouquets peuvent \u00eatre temporairement indisponibles, ceci est totalement ind\u00e9pendant de notre volont\u00e9<br \/>\nAucune garantie sur la disponibilit\u00e9 des services ou des forfaits pendant la dur\u00e9e de l\\&rsquo;abonnement.<\/p>","protected":false},"excerpt":{"rendered":"<p>Avant Commander demande le test sur:<\/p>\n<p>WHATSAPP: +212706797762<\/p>\n<p>TELEGRAM: SAIDSD19<\/p>\n<p>\u2013 D\u00e9lai de livraison : 1 \u00e0 60 minutes (heures ouvrables)<br \/>\n&#8211; aucun remboursement sous aucune condition<\/p>","protected":false},"featured_media":7794,"comment_status":"open","ping_status":"closed","template":"","meta":{"_uag_custom_page_level_css":""},"product_brand":[],"product_cat":[195],"product_tag":[196],"class_list":{"0":"post-6474","1":"product","2":"type-product","3":"status-publish","4":"has-post-thumbnail","6":"product_cat-sharing","7":"product_tag-abonnement-6-mois-au-forfait-vip","9":"first","10":"instock","11":"virtual","12":"taxable","13":"purchasable","14":"product-type-simple"},"uagb_featured_image_src":{"full":["https:\/\/abonnementiptv.cc\/wp-content\/uploads\/2024\/11\/Abonnement-6-mois-au-FORFAIT-VIP-1.webp",200,273,false],"thumbnail":["https:\/\/abonnementiptv.cc\/wp-content\/uploads\/2024\/11\/Abonnement-6-mois-au-FORFAIT-VIP-1-150x150.webp",150,150,true],"medium":["https:\/\/abonnementiptv.cc\/wp-content\/uploads\/2024\/11\/Abonnement-6-mois-au-FORFAIT-VIP-1.webp",200,273,false],"medium_large":["https:\/\/abonnementiptv.cc\/wp-content\/uploads\/2024\/11\/Abonnement-6-mois-au-FORFAIT-VIP-1.webp",200,273,false],"large":["https:\/\/abonnementiptv.cc\/wp-content\/uploads\/2024\/11\/Abonnement-6-mois-au-FORFAIT-VIP-1.webp",200,273,false],"1536x1536":["https:\/\/abonnementiptv.cc\/wp-content\/uploads\/2024\/11\/Abonnement-6-mois-au-FORFAIT-VIP-1.webp",200,273,false],"2048x2048":["https:\/\/abonnementiptv.cc\/wp-content\/uploads\/2024\/11\/Abonnement-6-mois-au-FORFAIT-VIP-1.webp",200,273,false],"trp-custom-language-flag":["https:\/\/abonnementiptv.cc\/wp-content\/uploads\/2024\/11\/Abonnement-6-mois-au-FORFAIT-VIP-1.webp",9,12,false],"woocommerce_thumbnail":["https:\/\/abonnementiptv.cc\/wp-content\/uploads\/2024\/11\/Abonnement-6-mois-au-FORFAIT-VIP-1.webp",200,273,false],"woocommerce_single":["https:\/\/abonnementiptv.cc\/wp-content\/uploads\/2024\/11\/Abonnement-6-mois-au-FORFAIT-VIP-1.webp",200,273,false],"woocommerce_gallery_thumbnail":["https:\/\/abonnementiptv.cc\/wp-content\/uploads\/2024\/11\/Abonnement-6-mois-au-FORFAIT-VIP-1-100x100.webp",100,100,true]},"uagb_author_info":{"display_name":"abonnementiptv","author_link":"https:\/\/abonnementiptv.cc\/en\/author\/"},"uagb_comment_info":0,"uagb_excerpt":"Avant Commander demande le test sur: WHATSAPP: +212706797762 TELEGRAM: SAIDSD19 \u2013 D\u00e9lai de livraison : 1 \u00e0 60 minutes (heures ouvrables) - aucun remboursement sous aucune condition","_links":{"self":[{"href":"https:\/\/abonnementiptv.cc\/en\/wp-json\/wp\/v2\/product\/6474","targetHints":{"allow":["GET"]}}],"collection":[{"href":"https:\/\/abonnementiptv.cc\/en\/wp-json\/wp\/v2\/product"}],"about":[{"href":"https:\/\/abonnementiptv.cc\/en\/wp-json\/wp\/v2\/types\/product"}],"replies":[{"embeddable":true,"href":"https:\/\/abonnementiptv.cc\/en\/wp-json\/wp\/v2\/comments?post=6474"}],"wp:featuredmedia":[{"embeddable":true,"href":"https:\/\/abonnementiptv.cc\/en\/wp-json\/wp\/v2\/media\/7794"}],"wp:attachment":[{"href":"https:\/\/abonnementiptv.cc\/en\/wp-json\/wp\/v2\/media?parent=6474"}],"wp:term":[{"taxonomy":"product_brand","embeddable":true,"href":"https:\/\/abonnementiptv.cc\/en\/wp-json\/wp\/v2\/product_brand?post=6474"},{"taxonomy":"product_cat","embeddable":true,"href":"https:\/\/abonnementiptv.cc\/en\/wp-json\/wp\/v2\/product_cat?post=6474"},{"taxonomy":"product_tag","embeddable":true,"href":"https:\/\/abonnementiptv.cc\/en\/wp-json\/wp\/v2\/product_tag?post=6474"}],"curies":[{"name":"wp","href":"https:\/\/api.w.org\/{rel}","templated":true}]}}