{"id":6476,"date":"2024-11-13T01:03:18","date_gmt":"2024-11-13T01:03:18","guid":{"rendered":"https:\/\/abonnementiptv.cc\/produit\/activation-du-serveur-nashare\/"},"modified":"2025-07-03T19:07:41","modified_gmt":"2025-07-03T17:07:41","slug":"activation-du-serveur-nashare","status":"publish","type":"product","link":"https:\/\/abonnementiptv.cc\/en\/product\/activation-du-serveur-nashare\/","title":{"rendered":"Activation du serveur Nashare"},"content":{"rendered":"<p>NASHARE V2 PREMIER PLUS = cha\u00eenes de base + OSN + DSTV + beIN SPORTS<\/p>\n<p>&#8211; D\u00e9lai de livraison : 1 \u00e0 6 heures (heures ouvrables).<br \/>\n&#8211; Contactez-nous pour v\u00e9rifier le num\u00e9ro de s\u00e9rie avant de commander.<\/p>\n<p>D\u00e9bloquez des cha\u00eenes TV Premium avec l\\&rsquo;abonnement Nashare 2<\/p>\n<p>Am\u00e9liorez votre exp\u00e9rience de visionnage avec l\\&rsquo;abonnement au serveur Nashare 2, votre passerelle vers une vaste gamme de cha\u00eenes TV premium. Que vous soyez un fanatique de sport, un cin\u00e9phile ou que vous aimiez simplement regarder divers contenus internationaux, Nashare 2 est l\u00e0 pour vous.<\/p>\n<p>Nashare 2 (premier) : cha\u00eene de base + OSN + DSTV<\/p>\n<p>Principales caract\u00e9ristiques :<\/p>\n<p>Large compatibilit\u00e9 : fonctionne parfaitement avec de nombreux r\u00e9cepteurs satellite populaires, notamment Sunplus, Royal, Fortec, Sonic, Super X et Senator.<br \/>\nCha\u00eenes Premium : acc\u00e9dez \u00e0 une vari\u00e9t\u00e9 de cha\u00eenes \u00e0 forte demande, notamment DSTV et BeIN Sports, entre autres.<br \/>\nPlans d\\&rsquo;abonnement flexibles : choisissez parmi diff\u00e9rentes dur\u00e9es d\\&rsquo;abonnement en fonction de vos besoins, de 1 mois \u00e0 12 mois.<br \/>\nFran\u00e7ais:Activation facile : processus d\\&rsquo;activation rapide et simple avec une simple saisie de code sur votre r\u00e9cepteur.<br \/>\nCouverture mondiale : profitez d\\&rsquo;un service ininterrompu dans le monde entier, vous assurant de rester connect\u00e9 \u00e0 vos \u00e9missions pr\u00e9f\u00e9r\u00e9es o\u00f9 que vous soyez.<br \/>\nComment commander :<\/p>\n<p>V\u00e9rifiez la compatibilit\u00e9 : assurez-vous que votre r\u00e9cepteur satellite prend en charge le serveur Nashare 2.<\/p>\n<p>Choisissez la dur\u00e9e de l\\&rsquo;abonnement : s\u00e9lectionnez la dur\u00e9e qui correspond le mieux \u00e0 vos besoins (1 mois, 3 mois, 12 mois, etc.).<\/p>\n<p>Fournissez les informations sur l\\&rsquo;appareil : saisissez le num\u00e9ro de s\u00e9rie de votre r\u00e9cepteur lors du paiement.<\/p>\n<p>Recevez le code d\\&rsquo;activation : apr\u00e8s l\\&rsquo;achat, nous activerons directement votre appareil.<\/p>\n<p>Pourquoi choisir Nashare V2 ?<\/p>\n<p>Service fiable : des milliers d\\&rsquo;utilisateurs dans le monde entier lui font confiance pour son service stable et de haute qualit\u00e9.<br \/>\nPrix abordables : des prix comp\u00e9titifs qui offrent un excellent rapport qualit\u00e9-prix pour un contenu premium.<br \/>\nAssistance client\u00e8le : une assistance d\u00e9di\u00e9e pour vous aider en cas de probl\u00e8me ou de question.<br \/>\nImportant :<\/p>\n<p>Le fournisseur de service est le seul responsable de la disponibilit\u00e9 des cha\u00eenes incluses dans le forfait.<br \/>\nNous ne sommes pas responsables de tout changement pouvant survenir.<br \/>\nUtilisez le service \u00e0 vos propres risques.<\/p>","protected":false},"excerpt":{"rendered":"<p>Avant Commander demande le test sur:<\/p>\n<p>WHATSAPP: +212706797762<\/p>\n<p>TELEGRAM: SAIDSD19<\/p>\n<p>\u2013 D\u00e9lai de livraison : 1 \u00e0 60 minutes (heures ouvrables)<br \/>\n\u2013 (Forever Se, Forever Pro, F-share)<br \/>\n-aucun remboursement sous aucune condition<br \/>\n-nous ne sommes pas responsables si le serveur cesse de fonctionner avant la date d\\&rsquo;expiration.<\/p>","protected":false},"featured_media":7800,"comment_status":"open","ping_status":"closed","template":"","meta":{"_uag_custom_page_level_css":""},"product_brand":[],"product_cat":[195],"product_tag":[197],"class_list":{"0":"post-6476","1":"product","2":"type-product","3":"status-publish","4":"has-post-thumbnail","6":"product_cat-sharing","7":"product_tag-nashare","9":"first","10":"instock","11":"virtual","12":"taxable","13":"purchasable","14":"product-type-simple"},"uagb_featured_image_src":{"full":["https:\/\/abonnementiptv.cc\/wp-content\/uploads\/2024\/11\/Nashare-1.png",280,210,false],"thumbnail":["https:\/\/abonnementiptv.cc\/wp-content\/uploads\/2024\/11\/Nashare-1-150x150.png",150,150,true],"medium":["https:\/\/abonnementiptv.cc\/wp-content\/uploads\/2024\/11\/Nashare-1.png",280,210,false],"medium_large":["https:\/\/abonnementiptv.cc\/wp-content\/uploads\/2024\/11\/Nashare-1.png",280,210,false],"large":["https:\/\/abonnementiptv.cc\/wp-content\/uploads\/2024\/11\/Nashare-1.png",280,210,false],"1536x1536":["https:\/\/abonnementiptv.cc\/wp-content\/uploads\/2024\/11\/Nashare-1.png",280,210,false],"2048x2048":["https:\/\/abonnementiptv.cc\/wp-content\/uploads\/2024\/11\/Nashare-1.png",280,210,false],"trp-custom-language-flag":["https:\/\/abonnementiptv.cc\/wp-content\/uploads\/2024\/11\/Nashare-1.png",16,12,false],"woocommerce_thumbnail":["https:\/\/abonnementiptv.cc\/wp-content\/uploads\/2024\/11\/Nashare-1.png",280,210,false],"woocommerce_single":["https:\/\/abonnementiptv.cc\/wp-content\/uploads\/2024\/11\/Nashare-1.png",280,210,false],"woocommerce_gallery_thumbnail":["https:\/\/abonnementiptv.cc\/wp-content\/uploads\/2024\/11\/Nashare-1-100x100.png",100,100,true]},"uagb_author_info":{"display_name":"abonnementiptv","author_link":"https:\/\/abonnementiptv.cc\/en\/author\/"},"uagb_comment_info":0,"uagb_excerpt":"Avant Commander demande le test sur: WHATSAPP: +212706797762 TELEGRAM: SAIDSD19 \u2013 D\u00e9lai de livraison : 1 \u00e0 60 minutes (heures ouvrables) \u2013 (Forever Se, Forever Pro, F-share) -aucun remboursement sous aucune condition -nous ne sommes pas responsables si le serveur cesse de fonctionner avant la date d\\'expiration.","_links":{"self":[{"href":"https:\/\/abonnementiptv.cc\/en\/wp-json\/wp\/v2\/product\/6476","targetHints":{"allow":["GET"]}}],"collection":[{"href":"https:\/\/abonnementiptv.cc\/en\/wp-json\/wp\/v2\/product"}],"about":[{"href":"https:\/\/abonnementiptv.cc\/en\/wp-json\/wp\/v2\/types\/product"}],"replies":[{"embeddable":true,"href":"https:\/\/abonnementiptv.cc\/en\/wp-json\/wp\/v2\/comments?post=6476"}],"wp:featuredmedia":[{"embeddable":true,"href":"https:\/\/abonnementiptv.cc\/en\/wp-json\/wp\/v2\/media\/7800"}],"wp:attachment":[{"href":"https:\/\/abonnementiptv.cc\/en\/wp-json\/wp\/v2\/media?parent=6476"}],"wp:term":[{"taxonomy":"product_brand","embeddable":true,"href":"https:\/\/abonnementiptv.cc\/en\/wp-json\/wp\/v2\/product_brand?post=6476"},{"taxonomy":"product_cat","embeddable":true,"href":"https:\/\/abonnementiptv.cc\/en\/wp-json\/wp\/v2\/product_cat?post=6476"},{"taxonomy":"product_tag","embeddable":true,"href":"https:\/\/abonnementiptv.cc\/en\/wp-json\/wp\/v2\/product_tag?post=6476"}],"curies":[{"name":"wp","href":"https:\/\/api.w.org\/{rel}","templated":true}]}}