{"id":6478,"date":"2024-11-13T01:18:53","date_gmt":"2024-11-13T01:18:53","guid":{"rendered":"https:\/\/abonnementiptv.cc\/produit\/gtmedia-mars-iks\/"},"modified":"2024-11-29T20:43:00","modified_gmt":"2024-11-29T19:43:00","slug":"gtmedia-mars-iks","status":"publish","type":"product","link":"https:\/\/abonnementiptv.cc\/en\/product\/gtmedia-mars-iks\/","title":{"rendered":"GTMEDIA &#8211; MARS IKS"},"content":{"rendered":"<p>Si vous avez GTmedia V8 UHD, vous l\\&rsquo;obtiendrez SKY DE , SKY UK<\/p>\n<p>GTmedia Mars (COMBO, V8 UHD ,V8X ,V7 PRO, V9Prime ,X8)<br \/>\nMars iks C\\&rsquo;est un serveur pour les appareils Gtmedia comme Gtmedia V8 UHD , Il ouvre des cha\u00eenes dans de nombreux satellites\u2026.\u201d<\/p>\n<p>Comment ajouter le serveur MARS IKS \u00e0 GTmedia :<br \/>\nGtmedia V8 UHD : rechercher dans Google<\/p>\n<p>Gtmedia V8X : rechercher dans Google<\/p>\n<p>Gtmedia V9 Prime : rechercher dans Google<\/p>\n<p>Gtmedia V7 Pro : rechercher dans Google<\/p>\n<p>Cha\u00eenes ouvertes par le Mars<br \/>\n*le fournisseur reste seul responsable du contenu de ses forfaits et de la disponibilit\u00e9 des cha\u00eenes incluses dans son offre.<\/p>\n<p>*Certaines cha\u00eenes ou forfaits peuvent \u00eatre temporairement indisponibles, cela est totalement ind\u00e9pendant de notre volont\u00e9.<\/p>\n<p>Important :<\/p>\n<p>*Une fois le BOX-ID renouvel\u00e9, nous ne pouvons plus annuler l\\&rsquo;achat.<\/p>\n<p>Le package VIP ouvre tout sur le serveur : sur Nilsat 7\u00b0W : BE-I -N SPORTS +( SP+ SERVER+apollo tv)<br \/>\nLe package VIP ouvre tout sur le serveur : sur Badr 26\u00b0E : BE-I -N SPORTS+( SP+ SERVER+apollotv)<br \/>\nLe package VIP ouvre tout sur le serveur : sur Eutelsat 36\u00b0E : DSTV +( SP+ SERVER+apollotv)<br \/>\nAF-VIP (Africa VIP) : il est destin\u00e9 \u00e0 l\\&rsquo;Afrique subsaharienne et n\\&rsquo;est ouvert que sur certains packages africains comme DSTV<\/p>\n<p><img decoding=\"async\" class=\"\\&quot;aligncenter\" src=\"\\&quot;https:\/\/free-iptv-503e93.ingress-earth.ewp.live\/wp-content\/uploads\/2024\/11\/mars-iks.png\\&quot;\" alt=\"\\&quot;GTMEDIA\" width=\"\\&quot;1200\\&quot;\" height=\"\\&quot;1200\\&quot;\" \/><\/p>","protected":false},"excerpt":{"rendered":"<p>Avant Commander demande le test sur:<\/p>\n<p>WHATSAPP: +212706797762<\/p>\n<p>TELEGRAM: SAIDSD19<\/p>\n<p>\u2013 D\u00e9lai de livraison : 1 \u00e0 60 minutes (heures ouvrables)<br \/>\n\u2013 (Forever Se, Forever Pro, F-share)<br \/>\n-aucun remboursement sous aucune condition<br \/>\n-nous ne sommes pas responsables si le serveur cesse de fonctionner avant la date d\u2019expiration.<\/p>","protected":false},"featured_media":7832,"comment_status":"open","ping_status":"closed","template":"","meta":{"_uag_custom_page_level_css":""},"product_brand":[],"product_cat":[195],"product_tag":[198],"class_list":{"0":"post-6478","1":"product","2":"type-product","3":"status-publish","4":"has-post-thumbnail","6":"product_cat-sharing","7":"product_tag-mars-iks","9":"first","10":"instock","11":"virtual","12":"taxable","13":"purchasable","14":"product-type-simple"},"uagb_featured_image_src":{"full":["https:\/\/abonnementiptv.cc\/wp-content\/uploads\/2024\/11\/mars-iks-1.png",1200,1200,false],"thumbnail":["https:\/\/abonnementiptv.cc\/wp-content\/uploads\/2024\/11\/mars-iks-1-150x150.png",150,150,true],"medium":["https:\/\/abonnementiptv.cc\/wp-content\/uploads\/2024\/11\/mars-iks-1-300x300.png",300,300,true],"medium_large":["https:\/\/abonnementiptv.cc\/wp-content\/uploads\/2024\/11\/mars-iks-1-768x768.png",768,768,true],"large":["https:\/\/abonnementiptv.cc\/wp-content\/uploads\/2024\/11\/mars-iks-1-1024x1024.png",1024,1024,true],"1536x1536":["https:\/\/abonnementiptv.cc\/wp-content\/uploads\/2024\/11\/mars-iks-1.png",1200,1200,false],"2048x2048":["https:\/\/abonnementiptv.cc\/wp-content\/uploads\/2024\/11\/mars-iks-1.png",1200,1200,false],"trp-custom-language-flag":["https:\/\/abonnementiptv.cc\/wp-content\/uploads\/2024\/11\/mars-iks-1.png",12,12,false],"woocommerce_thumbnail":["https:\/\/abonnementiptv.cc\/wp-content\/uploads\/2024\/11\/mars-iks-1-300x300.png",300,300,true],"woocommerce_single":["https:\/\/abonnementiptv.cc\/wp-content\/uploads\/2024\/11\/mars-iks-1-600x600.png",600,600,true],"woocommerce_gallery_thumbnail":["https:\/\/abonnementiptv.cc\/wp-content\/uploads\/2024\/11\/mars-iks-1-100x100.png",100,100,true]},"uagb_author_info":{"display_name":"abonnementiptv","author_link":"https:\/\/abonnementiptv.cc\/en\/author\/"},"uagb_comment_info":0,"uagb_excerpt":"Avant Commander demande le test sur: WHATSAPP: +212706797762 TELEGRAM: SAIDSD19 \u2013 D\u00e9lai de livraison : 1 \u00e0 60 minutes (heures ouvrables) \u2013 (Forever Se, Forever Pro, F-share) -aucun remboursement sous aucune condition -nous ne sommes pas responsables si le serveur cesse de fonctionner avant la date d\u2019expiration.","_links":{"self":[{"href":"https:\/\/abonnementiptv.cc\/en\/wp-json\/wp\/v2\/product\/6478","targetHints":{"allow":["GET"]}}],"collection":[{"href":"https:\/\/abonnementiptv.cc\/en\/wp-json\/wp\/v2\/product"}],"about":[{"href":"https:\/\/abonnementiptv.cc\/en\/wp-json\/wp\/v2\/types\/product"}],"replies":[{"embeddable":true,"href":"https:\/\/abonnementiptv.cc\/en\/wp-json\/wp\/v2\/comments?post=6478"}],"wp:featuredmedia":[{"embeddable":true,"href":"https:\/\/abonnementiptv.cc\/en\/wp-json\/wp\/v2\/media\/7832"}],"wp:attachment":[{"href":"https:\/\/abonnementiptv.cc\/en\/wp-json\/wp\/v2\/media?parent=6478"}],"wp:term":[{"taxonomy":"product_brand","embeddable":true,"href":"https:\/\/abonnementiptv.cc\/en\/wp-json\/wp\/v2\/product_brand?post=6478"},{"taxonomy":"product_cat","embeddable":true,"href":"https:\/\/abonnementiptv.cc\/en\/wp-json\/wp\/v2\/product_cat?post=6478"},{"taxonomy":"product_tag","embeddable":true,"href":"https:\/\/abonnementiptv.cc\/en\/wp-json\/wp\/v2\/product_tag?post=6478"}],"curies":[{"name":"wp","href":"https:\/\/api.w.org\/{rel}","templated":true}]}}